{"id":50,"date":"2025-02-21T09:44:53","date_gmt":"2025-02-21T09:44:53","guid":{"rendered":"https:\/\/joycefoundation.ch\/?page_id=50"},"modified":"2025-12-20T22:01:16","modified_gmt":"2025-12-20T22:01:16","slug":"events","status":"publish","type":"page","link":"https:\/\/joycefoundation.ch\/de\/news-events\/events\/","title":{"rendered":"Events"},"content":{"rendered":"<div class=\"wp-block-query is-layout-flow wp-block-query-is-layout-flow\">\n<div class=\"wp-block-query is-layout-flow wp-block-query-is-layout-flow\"><ul class=\"columns-3 wp-block-post-template is-layout-grid wp-container-core-post-template-is-layout-6d3fbd8f wp-block-post-template-is-layout-grid\"><li class=\"wp-block-post post-4384 post type-post status-publish format-standard has-post-thumbnail hentry category-event\">\n\n<div class=\"wp-block-group is-layout-flow wp-block-group-is-layout-flow\" style=\"padding-top:30px;padding-right:30px;padding-bottom:30px;padding-left:30px\"><h3 class=\"wp-block-post-title\"><a href=\"https:\/\/joycefoundation.ch\/de\/10-04-2026-book-launch-with-arianna-autieri\/\" target=\"_self\" >10.04.2026: Book Launch with Arianna Autieri<\/a><\/h3>\n\n<figure style=\"aspect-ratio:3\/2;\" class=\"wp-block-post-featured-image\"><img loading=\"lazy\" decoding=\"async\" width=\"510\" height=\"300\" src=\"https:\/\/joycefoundation.ch\/wp-content\/uploads\/2026\/02\/Autieri_Arianna-Book_Launch.jpg\" class=\"attachment-post-thumbnail size-post-thumbnail wp-post-image\" alt=\"\" style=\"border-radius:16px;width:100%;height:100%;object-fit:cover;\" srcset=\"https:\/\/joycefoundation.ch\/wp-content\/uploads\/2026\/02\/Autieri_Arianna-Book_Launch.jpg 510w, https:\/\/joycefoundation.ch\/wp-content\/uploads\/2026\/02\/Autieri_Arianna-Book_Launch-300x176.jpg 300w, https:\/\/joycefoundation.ch\/wp-content\/uploads\/2026\/02\/Autieri_Arianna-Book_Launch-18x12.jpg 18w\" sizes=\"auto, (max-width: 510px) 100vw, 510px\" \/><\/figure>\n\n<div class=\"wp-block-post-excerpt\"><p class=\"wp-block-post-excerpt__excerpt\">The Zurich James Joyce Foundation is proud to host a book launch with Arianna Autieri, celebrating the publication of James Joyce&#8217;s Music Performed: The &#8216;Sirens&#8217; Fugue in Experimental Re-Translation. Fugues are complex musical compositions whose intricate contrapuntal texture enchants listeners and performers alike: but how can they be composed from written words, silent on the<\/p><p class=\"wp-block-post-excerpt__more-text\"><a class=\"wp-block-post-excerpt__more-link\" href=\"https:\/\/joycefoundation.ch\/de\/10-04-2026-book-launch-with-arianna-autieri\/\">read more<\/a><\/p><\/div><\/div>\n\n<\/li><li class=\"wp-block-post post-4259 post type-post status-publish format-standard has-post-thumbnail hentry category-event\">\n\n<div class=\"wp-block-group is-layout-flow wp-block-group-is-layout-flow\" style=\"padding-top:30px;padding-right:30px;padding-bottom:30px;padding-left:30px\"><h3 class=\"wp-block-post-title\"><a href=\"https:\/\/joycefoundation.ch\/de\/26-04-2026-auf-teufel-komm-raus\/\" target=\"_self\" >24.04.2026: Early Birds-Event: Auf Teufel komm raus!<\/a><\/h3>\n\n<figure style=\"aspect-ratio:3\/2;\" class=\"wp-block-post-featured-image\"><img loading=\"lazy\" decoding=\"async\" width=\"2260\" height=\"1272\" src=\"https:\/\/joycefoundation.ch\/wp-content\/uploads\/2025\/12\/Zurich_James_Joyce_Foundation-Auf_Teufel_komm_raus_Ungehorsam_24.04.2026.jpg\" class=\"attachment-post-thumbnail size-post-thumbnail wp-post-image\" alt=\"\" style=\"border-radius:16px;width:100%;height:100%;object-fit:cover;\" srcset=\"https:\/\/joycefoundation.ch\/wp-content\/uploads\/2025\/12\/Zurich_James_Joyce_Foundation-Auf_Teufel_komm_raus_Ungehorsam_24.04.2026.jpg 2260w, https:\/\/joycefoundation.ch\/wp-content\/uploads\/2025\/12\/Zurich_James_Joyce_Foundation-Auf_Teufel_komm_raus_Ungehorsam_24.04.2026-300x169.jpg 300w, https:\/\/joycefoundation.ch\/wp-content\/uploads\/2025\/12\/Zurich_James_Joyce_Foundation-Auf_Teufel_komm_raus_Ungehorsam_24.04.2026-1024x576.jpg 1024w, https:\/\/joycefoundation.ch\/wp-content\/uploads\/2025\/12\/Zurich_James_Joyce_Foundation-Auf_Teufel_komm_raus_Ungehorsam_24.04.2026-768x432.jpg 768w, https:\/\/joycefoundation.ch\/wp-content\/uploads\/2025\/12\/Zurich_James_Joyce_Foundation-Auf_Teufel_komm_raus_Ungehorsam_24.04.2026-1536x865.jpg 1536w, https:\/\/joycefoundation.ch\/wp-content\/uploads\/2025\/12\/Zurich_James_Joyce_Foundation-Auf_Teufel_komm_raus_Ungehorsam_24.04.2026-2048x1153.jpg 2048w, https:\/\/joycefoundation.ch\/wp-content\/uploads\/2025\/12\/Zurich_James_Joyce_Foundation-Auf_Teufel_komm_raus_Ungehorsam_24.04.2026-18x10.jpg 18w\" sizes=\"auto, (max-width: 2260px) 100vw, 2260px\" \/><\/figure>\n\n<div class=\"wp-block-post-excerpt\"><p class=\"wp-block-post-excerpt__excerpt\">\u00abNon serviam!\u00bb ruft Stephen Dedalus in James Joyces Ulysses \u2013 und zitiert damit Luzifer, den Ur-Rebellen der christlichen Welt: \u00abIch werde nicht dienen!\u00bb Im Vorg\u00e4ngerroman Ein Portr\u00e4t des K\u00fcnstlers als junger Mann f\u00fchrt Stephen genauer aus: \u00abIch will nicht dem dienen, woran ich nicht l\u00e4nger glaube, nenne es sich nun mein Zuhause, mein Vaterland oder<\/p><p class=\"wp-block-post-excerpt__more-text\"><a class=\"wp-block-post-excerpt__more-link\" href=\"https:\/\/joycefoundation.ch\/de\/26-04-2026-auf-teufel-komm-raus\/\">read more<\/a><\/p><\/div><\/div>\n\n<\/li><li class=\"wp-block-post post-4653 post type-post status-publish format-standard has-post-thumbnail hentry category-event\">\n\n<div class=\"wp-block-group is-layout-flow wp-block-group-is-layout-flow\" style=\"padding-top:30px;padding-right:30px;padding-bottom:30px;padding-left:30px\"><h3 class=\"wp-block-post-title\"><a href=\"https:\/\/joycefoundation.ch\/de\/25-04-2026-seine-gichtigen-klauen-plumpsten-akkorde\/\" target=\"_self\" >25.04.2026: \u00abSeine gichtigen Klauen plumpsten Akkorde\u00bb<\/a><\/h3>\n\n<figure style=\"aspect-ratio:3\/2;\" class=\"wp-block-post-featured-image\"><img loading=\"lazy\" decoding=\"async\" width=\"750\" height=\"445\" src=\"https:\/\/joycefoundation.ch\/wp-content\/uploads\/2026\/03\/Konzertabend-1.jpg\" class=\"attachment-post-thumbnail size-post-thumbnail wp-post-image\" alt=\"\" style=\"border-radius:16px;width:100%;height:100%;object-fit:cover;\" srcset=\"https:\/\/joycefoundation.ch\/wp-content\/uploads\/2026\/03\/Konzertabend-1.jpg 750w, https:\/\/joycefoundation.ch\/wp-content\/uploads\/2026\/03\/Konzertabend-1-300x178.jpg 300w, https:\/\/joycefoundation.ch\/wp-content\/uploads\/2026\/03\/Konzertabend-1-18x12.jpg 18w\" sizes=\"auto, (max-width: 750px) 100vw, 750px\" \/><\/figure>\n\n<div class=\"wp-block-post-excerpt\"><p class=\"wp-block-post-excerpt__excerpt\">Als der Musiker und K\u00fcnstler Roman Rutishauser diesen Satz im Ulysses von James Joyce entdeckte, war er begeistert: Wie oft krampft man vergeblich nach Worten, um Musik zu beschreiben, nur um einmal mehr feststellen zu m\u00fcssen, dass es daf\u00fcr letztlich keine Worte gibt. Umso deutlicher h\u00f6rt man beim Lesen f\u00f6rmlich das Bild vom Klavierspieler und<\/p><p class=\"wp-block-post-excerpt__more-text\"><a class=\"wp-block-post-excerpt__more-link\" href=\"https:\/\/joycefoundation.ch\/de\/25-04-2026-seine-gichtigen-klauen-plumpsten-akkorde\/\">read more<\/a><\/p><\/div><\/div>\n\n<\/li><li class=\"wp-block-post post-4627 post type-post status-publish format-standard has-post-thumbnail hentry category-event\">\n\n<div class=\"wp-block-group is-layout-flow wp-block-group-is-layout-flow\" style=\"padding-top:30px;padding-right:30px;padding-bottom:30px;padding-left:30px\"><h3 class=\"wp-block-post-title\"><a href=\"https:\/\/joycefoundation.ch\/de\/09-05-2026-irish-voices-iii-lisa-mcinerney\/\" target=\"_self\" >09.05.2026: Irish Voices (III) \u2013 Lisa McInerney<\/a><\/h3>\n\n<figure style=\"aspect-ratio:3\/2;\" class=\"wp-block-post-featured-image\"><img loading=\"lazy\" decoding=\"async\" width=\"940\" height=\"627\" src=\"https:\/\/joycefoundation.ch\/wp-content\/uploads\/2026\/03\/Lisa.webp\" class=\"attachment-post-thumbnail size-post-thumbnail wp-post-image\" alt=\"\" style=\"border-radius:16px;width:100%;height:100%;object-fit:cover;\" srcset=\"https:\/\/joycefoundation.ch\/wp-content\/uploads\/2026\/03\/Lisa.webp 940w, https:\/\/joycefoundation.ch\/wp-content\/uploads\/2026\/03\/Lisa-300x200.webp 300w, https:\/\/joycefoundation.ch\/wp-content\/uploads\/2026\/03\/Lisa-768x512.webp 768w, https:\/\/joycefoundation.ch\/wp-content\/uploads\/2026\/03\/Lisa-18x12.webp 18w\" sizes=\"auto, (max-width: 940px) 100vw, 940px\" \/><\/figure>\n\n<div class=\"wp-block-post-excerpt\"><p class=\"wp-block-post-excerpt__excerpt\">Join us for a free reading and discussion with Lisa McInerney, author of the award-winning Cork trilogy The Glorious Heresies, organized by the UZH Swiss Centre of Irish Studies. Lisa began her writing career with the blog The Arse End of Ireland, which chronicled an Ireland &#8220;populated by chancers, boy racers, beleaguered mammies, local hard<\/p><p class=\"wp-block-post-excerpt__more-text\"><a class=\"wp-block-post-excerpt__more-link\" href=\"https:\/\/joycefoundation.ch\/de\/09-05-2026-irish-voices-iii-lisa-mcinerney\/\">read more<\/a><\/p><\/div><\/div>\n\n<\/li><li class=\"wp-block-post post-4305 post type-post status-publish format-standard has-post-thumbnail hentry category-event\">\n\n<div class=\"wp-block-group is-layout-flow wp-block-group-is-layout-flow\" style=\"padding-top:30px;padding-right:30px;padding-bottom:30px;padding-left:30px\"><h3 class=\"wp-block-post-title\"><a href=\"https:\/\/joycefoundation.ch\/de\/08-05-2026-online-lecture-on-finnegans-wake-with-pol-vouillamoz\/\" target=\"_self\" >22.05.2026: Online Lecture with Pol Vouillamoz: Finnegans Wake<\/a><\/h3>\n\n<figure style=\"aspect-ratio:3\/2;\" class=\"wp-block-post-featured-image\"><img loading=\"lazy\" decoding=\"async\" width=\"274\" height=\"184\" src=\"https:\/\/joycefoundation.ch\/wp-content\/uploads\/2026\/01\/Pol-Vouillamoz.jpg\" class=\"attachment-post-thumbnail size-post-thumbnail wp-post-image\" alt=\"\" style=\"border-radius:16px;width:100%;height:100%;object-fit:cover;\" srcset=\"https:\/\/joycefoundation.ch\/wp-content\/uploads\/2026\/01\/Pol-Vouillamoz.jpg 274w, https:\/\/joycefoundation.ch\/wp-content\/uploads\/2026\/01\/Pol-Vouillamoz-18x12.jpg 18w\" sizes=\"auto, (max-width: 274px) 100vw, 274px\" \/><\/figure>\n\n<div class=\"wp-block-post-excerpt\"><p class=\"wp-block-post-excerpt__excerpt\">We are pleased to announce that Pol Vouillamoz, who has translated Finnegans Wake into Catalan, will be the second speaker in our new Online Lecture Series. Pol Vouillamoz\u2019s lecture \u201cFour Words for Joyce: A Babelian Act of Love\u201d will take place on Friday, May 22, 2026, at 6.30 p.m. Zurich time. In November 1982, Jacques<\/p><p class=\"wp-block-post-excerpt__more-text\"><a class=\"wp-block-post-excerpt__more-link\" href=\"https:\/\/joycefoundation.ch\/de\/08-05-2026-online-lecture-on-finnegans-wake-with-pol-vouillamoz\/\">read more<\/a><\/p><\/div><\/div>\n\n<\/li><li class=\"wp-block-post post-4648 post type-post status-publish format-standard has-post-thumbnail hentry category-event\">\n\n<div class=\"wp-block-group is-layout-flow wp-block-group-is-layout-flow\" style=\"padding-top:30px;padding-right:30px;padding-bottom:30px;padding-left:30px\"><h3 class=\"wp-block-post-title\"><a href=\"https:\/\/joycefoundation.ch\/de\/18-09-2026-online-lecture-with-nell-wasserstrom-finnegans-wake\/\" target=\"_self\" >18.09.2026: Online Lecture with Nell Wasserstrom: Finnegans Wake<\/a><\/h3>\n\n<figure style=\"aspect-ratio:3\/2;\" class=\"wp-block-post-featured-image\"><img loading=\"lazy\" decoding=\"async\" width=\"480\" height=\"322\" src=\"https:\/\/joycefoundation.ch\/wp-content\/uploads\/2026\/03\/1Bez-tytulu_narrow.jpg\" class=\"attachment-post-thumbnail size-post-thumbnail wp-post-image\" alt=\"\" style=\"border-radius:16px;width:100%;height:100%;object-fit:cover;\" srcset=\"https:\/\/joycefoundation.ch\/wp-content\/uploads\/2026\/03\/1Bez-tytulu_narrow.jpg 480w, https:\/\/joycefoundation.ch\/wp-content\/uploads\/2026\/03\/1Bez-tytulu_narrow-300x201.jpg 300w, https:\/\/joycefoundation.ch\/wp-content\/uploads\/2026\/03\/1Bez-tytulu_narrow-18x12.jpg 18w\" sizes=\"auto, (max-width: 480px) 100vw, 480px\" \/><\/figure>\n\n<div class=\"wp-block-post-excerpt\"><p class=\"wp-block-post-excerpt__excerpt\">We are pleased to announce that Nell Wasserstrom (University of Lausanne) will be the third speaker in our new Online Lecture Series. Nell Wasserstrom\u2019s lecture &#8220;&#8216;Passencore&#8217;: Figures of Belatedness in Finnegans Wake&#8221; will take place on Friday, September 18, 2026, at 6.30 p.m. Zurich time. This talk is part of a larger book project on<\/p><p class=\"wp-block-post-excerpt__more-text\"><a class=\"wp-block-post-excerpt__more-link\" href=\"https:\/\/joycefoundation.ch\/de\/18-09-2026-online-lecture-with-nell-wasserstrom-finnegans-wake\/\">read more<\/a><\/p><\/div><\/div>\n\n<\/li><li class=\"wp-block-post post-4320 post type-post status-publish format-standard has-post-thumbnail hentry category-event\">\n\n<div class=\"wp-block-group is-layout-flow wp-block-group-is-layout-flow\" style=\"padding-top:30px;padding-right:30px;padding-bottom:30px;padding-left:30px\"><h3 class=\"wp-block-post-title\"><a href=\"https:\/\/joycefoundation.ch\/de\/04-12-2026-online-lecture-with-valerie-benejam\/\" target=\"_self\" >04.12.2026: Online Lecture with Val\u00e9rie B\u00e9n\u00e9jam<\/a><\/h3>\n\n<figure style=\"aspect-ratio:3\/2;\" class=\"wp-block-post-featured-image\"><img loading=\"lazy\" decoding=\"async\" width=\"1000\" height=\"715\" src=\"https:\/\/joycefoundation.ch\/wp-content\/uploads\/2026\/01\/VB-Strasbourg-pic-small.jpg\" class=\"attachment-post-thumbnail size-post-thumbnail wp-post-image\" alt=\"\" style=\"border-radius:16px;width:100%;height:100%;object-fit:cover;\" srcset=\"https:\/\/joycefoundation.ch\/wp-content\/uploads\/2026\/01\/VB-Strasbourg-pic-small.jpg 1000w, https:\/\/joycefoundation.ch\/wp-content\/uploads\/2026\/01\/VB-Strasbourg-pic-small-300x215.jpg 300w, https:\/\/joycefoundation.ch\/wp-content\/uploads\/2026\/01\/VB-Strasbourg-pic-small-768x549.jpg 768w, https:\/\/joycefoundation.ch\/wp-content\/uploads\/2026\/01\/VB-Strasbourg-pic-small-18x12.jpg 18w\" sizes=\"auto, (max-width: 1000px) 100vw, 1000px\" \/><\/figure>\n\n<div class=\"wp-block-post-excerpt\"><p class=\"wp-block-post-excerpt__excerpt\">We are pleased to announce that Val\u00e9rie B\u00e9n\u00e9jam (Nantes Universit\u00e9) will be third speaker in our new Online Lecture Series. Val\u00e9rie B\u00e9n\u00e9jam&#8217;s lecture \u201cJoyce and the Easiest Prejudice\u201d will take place on Friday, December 4, 2026, at 6.30 p.m. Zurich time. After the German invasion of France, and while Joyce was trying to be admitted<\/p><p class=\"wp-block-post-excerpt__more-text\"><a class=\"wp-block-post-excerpt__more-link\" href=\"https:\/\/joycefoundation.ch\/de\/04-12-2026-online-lecture-with-valerie-benejam\/\">read more<\/a><\/p><\/div><\/div>\n\n<\/li><\/ul><\/div>\n\n\n\n<p><\/p>\n<\/div>","protected":false},"excerpt":{"rendered":"","protected":false},"author":1,"featured_media":0,"parent":19,"menu_order":0,"comment_status":"closed","ping_status":"closed","template":"wp-custom-template-one-column","meta":{"_acf_changed":false,"footnotes":""},"class_list":["post-50","page","type-page","status-publish","hentry"],"acf":[],"_links":{"self":[{"href":"https:\/\/joycefoundation.ch\/de\/wp-json\/wp\/v2\/pages\/50","targetHints":{"allow":["GET"]}}],"collection":[{"href":"https:\/\/joycefoundation.ch\/de\/wp-json\/wp\/v2\/pages"}],"about":[{"href":"https:\/\/joycefoundation.ch\/de\/wp-json\/wp\/v2\/types\/page"}],"author":[{"embeddable":true,"href":"https:\/\/joycefoundation.ch\/de\/wp-json\/wp\/v2\/users\/1"}],"replies":[{"embeddable":true,"href":"https:\/\/joycefoundation.ch\/de\/wp-json\/wp\/v2\/comments?post=50"}],"version-history":[{"count":24,"href":"https:\/\/joycefoundation.ch\/de\/wp-json\/wp\/v2\/pages\/50\/revisions"}],"predecessor-version":[{"id":4264,"href":"https:\/\/joycefoundation.ch\/de\/wp-json\/wp\/v2\/pages\/50\/revisions\/4264"}],"up":[{"embeddable":true,"href":"https:\/\/joycefoundation.ch\/de\/wp-json\/wp\/v2\/pages\/19"}],"wp:attachment":[{"href":"https:\/\/joycefoundation.ch\/de\/wp-json\/wp\/v2\/media?parent=50"}],"curies":[{"name":"wp","href":"https:\/\/api.w.org\/{rel}","templated":true}]}}