{"id":48,"date":"2025-02-21T09:44:45","date_gmt":"2025-02-21T09:44:45","guid":{"rendered":"https:\/\/joycefoundation.ch\/?page_id=48"},"modified":"2025-05-16T21:15:26","modified_gmt":"2025-05-16T21:15:26","slug":"news","status":"publish","type":"page","link":"https:\/\/joycefoundation.ch\/de\/news-events\/news\/","title":{"rendered":"News"},"content":{"rendered":"<div class=\"wp-block-query is-layout-flow wp-block-query-is-layout-flow\"><ul class=\"columns-3 wp-block-post-template is-layout-grid wp-container-core-post-template-is-layout-6d3fbd8f wp-block-post-template-is-layout-grid\"><li class=\"wp-block-post post-4640 post type-post status-publish format-standard has-post-thumbnail hentry category-news\">\n\n<div class=\"wp-block-group is-layout-flow wp-block-group-is-layout-flow\" style=\"padding-top:30px;padding-right:30px;padding-bottom:30px;padding-left:30px\"><h3 class=\"wp-block-post-title\"><a href=\"https:\/\/joycefoundation.ch\/de\/irish-voices-three-readings-with-irish-authors\/\" target=\"_self\" >Irish Voices: Three Readings with Irish Authors<\/a><\/h3>\n\n<figure style=\"aspect-ratio:3\/2;\" class=\"wp-block-post-featured-image\"><img loading=\"lazy\" decoding=\"async\" width=\"853\" height=\"579\" src=\"https:\/\/joycefoundation.ch\/wp-content\/uploads\/2026\/03\/Irish_Voices_2026_poster_small.jpg\" class=\"attachment-post-thumbnail size-post-thumbnail wp-post-image\" alt=\"\" style=\"border-radius:20px;width:100%;height:100%;object-fit:cover;\" srcset=\"https:\/\/joycefoundation.ch\/wp-content\/uploads\/2026\/03\/Irish_Voices_2026_poster_small.jpg 853w, https:\/\/joycefoundation.ch\/wp-content\/uploads\/2026\/03\/Irish_Voices_2026_poster_small-300x204.jpg 300w, https:\/\/joycefoundation.ch\/wp-content\/uploads\/2026\/03\/Irish_Voices_2026_poster_small-768x521.jpg 768w, https:\/\/joycefoundation.ch\/wp-content\/uploads\/2026\/03\/Irish_Voices_2026_poster_small-18x12.jpg 18w\" sizes=\"auto, (max-width: 853px) 100vw, 853px\" \/><\/figure>\n\n<div class=\"wp-block-post-excerpt\"><p class=\"wp-block-post-excerpt__excerpt\">Organized by the UZH Swiss Centre of Irish Studies, and hosted by the Zurich James Joyce Foundation. Details on the readings with Lucy Caldwell, Caoilinn Hughes, and Lisa McInerney can be found at:<\/p><p class=\"wp-block-post-excerpt__more-text\"><a class=\"wp-block-post-excerpt__more-link\" href=\"https:\/\/joycefoundation.ch\/de\/irish-voices-three-readings-with-irish-authors\/\">read more<\/a><\/p><\/div>\n\n<div class=\"wp-block-post-date\"><time datetime=\"2026-03-03T18:48:15+00:00\">M\u00e4rz 3, 2026<\/time><\/div><\/div>\n\n<\/li><li class=\"wp-block-post post-4402 post type-post status-publish format-standard has-post-thumbnail hentry category-news category-uncategorized\">\n\n<div class=\"wp-block-group is-layout-flow wp-block-group-is-layout-flow\" style=\"padding-top:30px;padding-right:30px;padding-bottom:30px;padding-left:30px\"><h3 class=\"wp-block-post-title\"><a href=\"https:\/\/joycefoundation.ch\/de\/zurich-workshop-2026-architecture-and-city-planning\/\" target=\"_self\" >Zurich Workshop 2026: &#8220;Architecture and City Planning&#8221;<\/a><\/h3>\n\n<figure style=\"aspect-ratio:3\/2;\" class=\"wp-block-post-featured-image\"><img loading=\"lazy\" decoding=\"async\" width=\"960\" height=\"540\" src=\"https:\/\/joycefoundation.ch\/wp-content\/uploads\/2025\/11\/D3OLBRBSFGU5WEURBXUFWXQKGY.jpg\" class=\"attachment-post-thumbnail size-post-thumbnail wp-post-image\" alt=\"\" style=\"border-radius:20px;width:100%;height:100%;object-fit:cover;\" srcset=\"https:\/\/joycefoundation.ch\/wp-content\/uploads\/2025\/11\/D3OLBRBSFGU5WEURBXUFWXQKGY.jpg 960w, https:\/\/joycefoundation.ch\/wp-content\/uploads\/2025\/11\/D3OLBRBSFGU5WEURBXUFWXQKGY-300x169.jpg 300w, https:\/\/joycefoundation.ch\/wp-content\/uploads\/2025\/11\/D3OLBRBSFGU5WEURBXUFWXQKGY-768x432.jpg 768w, https:\/\/joycefoundation.ch\/wp-content\/uploads\/2025\/11\/D3OLBRBSFGU5WEURBXUFWXQKGY-18x10.jpg 18w\" sizes=\"auto, (max-width: 960px) 100vw, 960px\" \/><\/figure>\n\n<div class=\"wp-block-post-excerpt\"><p class=\"wp-block-post-excerpt__excerpt\">The Zurich James Joyce Workshop 2026 on &#8220;Architecture and City Planning&#8221; takes place from August 3 to 7, 2026. From the role that the pantry plays in &#8220;The Dead&#8221; to the description of Stephen Dedalus&#8217;s school environment or the recurring focus on trains and tramlines in Ulysses, architecture and city planning feature prominently in Joyce&#8217;s<\/p><p class=\"wp-block-post-excerpt__more-text\"><a class=\"wp-block-post-excerpt__more-link\" href=\"https:\/\/joycefoundation.ch\/de\/zurich-workshop-2026-architecture-and-city-planning\/\">read more<\/a><\/p><\/div>\n\n<div class=\"wp-block-post-date\"><time datetime=\"2026-02-17T14:35:20+00:00\">Februar 17, 2026<\/time><\/div><\/div>\n\n<\/li><li class=\"wp-block-post post-4366 post type-post status-publish format-standard has-post-thumbnail hentry category-news\">\n\n<div class=\"wp-block-group is-layout-flow wp-block-group-is-layout-flow\" style=\"padding-top:30px;padding-right:30px;padding-bottom:30px;padding-left:30px\"><h3 class=\"wp-block-post-title\"><a href=\"https:\/\/joycefoundation.ch\/de\/vos-prize-for-translation-awarded-to-ulrich-blumenbach\/\" target=\"_self\" >Ulrich Blumenbach erh\u00e4lt Vo\u00df-Preis f\u00fcr \u00dcbersetzung<\/a><\/h3>\n\n<figure style=\"aspect-ratio:3\/2;\" class=\"wp-block-post-featured-image\"><img loading=\"lazy\" decoding=\"async\" width=\"1000\" height=\"680\" src=\"https:\/\/joycefoundation.ch\/wp-content\/uploads\/2026\/02\/20260210_Ulrich_Blumenbach_web.jpg\" class=\"attachment-post-thumbnail size-post-thumbnail wp-post-image\" alt=\"\" style=\"border-radius:20px;width:100%;height:100%;object-fit:cover;\" srcset=\"https:\/\/joycefoundation.ch\/wp-content\/uploads\/2026\/02\/20260210_Ulrich_Blumenbach_web.jpg 1000w, https:\/\/joycefoundation.ch\/wp-content\/uploads\/2026\/02\/20260210_Ulrich_Blumenbach_web-300x204.jpg 300w, https:\/\/joycefoundation.ch\/wp-content\/uploads\/2026\/02\/20260210_Ulrich_Blumenbach_web-768x522.jpg 768w, https:\/\/joycefoundation.ch\/wp-content\/uploads\/2026\/02\/20260210_Ulrich_Blumenbach_web-18x12.jpg 18w\" sizes=\"auto, (max-width: 1000px) 100vw, 1000px\" \/><\/figure>\n\n<div class=\"wp-block-post-excerpt\"><p class=\"wp-block-post-excerpt__excerpt\">Congratulations to Ulrich Blumenbach \u2013 who is currently working on a German translation of James Joyce&#8217;s final work, Finnegans Wake \u2013 on being awarded the prestigious Johann-Heinrich-Vo\u00df-Preis for translation! Ulrich Blumenbach receives this award in recognition of his many outstanding translations from English into German. He has previously received several other awards, including the Heinrich<\/p><p class=\"wp-block-post-excerpt__more-text\"><a class=\"wp-block-post-excerpt__more-link\" href=\"https:\/\/joycefoundation.ch\/de\/vos-prize-for-translation-awarded-to-ulrich-blumenbach\/\">read more<\/a><\/p><\/div>\n\n<div class=\"wp-block-post-date\"><time datetime=\"2026-02-10T18:13:21+00:00\">Februar 10, 2026<\/time><\/div><\/div>\n\n<\/li><li class=\"wp-block-post post-4312 post type-post status-publish format-standard has-post-thumbnail hentry category-news\">\n\n<div class=\"wp-block-group is-layout-flow wp-block-group-is-layout-flow\" style=\"padding-top:30px;padding-right:30px;padding-bottom:30px;padding-left:30px\"><h3 class=\"wp-block-post-title\"><a href=\"https:\/\/joycefoundation.ch\/de\/rte-broadcast-65th-anniversary-of-joyces-death\/\" target=\"_self\" >RT\u00c9 Broadcast: 65th Anniversary of Joyce&#8217;s Death<\/a><\/h3>\n\n<figure style=\"aspect-ratio:3\/2;\" class=\"wp-block-post-featured-image\"><img loading=\"lazy\" decoding=\"async\" width=\"1200\" height=\"675\" src=\"https:\/\/joycefoundation.ch\/wp-content\/uploads\/2026\/01\/20260113-Kevin-Reynolds-at-Joyces-Grave_2.jpg\" class=\"attachment-post-thumbnail size-post-thumbnail wp-post-image\" alt=\"\" style=\"border-radius:20px;width:100%;height:100%;object-fit:cover;\" srcset=\"https:\/\/joycefoundation.ch\/wp-content\/uploads\/2026\/01\/20260113-Kevin-Reynolds-at-Joyces-Grave_2.jpg 1200w, https:\/\/joycefoundation.ch\/wp-content\/uploads\/2026\/01\/20260113-Kevin-Reynolds-at-Joyces-Grave_2-300x169.jpg 300w, https:\/\/joycefoundation.ch\/wp-content\/uploads\/2026\/01\/20260113-Kevin-Reynolds-at-Joyces-Grave_2-1024x576.jpg 1024w, https:\/\/joycefoundation.ch\/wp-content\/uploads\/2026\/01\/20260113-Kevin-Reynolds-at-Joyces-Grave_2-768x432.jpg 768w, https:\/\/joycefoundation.ch\/wp-content\/uploads\/2026\/01\/20260113-Kevin-Reynolds-at-Joyces-Grave_2-18x10.jpg 18w\" sizes=\"auto, (max-width: 1200px) 100vw, 1200px\" \/><\/figure>\n\n<div class=\"wp-block-post-excerpt\"><p class=\"wp-block-post-excerpt__excerpt\">To commemorate the 65th anniversary of James Joyce\u2019s death in Zurich on January 13, 1941, Ursula Zeller, Ruth Frehner and Fritz Senn from the James Joyce Foundation shared their stories with RT\u00c9 producer Kevin Reynolds and visited some of Joyce\u2019s haunts in Zurich with him. You can find the RT\u00c9 broadcast here: https:\/\/www.rte.ie\/radio\/dramaonone\/1551751-james-joyce-in-zurich-by-kevin-reynolds.<\/p><p class=\"wp-block-post-excerpt__more-text\"><a class=\"wp-block-post-excerpt__more-link\" href=\"https:\/\/joycefoundation.ch\/de\/rte-broadcast-65th-anniversary-of-joyces-death\/\">read more<\/a><\/p><\/div>\n\n<div class=\"wp-block-post-date\"><time datetime=\"2026-01-14T14:30:28+00:00\">Januar 14, 2026<\/time><\/div><\/div>\n\n<\/li><li class=\"wp-block-post post-4288 post type-post status-publish format-standard has-post-thumbnail hentry category-news\">\n\n<div class=\"wp-block-group is-layout-flow wp-block-group-is-layout-flow\" style=\"padding-top:30px;padding-right:30px;padding-bottom:30px;padding-left:30px\"><h3 class=\"wp-block-post-title\"><a href=\"https:\/\/joycefoundation.ch\/de\/joyce-at-the-national-museum-of-taiwan-literature\/\" target=\"_self\" >Joyce at the National Museum of Taiwan Literature<\/a><\/h3>\n\n<figure style=\"aspect-ratio:3\/2;\" class=\"wp-block-post-featured-image\"><img loading=\"lazy\" decoding=\"async\" width=\"1200\" height=\"770\" src=\"https:\/\/joycefoundation.ch\/wp-content\/uploads\/2026\/01\/20260106-National-Museum-of-Taiwan-Literature_cropped.jpg\" class=\"attachment-post-thumbnail size-post-thumbnail wp-post-image\" alt=\"\" style=\"border-radius:20px;width:100%;height:100%;object-fit:cover;\" srcset=\"https:\/\/joycefoundation.ch\/wp-content\/uploads\/2026\/01\/20260106-National-Museum-of-Taiwan-Literature_cropped.jpg 1200w, https:\/\/joycefoundation.ch\/wp-content\/uploads\/2026\/01\/20260106-National-Museum-of-Taiwan-Literature_cropped-300x193.jpg 300w, https:\/\/joycefoundation.ch\/wp-content\/uploads\/2026\/01\/20260106-National-Museum-of-Taiwan-Literature_cropped-1024x657.jpg 1024w, https:\/\/joycefoundation.ch\/wp-content\/uploads\/2026\/01\/20260106-National-Museum-of-Taiwan-Literature_cropped-768x493.jpg 768w, https:\/\/joycefoundation.ch\/wp-content\/uploads\/2026\/01\/20260106-National-Museum-of-Taiwan-Literature_cropped-18x12.jpg 18w\" sizes=\"auto, (max-width: 1200px) 100vw, 1200px\" \/><\/figure>\n\n<div class=\"wp-block-post-excerpt\"><p class=\"wp-block-post-excerpt__excerpt\">The new exhibition &#8220;Love Loves to Love Ireland: Extremely Distant and Incredibly Close&#8221; (Dec 19, 2026 to March 8, 2026) at the National Museum of Taiwan Literature features items on loan from the Zurich James Joyce Foundation. The items include James Joyce&#8217;s original walking sticks and the suitcase in which the Foundation received the Hans<\/p><p class=\"wp-block-post-excerpt__more-text\"><a class=\"wp-block-post-excerpt__more-link\" href=\"https:\/\/joycefoundation.ch\/de\/joyce-at-the-national-museum-of-taiwan-literature\/\">read more<\/a><\/p><\/div>\n\n<div class=\"wp-block-post-date\"><time datetime=\"2026-01-06T12:27:22+00:00\">Januar 6, 2026<\/time><\/div><\/div>\n\n<\/li><li class=\"wp-block-post post-3299 post type-post status-publish format-standard has-post-thumbnail hentry category-news\">\n\n<div class=\"wp-block-group is-layout-flow wp-block-group-is-layout-flow\" style=\"padding-top:30px;padding-right:30px;padding-bottom:30px;padding-left:30px\"><h3 class=\"wp-block-post-title\"><a href=\"https:\/\/joycefoundation.ch\/de\/so-this-is-dyoublong-xxx-international-joyce-symposium-krakow-june-15-19-2026\/\" target=\"_self\" >Joyce Symposium (Krakow, June 15\u201319, 2026)<\/a><\/h3>\n\n<figure style=\"aspect-ratio:3\/2;\" class=\"wp-block-post-featured-image\"><img loading=\"lazy\" decoding=\"async\" width=\"880\" height=\"580\" src=\"https:\/\/joycefoundation.ch\/wp-content\/uploads\/2025\/07\/28079690114_30097d3217_k.jpg\" class=\"attachment-post-thumbnail size-post-thumbnail wp-post-image\" alt=\"\" style=\"border-radius:20px;width:100%;height:100%;object-fit:cover;\" srcset=\"https:\/\/joycefoundation.ch\/wp-content\/uploads\/2025\/07\/28079690114_30097d3217_k.jpg 880w, https:\/\/joycefoundation.ch\/wp-content\/uploads\/2025\/07\/28079690114_30097d3217_k-300x198.jpg 300w, https:\/\/joycefoundation.ch\/wp-content\/uploads\/2025\/07\/28079690114_30097d3217_k-768x506.jpg 768w, https:\/\/joycefoundation.ch\/wp-content\/uploads\/2025\/07\/28079690114_30097d3217_k-18x12.jpg 18w\" sizes=\"auto, (max-width: 880px) 100vw, 880px\" \/><\/figure>\n\n<div class=\"wp-block-post-excerpt\"><p class=\"wp-block-post-excerpt__excerpt\">The IJJF have announced that the Joyce Symposium for 2026 will be held in Poland, in the beautiful city of Krakow, hosted by the Jagiellonian University (June 15\u201319, 2026). Call for papers will be posted in September, 2025.<\/p><p class=\"wp-block-post-excerpt__more-text\"><a class=\"wp-block-post-excerpt__more-link\" href=\"https:\/\/joycefoundation.ch\/de\/so-this-is-dyoublong-xxx-international-joyce-symposium-krakow-june-15-19-2026\/\">read more<\/a><\/p><\/div>\n\n<div class=\"wp-block-post-date\"><time datetime=\"2025-07-17T14:08:04+00:00\">Juli 17, 2025<\/time><\/div><\/div>\n\n<\/li><\/ul><\/div>","protected":false},"excerpt":{"rendered":"","protected":false},"author":1,"featured_media":0,"parent":19,"menu_order":0,"comment_status":"closed","ping_status":"closed","template":"wp-custom-template-one-column","meta":{"_acf_changed":false,"footnotes":""},"class_list":["post-48","page","type-page","status-publish","hentry"],"acf":[],"_links":{"self":[{"href":"https:\/\/joycefoundation.ch\/de\/wp-json\/wp\/v2\/pages\/48","targetHints":{"allow":["GET"]}}],"collection":[{"href":"https:\/\/joycefoundation.ch\/de\/wp-json\/wp\/v2\/pages"}],"about":[{"href":"https:\/\/joycefoundation.ch\/de\/wp-json\/wp\/v2\/types\/page"}],"author":[{"embeddable":true,"href":"https:\/\/joycefoundation.ch\/de\/wp-json\/wp\/v2\/users\/1"}],"replies":[{"embeddable":true,"href":"https:\/\/joycefoundation.ch\/de\/wp-json\/wp\/v2\/comments?post=48"}],"version-history":[{"count":5,"href":"https:\/\/joycefoundation.ch\/de\/wp-json\/wp\/v2\/pages\/48\/revisions"}],"predecessor-version":[{"id":3638,"href":"https:\/\/joycefoundation.ch\/de\/wp-json\/wp\/v2\/pages\/48\/revisions\/3638"}],"up":[{"embeddable":true,"href":"https:\/\/joycefoundation.ch\/de\/wp-json\/wp\/v2\/pages\/19"}],"wp:attachment":[{"href":"https:\/\/joycefoundation.ch\/de\/wp-json\/wp\/v2\/media?parent=48"}],"curies":[{"name":"wp","href":"https:\/\/api.w.org\/{rel}","templated":true}]}}