{"id":4542,"date":"2026-02-25T16:02:18","date_gmt":"2026-02-25T16:02:18","guid":{"rendered":"https:\/\/joycefoundation.ch\/?page_id=4542"},"modified":"2026-02-25T16:02:19","modified_gmt":"2026-02-25T16:02:19","slug":"1997-workshop-chance-coincidence","status":"publish","type":"page","link":"https:\/\/joycefoundation.ch\/de\/library-research\/zurich-workshops\/1997-workshop-chance-coincidence\/","title":{"rendered":"1997 Workshop: Chance\/Coincidence"},"content":{"rendered":"<p>An opportunity to discuss Chance, Design, Accident, Randomness, Fate, etc.<\/p>\n\n\n\n<p>People who took the chance to participate: Katarzyna Bazarnik, John Bishop, Ron Ewart, Carla Marengo, Richard Stack, Susan Bazargan, Judith Harrington, Colleen Jaurretche, Tim and Christine O\u2019Neill, Michael O\u2019Shea, Friedhelm Rathjen, Anke Schuckmann, R\u00e9ka G\u00e1borj\u00e1ni Szab\u00f3, Frances Ilmberger, among others.<\/p>","protected":false},"excerpt":{"rendered":"<p>An opportunity to discuss Chance, Design, Accident, Randomness, Fate, etc. People who took the chance to participate: Katarzyna Bazarnik, John Bishop, Ron Ewart, Carla Marengo, Richard Stack, Susan Bazargan, Judith Harrington, Colleen Jaurretche, Tim and Christine O\u2019Neill, Michael O\u2019Shea, Friedhelm Rathjen, Anke Schuckmann, R\u00e9ka G\u00e1borj\u00e1ni Szab\u00f3, Frances Ilmberger, among others.<\/p>","protected":false},"author":4,"featured_media":0,"parent":3417,"menu_order":0,"comment_status":"closed","ping_status":"closed","template":"wp-custom-template-one-column","meta":{"_acf_changed":false,"footnotes":""},"class_list":["post-4542","page","type-page","status-publish","hentry"],"acf":[],"_links":{"self":[{"href":"https:\/\/joycefoundation.ch\/de\/wp-json\/wp\/v2\/pages\/4542","targetHints":{"allow":["GET"]}}],"collection":[{"href":"https:\/\/joycefoundation.ch\/de\/wp-json\/wp\/v2\/pages"}],"about":[{"href":"https:\/\/joycefoundation.ch\/de\/wp-json\/wp\/v2\/types\/page"}],"author":[{"embeddable":true,"href":"https:\/\/joycefoundation.ch\/de\/wp-json\/wp\/v2\/users\/4"}],"replies":[{"embeddable":true,"href":"https:\/\/joycefoundation.ch\/de\/wp-json\/wp\/v2\/comments?post=4542"}],"version-history":[{"count":1,"href":"https:\/\/joycefoundation.ch\/de\/wp-json\/wp\/v2\/pages\/4542\/revisions"}],"predecessor-version":[{"id":4543,"href":"https:\/\/joycefoundation.ch\/de\/wp-json\/wp\/v2\/pages\/4542\/revisions\/4543"}],"up":[{"embeddable":true,"href":"https:\/\/joycefoundation.ch\/de\/wp-json\/wp\/v2\/pages\/3417"}],"wp:attachment":[{"href":"https:\/\/joycefoundation.ch\/de\/wp-json\/wp\/v2\/media?parent=4542"}],"curies":[{"name":"wp","href":"https:\/\/api.w.org\/{rel}","templated":true}]}}