{"id":4507,"date":"2026-02-25T15:46:17","date_gmt":"2026-02-25T15:46:17","guid":{"rendered":"https:\/\/joycefoundation.ch\/?page_id=4507"},"modified":"2026-02-25T15:46:17","modified_gmt":"2026-02-25T15:46:17","slug":"2010-extracurricular-workshop-transwork","status":"publish","type":"page","link":"https:\/\/joycefoundation.ch\/de\/library-research\/zurich-workshops\/2010-extracurricular-workshop-transwork\/","title":{"rendered":"2010 Extracurricular Workshop: TransWork"},"content":{"rendered":"<p><strong>Workshop Devoted to Specific Joycean Translation Issues<\/strong><\/p>\n\n\n\n<p>Attendees: Erik Bindervoet (Holland), Rosa Maria Bosinelli (Italy), Marianna Gula (Hungary), Robbert-Jan Henkes (Holland), Valentina Janner (Switzerland), Andr\u00e1s Kappanyos (Hungary), Veronika Kov\u00e1cs (Hungary), Leevi Lehto (Finland), Erika Mih\u00e1lycsa (Romania), Friedhelm Rathjen (Germany), David Spurr (Switzerland), Enrico Terrinoni (Italy), Giovanna Vincente (Italy), Andreas Weigel (Austria), Ursula Zeller (Switzerland).<\/p>","protected":false},"excerpt":{"rendered":"<p>Workshop Devoted to Specific Joycean Translation Issues Attendees: Erik Bindervoet (Holland), Rosa Maria Bosinelli (Italy), Marianna Gula (Hungary), Robbert-Jan Henkes (Holland), Valentina Janner (Switzerland), Andr\u00e1s Kappanyos (Hungary), Veronika Kov\u00e1cs (Hungary), Leevi Lehto (Finland), Erika Mih\u00e1lycsa (Romania), Friedhelm Rathjen (Germany), David Spurr (Switzerland), Enrico Terrinoni (Italy), Giovanna Vincente (Italy), Andreas Weigel (Austria), Ursula Zeller (Switzerland).<\/p>","protected":false},"author":4,"featured_media":0,"parent":3417,"menu_order":0,"comment_status":"closed","ping_status":"closed","template":"wp-custom-template-one-column","meta":{"_acf_changed":false,"footnotes":""},"class_list":["post-4507","page","type-page","status-publish","hentry"],"acf":[],"_links":{"self":[{"href":"https:\/\/joycefoundation.ch\/de\/wp-json\/wp\/v2\/pages\/4507","targetHints":{"allow":["GET"]}}],"collection":[{"href":"https:\/\/joycefoundation.ch\/de\/wp-json\/wp\/v2\/pages"}],"about":[{"href":"https:\/\/joycefoundation.ch\/de\/wp-json\/wp\/v2\/types\/page"}],"author":[{"embeddable":true,"href":"https:\/\/joycefoundation.ch\/de\/wp-json\/wp\/v2\/users\/4"}],"replies":[{"embeddable":true,"href":"https:\/\/joycefoundation.ch\/de\/wp-json\/wp\/v2\/comments?post=4507"}],"version-history":[{"count":1,"href":"https:\/\/joycefoundation.ch\/de\/wp-json\/wp\/v2\/pages\/4507\/revisions"}],"predecessor-version":[{"id":4508,"href":"https:\/\/joycefoundation.ch\/de\/wp-json\/wp\/v2\/pages\/4507\/revisions\/4508"}],"up":[{"embeddable":true,"href":"https:\/\/joycefoundation.ch\/de\/wp-json\/wp\/v2\/pages\/3417"}],"wp:attachment":[{"href":"https:\/\/joycefoundation.ch\/de\/wp-json\/wp\/v2\/media?parent=4507"}],"curies":[{"name":"wp","href":"https:\/\/api.w.org\/{rel}","templated":true}]}}