{"id":4487,"date":"2026-02-25T15:39:09","date_gmt":"2026-02-25T15:39:09","guid":{"rendered":"https:\/\/joycefoundation.ch\/?page_id=4487"},"modified":"2026-02-25T15:39:09","modified_gmt":"2026-02-25T15:39:09","slug":"2015-workshop-time-touring-the-no-timelike-absolent","status":"publish","type":"page","link":"https:\/\/joycefoundation.ch\/de\/library-research\/zurich-workshops\/2015-workshop-time-touring-the-no-timelike-absolent\/","title":{"rendered":"2015 Workshop: Time \u2013 \u201cTouring the No Timelike Absolent\u201d"},"content":{"rendered":"<p>Attendees: Rosa Maria Bosinelli Bollettieri (Italy), Bill Brockman (USA), Ruben Borg, Veronika Kov\u00e1cs (Switzerland), Tekla Mecsnober (Netherlands), Amanda Sigler (USA), Tim Conley (Canada), Stephanie Nelson (USA), Annalisa Volpone (Italy), Jolanta Wawrzycka (USA), Coilin Owens (USA), Christine O\u2019Neill (Ireland), Sabrian Alonso (Switzerland), Erika Mih\u00e1lycsa (Romania), Anne Fogarty (Ireland), Teresa Prudente (Italy), Michelle Witen (Switzerland), Val\u00e9rie B\u00e9n\u00e9jam (France), Federico Sabatini (Italy), Paul Fagan (Ireland\/Austria), Halila Bayramova (Azerbaijan), Iva Dimovska (Macedonia), Maria Domenica Mangialavori (Itay), Clilve Hart (England), Elizabeth Bonapfel (USA).<\/p>","protected":false},"excerpt":{"rendered":"<p>Attendees: Rosa Maria Bosinelli Bollettieri (Italy), Bill Brockman (USA), Ruben Borg, Veronika Kov\u00e1cs (Switzerland), Tekla Mecsnober (Netherlands), Amanda Sigler (USA), Tim Conley (Canada), Stephanie Nelson (USA), Annalisa Volpone (Italy), Jolanta Wawrzycka (USA), Coilin Owens (USA), Christine O\u2019Neill (Ireland), Sabrian Alonso (Switzerland), Erika Mih\u00e1lycsa (Romania), Anne Fogarty (Ireland), Teresa Prudente (Italy), Michelle Witen (Switzerland), Val\u00e9rie B\u00e9n\u00e9jam [&hellip;]<\/p>\n","protected":false},"author":4,"featured_media":0,"parent":3417,"menu_order":0,"comment_status":"closed","ping_status":"closed","template":"wp-custom-template-one-column","meta":{"_acf_changed":false,"footnotes":""},"class_list":["post-4487","page","type-page","status-publish","hentry"],"acf":[],"_links":{"self":[{"href":"https:\/\/joycefoundation.ch\/de\/wp-json\/wp\/v2\/pages\/4487","targetHints":{"allow":["GET"]}}],"collection":[{"href":"https:\/\/joycefoundation.ch\/de\/wp-json\/wp\/v2\/pages"}],"about":[{"href":"https:\/\/joycefoundation.ch\/de\/wp-json\/wp\/v2\/types\/page"}],"author":[{"embeddable":true,"href":"https:\/\/joycefoundation.ch\/de\/wp-json\/wp\/v2\/users\/4"}],"replies":[{"embeddable":true,"href":"https:\/\/joycefoundation.ch\/de\/wp-json\/wp\/v2\/comments?post=4487"}],"version-history":[{"count":2,"href":"https:\/\/joycefoundation.ch\/de\/wp-json\/wp\/v2\/pages\/4487\/revisions"}],"predecessor-version":[{"id":4489,"href":"https:\/\/joycefoundation.ch\/de\/wp-json\/wp\/v2\/pages\/4487\/revisions\/4489"}],"up":[{"embeddable":true,"href":"https:\/\/joycefoundation.ch\/de\/wp-json\/wp\/v2\/pages\/3417"}],"wp:attachment":[{"href":"https:\/\/joycefoundation.ch\/de\/wp-json\/wp\/v2\/media?parent=4487"}],"curies":[{"name":"wp","href":"https:\/\/api.w.org\/{rel}","templated":true}]}}