{"id":4152,"date":"2025-12-10T18:13:55","date_gmt":"2025-12-10T18:13:55","guid":{"rendered":"https:\/\/joycefoundation.ch\/?page_id=4152"},"modified":"2025-12-11T08:39:47","modified_gmt":"2025-12-11T08:39:47","slug":"shop","status":"publish","type":"page","link":"https:\/\/joycefoundation.ch\/de\/the-foundation\/shop\/","title":{"rendered":"Souvenirs"},"content":{"rendered":"<div class=\"wp-block-columns is-layout-flex wp-container-core-columns-is-layout-28f84493 wp-block-columns-is-layout-flex\">\n<div class=\"wp-block-column is-layout-flow wp-block-column-is-layout-flow\">\n<h5 class=\"wp-block-heading translation-block\">Sie k\u00f6nnen die Aktivit\u00e4ten der Zurich James Joyce Foundation durch den Kauf von Souvernis aus unserem Shop unterst\u00fctzen  (oder durch <a href=\"https:\/\/joycefoundation.ch\/de\/the-foundation\/donations-bequests\/\" data-type=\"page\" data-id=\"1683\" target=\"_self\">eine Spende<\/a> und\/oder <a href=\"https:\/\/joycefoundation.ch\/de\/the-friends\/join-the-friends\/\" data-type=\"page\" data-id=\"1025\" target=\"_self\">eine Mitgliedschaft bei den Friends<\/a>).<\/h5>\n<\/div>\n\n\n\n<div class=\"wp-block-column is-layout-flow wp-block-column-is-layout-flow\">\n<ul class=\"wp-block-list\">\n<li>Beachten Sie, dass der Versand aktuell nur f\u00fcr die Schweiz und Liechtenstein m\u00f6glich ist.<\/li>\n\n\n\n<li>Eine Auswahl von Objekten finden Sie unten.<\/li>\n<\/ul>\n<\/div>\n<\/div>\n\n\n\n<div class=\"wp-block-columns is-layout-flex wp-container-core-columns-is-layout-28f84493 wp-block-columns-is-layout-flex\">\n<div class=\"wp-block-column is-layout-flow wp-block-column-is-layout-flow\">\n<figure data-wp-context=\"{&quot;imageId&quot;:&quot;69e25a63de3a7&quot;}\" data-wp-interactive=\"core\/image\" data-wp-key=\"69e25a63de3a7\" class=\"wp-block-image aligncenter size-full is-resized wp-lightbox-container\"><img loading=\"lazy\" decoding=\"async\" width=\"800\" height=\"620\" data-wp-class--hide=\"state.isContentHidden\" data-wp-class--show=\"state.isContentVisible\" data-wp-init=\"callbacks.setButtonStyles\" data-wp-on--click=\"actions.showLightbox\" data-wp-on--load=\"callbacks.setButtonStyles\" data-wp-on-window--resize=\"callbacks.setButtonStyles\" src=\"https:\/\/joycefoundation.ch\/wp-content\/uploads\/2025\/12\/Works-by-Joyce.jpg\" alt=\"\" class=\"wp-image-4161\" style=\"aspect-ratio:1.2903364333896432;width:328px;height:auto\" srcset=\"https:\/\/joycefoundation.ch\/wp-content\/uploads\/2025\/12\/Works-by-Joyce.jpg 800w, https:\/\/joycefoundation.ch\/wp-content\/uploads\/2025\/12\/Works-by-Joyce-300x233.jpg 300w, https:\/\/joycefoundation.ch\/wp-content\/uploads\/2025\/12\/Works-by-Joyce-768x595.jpg 768w, https:\/\/joycefoundation.ch\/wp-content\/uploads\/2025\/12\/Works-by-Joyce-15x12.jpg 15w\" sizes=\"auto, (max-width: 800px) 100vw, 800px\" \/><button\n\t\t\tclass=\"lightbox-trigger\"\n\t\t\ttype=\"button\"\n\t\t\taria-haspopup=\"dialog\"\n\t\t\taria-label=\"Vergr\u00f6ssern\"\n\t\t\tdata-wp-init=\"callbacks.initTriggerButton\"\n\t\t\tdata-wp-on--click=\"actions.showLightbox\"\n\t\t\tdata-wp-style--right=\"state.imageButtonRight\"\n\t\t\tdata-wp-style--top=\"state.imageButtonTop\"\n\t\t>\n\t\t\t<svg xmlns=\"http:\/\/www.w3.org\/2000\/svg\" width=\"12\" height=\"12\" fill=\"none\" viewbox=\"0 0 12 12\">\n\t\t\t\t<path fill=\"#fff\" d=\"M2 0a2 2 0 0 0-2 2v2h1.5V2a.5.5 0 0 1 .5-.5h2V0H2Zm2 10.5H2a.5.5 0 0 1-.5-.5V8H0v2a2 2 0 0 0 2 2h2v-1.5ZM8 12v-1.5h2a.5.5 0 0 0 .5-.5V8H12v2a2 2 0 0 1-2 2H8Zm2-12a2 2 0 0 1 2 2v2h-1.5V2a.5.5 0 0 0-.5-.5H8V0h2Z\" \/>\n\t\t\t<\/svg>\n\t\t<\/button><figcaption class=\"wp-element-caption\">Werke von James Joyce<\/figcaption><\/figure>\n<\/div>\n\n\n\n<div class=\"wp-block-column is-layout-flow wp-block-column-is-layout-flow\">\n<figure data-wp-context=\"{&quot;imageId&quot;:&quot;69e25a63decd9&quot;}\" data-wp-interactive=\"core\/image\" data-wp-key=\"69e25a63decd9\" class=\"wp-block-image aligncenter size-full is-resized wp-lightbox-container\"><img loading=\"lazy\" decoding=\"async\" width=\"800\" height=\"827\" data-wp-class--hide=\"state.isContentHidden\" data-wp-class--show=\"state.isContentVisible\" data-wp-init=\"callbacks.setButtonStyles\" data-wp-on--click=\"actions.showLightbox\" data-wp-on--load=\"callbacks.setButtonStyles\" data-wp-on-window--resize=\"callbacks.setButtonStyles\" src=\"https:\/\/joycefoundation.ch\/wp-content\/uploads\/2025\/12\/Starter-Package-1.jpg\" alt=\"\" class=\"wp-image-4159\" style=\"aspect-ratio:0.9673382805334592;width:247px;height:auto\" srcset=\"https:\/\/joycefoundation.ch\/wp-content\/uploads\/2025\/12\/Starter-Package-1.jpg 800w, https:\/\/joycefoundation.ch\/wp-content\/uploads\/2025\/12\/Starter-Package-1-290x300.jpg 290w, https:\/\/joycefoundation.ch\/wp-content\/uploads\/2025\/12\/Starter-Package-1-768x794.jpg 768w, https:\/\/joycefoundation.ch\/wp-content\/uploads\/2025\/12\/Starter-Package-1-12x12.jpg 12w\" sizes=\"auto, (max-width: 800px) 100vw, 800px\" \/><button\n\t\t\tclass=\"lightbox-trigger\"\n\t\t\ttype=\"button\"\n\t\t\taria-haspopup=\"dialog\"\n\t\t\taria-label=\"Vergr\u00f6ssern\"\n\t\t\tdata-wp-init=\"callbacks.initTriggerButton\"\n\t\t\tdata-wp-on--click=\"actions.showLightbox\"\n\t\t\tdata-wp-style--right=\"state.imageButtonRight\"\n\t\t\tdata-wp-style--top=\"state.imageButtonTop\"\n\t\t>\n\t\t\t<svg xmlns=\"http:\/\/www.w3.org\/2000\/svg\" width=\"12\" height=\"12\" fill=\"none\" viewbox=\"0 0 12 12\">\n\t\t\t\t<path fill=\"#fff\" d=\"M2 0a2 2 0 0 0-2 2v2h1.5V2a.5.5 0 0 1 .5-.5h2V0H2Zm2 10.5H2a.5.5 0 0 1-.5-.5V8H0v2a2 2 0 0 0 2 2h2v-1.5ZM8 12v-1.5h2a.5.5 0 0 0 .5-.5V8H12v2a2 2 0 0 1-2 2H8Zm2-12a2 2 0 0 1 2 2v2h-1.5V2a.5.5 0 0 0-.5-.5H8V0h2Z\" \/>\n\t\t\t<\/svg>\n\t\t<\/button><figcaption class=\"wp-element-caption\">Postkarten &amp; Einf\u00fchrungen<\/figcaption><\/figure>\n<\/div>\n\n\n\n<div class=\"wp-block-column is-layout-flow wp-block-column-is-layout-flow\">\n<figure data-wp-context=\"{&quot;imageId&quot;:&quot;69e25a63df388&quot;}\" data-wp-interactive=\"core\/image\" data-wp-key=\"69e25a63df388\" class=\"wp-block-image aligncenter size-full is-resized wp-lightbox-container\"><img loading=\"lazy\" decoding=\"async\" width=\"800\" height=\"531\" data-wp-class--hide=\"state.isContentHidden\" data-wp-class--show=\"state.isContentVisible\" data-wp-init=\"callbacks.setButtonStyles\" data-wp-on--click=\"actions.showLightbox\" data-wp-on--load=\"callbacks.setButtonStyles\" data-wp-on-window--resize=\"callbacks.setButtonStyles\" src=\"https:\/\/joycefoundation.ch\/wp-content\/uploads\/2025\/12\/Books-by-Zurich-Joyceans.jpg\" alt=\"\" class=\"wp-image-4162\" style=\"aspect-ratio:1.50659607913465;width:410px;height:auto\" srcset=\"https:\/\/joycefoundation.ch\/wp-content\/uploads\/2025\/12\/Books-by-Zurich-Joyceans.jpg 800w, https:\/\/joycefoundation.ch\/wp-content\/uploads\/2025\/12\/Books-by-Zurich-Joyceans-300x199.jpg 300w, https:\/\/joycefoundation.ch\/wp-content\/uploads\/2025\/12\/Books-by-Zurich-Joyceans-768x510.jpg 768w, https:\/\/joycefoundation.ch\/wp-content\/uploads\/2025\/12\/Books-by-Zurich-Joyceans-18x12.jpg 18w\" sizes=\"auto, (max-width: 800px) 100vw, 800px\" \/><button\n\t\t\tclass=\"lightbox-trigger\"\n\t\t\ttype=\"button\"\n\t\t\taria-haspopup=\"dialog\"\n\t\t\taria-label=\"Vergr\u00f6ssern\"\n\t\t\tdata-wp-init=\"callbacks.initTriggerButton\"\n\t\t\tdata-wp-on--click=\"actions.showLightbox\"\n\t\t\tdata-wp-style--right=\"state.imageButtonRight\"\n\t\t\tdata-wp-style--top=\"state.imageButtonTop\"\n\t\t>\n\t\t\t<svg xmlns=\"http:\/\/www.w3.org\/2000\/svg\" width=\"12\" height=\"12\" fill=\"none\" viewbox=\"0 0 12 12\">\n\t\t\t\t<path fill=\"#fff\" d=\"M2 0a2 2 0 0 0-2 2v2h1.5V2a.5.5 0 0 1 .5-.5h2V0H2Zm2 10.5H2a.5.5 0 0 1-.5-.5V8H0v2a2 2 0 0 0 2 2h2v-1.5ZM8 12v-1.5h2a.5.5 0 0 0 .5-.5V8H12v2a2 2 0 0 1-2 2H8Zm2-12a2 2 0 0 1 2 2v2h-1.5V2a.5.5 0 0 0-.5-.5H8V0h2Z\" \/>\n\t\t\t<\/svg>\n\t\t<\/button><figcaption class=\"wp-element-caption\">Studien von Joyceanern aus Z\u00fcrich<\/figcaption><\/figure>\n<\/div>\n<\/div>\n\n\n\n<div class=\"wp-block-columns is-layout-flex wp-container-core-columns-is-layout-28f84493 wp-block-columns-is-layout-flex\">\n<div class=\"wp-block-column is-layout-flow wp-block-column-is-layout-flow\">\n<figure data-wp-context=\"{&quot;imageId&quot;:&quot;69e25a63dfc0e&quot;}\" data-wp-interactive=\"core\/image\" data-wp-key=\"69e25a63dfc0e\" class=\"wp-block-image aligncenter size-full is-resized wp-lightbox-container\"><img loading=\"lazy\" decoding=\"async\" width=\"800\" height=\"954\" data-wp-class--hide=\"state.isContentHidden\" data-wp-class--show=\"state.isContentVisible\" data-wp-init=\"callbacks.setButtonStyles\" data-wp-on--click=\"actions.showLightbox\" data-wp-on--load=\"callbacks.setButtonStyles\" data-wp-on-window--resize=\"callbacks.setButtonStyles\" src=\"https:\/\/joycefoundation.ch\/wp-content\/uploads\/2025\/12\/Listening-to-Joyce.jpg\" alt=\"\" class=\"wp-image-4165\" style=\"aspect-ratio:0.83857632614871;width:249px;height:auto\" srcset=\"https:\/\/joycefoundation.ch\/wp-content\/uploads\/2025\/12\/Listening-to-Joyce.jpg 800w, https:\/\/joycefoundation.ch\/wp-content\/uploads\/2025\/12\/Listening-to-Joyce-252x300.jpg 252w, https:\/\/joycefoundation.ch\/wp-content\/uploads\/2025\/12\/Listening-to-Joyce-768x916.jpg 768w, https:\/\/joycefoundation.ch\/wp-content\/uploads\/2025\/12\/Listening-to-Joyce-10x12.jpg 10w\" sizes=\"auto, (max-width: 800px) 100vw, 800px\" \/><button\n\t\t\tclass=\"lightbox-trigger\"\n\t\t\ttype=\"button\"\n\t\t\taria-haspopup=\"dialog\"\n\t\t\taria-label=\"Vergr\u00f6ssern\"\n\t\t\tdata-wp-init=\"callbacks.initTriggerButton\"\n\t\t\tdata-wp-on--click=\"actions.showLightbox\"\n\t\t\tdata-wp-style--right=\"state.imageButtonRight\"\n\t\t\tdata-wp-style--top=\"state.imageButtonTop\"\n\t\t>\n\t\t\t<svg xmlns=\"http:\/\/www.w3.org\/2000\/svg\" width=\"12\" height=\"12\" fill=\"none\" viewbox=\"0 0 12 12\">\n\t\t\t\t<path fill=\"#fff\" d=\"M2 0a2 2 0 0 0-2 2v2h1.5V2a.5.5 0 0 1 .5-.5h2V0H2Zm2 10.5H2a.5.5 0 0 1-.5-.5V8H0v2a2 2 0 0 0 2 2h2v-1.5ZM8 12v-1.5h2a.5.5 0 0 0 .5-.5V8H12v2a2 2 0 0 1-2 2H8Zm2-12a2 2 0 0 1 2 2v2h-1.5V2a.5.5 0 0 0-.5-.5H8V0h2Z\" \/>\n\t\t\t<\/svg>\n\t\t<\/button><figcaption class=\"wp-element-caption\">H\u00f6rb\u00fccher und Musik<\/figcaption><\/figure>\n<\/div>\n\n\n\n<div class=\"wp-block-column is-layout-flow wp-block-column-is-layout-flow\">\n<figure data-wp-context=\"{&quot;imageId&quot;:&quot;69e25a63e0279&quot;}\" data-wp-interactive=\"core\/image\" data-wp-key=\"69e25a63e0279\" class=\"wp-block-image aligncenter size-full is-resized wp-lightbox-container\"><img loading=\"lazy\" decoding=\"async\" width=\"800\" height=\"956\" data-wp-class--hide=\"state.isContentHidden\" data-wp-class--show=\"state.isContentVisible\" data-wp-init=\"callbacks.setButtonStyles\" data-wp-on--click=\"actions.showLightbox\" data-wp-on--load=\"callbacks.setButtonStyles\" data-wp-on-window--resize=\"callbacks.setButtonStyles\" src=\"https:\/\/joycefoundation.ch\/wp-content\/uploads\/2025\/12\/Finnegans-Wake-T-Shirts.jpg\" alt=\"\" class=\"wp-image-4170\" style=\"aspect-ratio:0.8368258845845515;width:250px;height:auto\" srcset=\"https:\/\/joycefoundation.ch\/wp-content\/uploads\/2025\/12\/Finnegans-Wake-T-Shirts.jpg 800w, https:\/\/joycefoundation.ch\/wp-content\/uploads\/2025\/12\/Finnegans-Wake-T-Shirts-251x300.jpg 251w, https:\/\/joycefoundation.ch\/wp-content\/uploads\/2025\/12\/Finnegans-Wake-T-Shirts-768x918.jpg 768w, https:\/\/joycefoundation.ch\/wp-content\/uploads\/2025\/12\/Finnegans-Wake-T-Shirts-10x12.jpg 10w\" sizes=\"auto, (max-width: 800px) 100vw, 800px\" \/><button\n\t\t\tclass=\"lightbox-trigger\"\n\t\t\ttype=\"button\"\n\t\t\taria-haspopup=\"dialog\"\n\t\t\taria-label=\"Vergr\u00f6ssern\"\n\t\t\tdata-wp-init=\"callbacks.initTriggerButton\"\n\t\t\tdata-wp-on--click=\"actions.showLightbox\"\n\t\t\tdata-wp-style--right=\"state.imageButtonRight\"\n\t\t\tdata-wp-style--top=\"state.imageButtonTop\"\n\t\t>\n\t\t\t<svg xmlns=\"http:\/\/www.w3.org\/2000\/svg\" width=\"12\" height=\"12\" fill=\"none\" viewbox=\"0 0 12 12\">\n\t\t\t\t<path fill=\"#fff\" d=\"M2 0a2 2 0 0 0-2 2v2h1.5V2a.5.5 0 0 1 .5-.5h2V0H2Zm2 10.5H2a.5.5 0 0 1-.5-.5V8H0v2a2 2 0 0 0 2 2h2v-1.5ZM8 12v-1.5h2a.5.5 0 0 0 .5-.5V8H12v2a2 2 0 0 1-2 2H8Zm2-12a2 2 0 0 1 2 2v2h-1.5V2a.5.5 0 0 0-.5-.5H8V0h2Z\" \/>\n\t\t\t<\/svg>\n\t\t<\/button><figcaption class=\"wp-element-caption\"><em>Finnegans Wake <\/em>T-Shirts<\/figcaption><\/figure>\n<\/div>\n\n\n\n<div class=\"wp-block-column is-layout-flow wp-block-column-is-layout-flow\">\n<figure data-wp-context=\"{&quot;imageId&quot;:&quot;69e25a63e091b&quot;}\" data-wp-interactive=\"core\/image\" data-wp-key=\"69e25a63e091b\" class=\"wp-block-image aligncenter size-full is-resized wp-lightbox-container\"><img loading=\"lazy\" decoding=\"async\" width=\"800\" height=\"943\" data-wp-class--hide=\"state.isContentHidden\" data-wp-class--show=\"state.isContentVisible\" data-wp-init=\"callbacks.setButtonStyles\" data-wp-on--click=\"actions.showLightbox\" data-wp-on--load=\"callbacks.setButtonStyles\" data-wp-on-window--resize=\"callbacks.setButtonStyles\" src=\"https:\/\/joycefoundation.ch\/wp-content\/uploads\/2025\/12\/Pencils.jpg\" alt=\"\" class=\"wp-image-4167\" style=\"aspect-ratio:0.8483637926919797;width:249px;height:auto\" srcset=\"https:\/\/joycefoundation.ch\/wp-content\/uploads\/2025\/12\/Pencils.jpg 800w, https:\/\/joycefoundation.ch\/wp-content\/uploads\/2025\/12\/Pencils-255x300.jpg 255w, https:\/\/joycefoundation.ch\/wp-content\/uploads\/2025\/12\/Pencils-768x905.jpg 768w, https:\/\/joycefoundation.ch\/wp-content\/uploads\/2025\/12\/Pencils-10x12.jpg 10w\" sizes=\"auto, (max-width: 800px) 100vw, 800px\" \/><button\n\t\t\tclass=\"lightbox-trigger\"\n\t\t\ttype=\"button\"\n\t\t\taria-haspopup=\"dialog\"\n\t\t\taria-label=\"Vergr\u00f6ssern\"\n\t\t\tdata-wp-init=\"callbacks.initTriggerButton\"\n\t\t\tdata-wp-on--click=\"actions.showLightbox\"\n\t\t\tdata-wp-style--right=\"state.imageButtonRight\"\n\t\t\tdata-wp-style--top=\"state.imageButtonTop\"\n\t\t>\n\t\t\t<svg xmlns=\"http:\/\/www.w3.org\/2000\/svg\" width=\"12\" height=\"12\" fill=\"none\" viewbox=\"0 0 12 12\">\n\t\t\t\t<path fill=\"#fff\" d=\"M2 0a2 2 0 0 0-2 2v2h1.5V2a.5.5 0 0 1 .5-.5h2V0H2Zm2 10.5H2a.5.5 0 0 1-.5-.5V8H0v2a2 2 0 0 0 2 2h2v-1.5ZM8 12v-1.5h2a.5.5 0 0 0 .5-.5V8H12v2a2 2 0 0 1-2 2H8Zm2-12a2 2 0 0 1 2 2v2h-1.5V2a.5.5 0 0 0-.5-.5H8V0h2Z\" \/>\n\t\t\t<\/svg>\n\t\t<\/button><figcaption class=\"wp-element-caption\"><em>Finnegans Wake <\/em>Bleistifte<\/figcaption><\/figure>\n<\/div>\n<\/div>\n\n\n\n<div class=\"wp-block-columns is-layout-flex wp-container-core-columns-is-layout-28f84493 wp-block-columns-is-layout-flex\">\n<div class=\"wp-block-column is-layout-flow wp-block-column-is-layout-flow\">\n<figure data-wp-context=\"{&quot;imageId&quot;:&quot;69e25a63e1145&quot;}\" data-wp-interactive=\"core\/image\" data-wp-key=\"69e25a63e1145\" class=\"wp-block-image aligncenter size-full is-resized wp-lightbox-container\"><img loading=\"lazy\" decoding=\"async\" width=\"800\" height=\"747\" data-wp-class--hide=\"state.isContentHidden\" data-wp-class--show=\"state.isContentVisible\" data-wp-init=\"callbacks.setButtonStyles\" data-wp-on--click=\"actions.showLightbox\" data-wp-on--load=\"callbacks.setButtonStyles\" data-wp-on-window--resize=\"callbacks.setButtonStyles\" src=\"https:\/\/joycefoundation.ch\/wp-content\/uploads\/2025\/12\/Books-by-Fritz-Senn.jpg\" alt=\"\" class=\"wp-image-4157\" style=\"aspect-ratio:1.0709338073059036;width:341px;height:auto\" srcset=\"https:\/\/joycefoundation.ch\/wp-content\/uploads\/2025\/12\/Books-by-Fritz-Senn.jpg 800w, https:\/\/joycefoundation.ch\/wp-content\/uploads\/2025\/12\/Books-by-Fritz-Senn-300x280.jpg 300w, https:\/\/joycefoundation.ch\/wp-content\/uploads\/2025\/12\/Books-by-Fritz-Senn-768x717.jpg 768w, https:\/\/joycefoundation.ch\/wp-content\/uploads\/2025\/12\/Books-by-Fritz-Senn-13x12.jpg 13w\" sizes=\"auto, (max-width: 800px) 100vw, 800px\" \/><button\n\t\t\tclass=\"lightbox-trigger\"\n\t\t\ttype=\"button\"\n\t\t\taria-haspopup=\"dialog\"\n\t\t\taria-label=\"Vergr\u00f6ssern\"\n\t\t\tdata-wp-init=\"callbacks.initTriggerButton\"\n\t\t\tdata-wp-on--click=\"actions.showLightbox\"\n\t\t\tdata-wp-style--right=\"state.imageButtonRight\"\n\t\t\tdata-wp-style--top=\"state.imageButtonTop\"\n\t\t>\n\t\t\t<svg xmlns=\"http:\/\/www.w3.org\/2000\/svg\" width=\"12\" height=\"12\" fill=\"none\" viewbox=\"0 0 12 12\">\n\t\t\t\t<path fill=\"#fff\" d=\"M2 0a2 2 0 0 0-2 2v2h1.5V2a.5.5 0 0 1 .5-.5h2V0H2Zm2 10.5H2a.5.5 0 0 1-.5-.5V8H0v2a2 2 0 0 0 2 2h2v-1.5ZM8 12v-1.5h2a.5.5 0 0 0 .5-.5V8H12v2a2 2 0 0 1-2 2H8Zm2-12a2 2 0 0 1 2 2v2h-1.5V2a.5.5 0 0 0-.5-.5H8V0h2Z\" \/>\n\t\t\t<\/svg>\n\t\t<\/button><figcaption class=\"wp-element-caption\">B\u00fccher \u00fcber James Joyce von Fritz Senn<\/figcaption><\/figure>\n<\/div>\n\n\n\n<div class=\"wp-block-column is-layout-flow wp-block-column-is-layout-flow\">\n<figure data-wp-context=\"{&quot;imageId&quot;:&quot;69e25a63e17c2&quot;}\" data-wp-interactive=\"core\/image\" data-wp-key=\"69e25a63e17c2\" class=\"wp-block-image aligncenter size-large is-resized wp-lightbox-container\"><img loading=\"lazy\" decoding=\"async\" width=\"768\" height=\"1024\" data-wp-class--hide=\"state.isContentHidden\" data-wp-class--show=\"state.isContentVisible\" data-wp-init=\"callbacks.setButtonStyles\" data-wp-on--click=\"actions.showLightbox\" data-wp-on--load=\"callbacks.setButtonStyles\" data-wp-on-window--resize=\"callbacks.setButtonStyles\" src=\"https:\/\/joycefoundation.ch\/wp-content\/uploads\/2025\/12\/Friends-Poster-768x1024.jpg\" alt=\"\" class=\"wp-image-4173\" style=\"aspect-ratio:0.7500000245581377;width:235px;height:auto\" srcset=\"https:\/\/joycefoundation.ch\/wp-content\/uploads\/2025\/12\/Friends-Poster-768x1024.jpg 768w, https:\/\/joycefoundation.ch\/wp-content\/uploads\/2025\/12\/Friends-Poster-225x300.jpg 225w, https:\/\/joycefoundation.ch\/wp-content\/uploads\/2025\/12\/Friends-Poster-9x12.jpg 9w, https:\/\/joycefoundation.ch\/wp-content\/uploads\/2025\/12\/Friends-Poster.jpg 800w\" sizes=\"auto, (max-width: 768px) 100vw, 768px\" \/><button\n\t\t\tclass=\"lightbox-trigger\"\n\t\t\ttype=\"button\"\n\t\t\taria-haspopup=\"dialog\"\n\t\t\taria-label=\"Vergr\u00f6ssern\"\n\t\t\tdata-wp-init=\"callbacks.initTriggerButton\"\n\t\t\tdata-wp-on--click=\"actions.showLightbox\"\n\t\t\tdata-wp-style--right=\"state.imageButtonRight\"\n\t\t\tdata-wp-style--top=\"state.imageButtonTop\"\n\t\t>\n\t\t\t<svg xmlns=\"http:\/\/www.w3.org\/2000\/svg\" width=\"12\" height=\"12\" fill=\"none\" viewbox=\"0 0 12 12\">\n\t\t\t\t<path fill=\"#fff\" d=\"M2 0a2 2 0 0 0-2 2v2h1.5V2a.5.5 0 0 1 .5-.5h2V0H2Zm2 10.5H2a.5.5 0 0 1-.5-.5V8H0v2a2 2 0 0 0 2 2h2v-1.5ZM8 12v-1.5h2a.5.5 0 0 0 .5-.5V8H12v2a2 2 0 0 1-2 2H8Zm2-12a2 2 0 0 1 2 2v2h-1.5V2a.5.5 0 0 0-.5-.5H8V0h2Z\" \/>\n\t\t\t<\/svg>\n\t\t<\/button><figcaption class=\"wp-element-caption\">Poster der <a href=\"https:\/\/joycefoundation.ch\/de\/the-friends\/join-the-friends\/\" data-type=\"page\" data-id=\"1025\"><a href=\"https:\/\/joycefoundation.ch\/de\/the-friends\/\" data-type=\"page\" data-id=\"29\" target=\"_self\">Friends of the Zurich James Joyce Foundation<\/a> unterst\u00fctzen.<\/a><\/figcaption><\/figure>\n<\/div>\n\n\n\n<div class=\"wp-block-column is-layout-flow wp-block-column-is-layout-flow\">\n<figure data-wp-context=\"{&quot;imageId&quot;:&quot;69e25a63e1e42&quot;}\" data-wp-interactive=\"core\/image\" data-wp-key=\"69e25a63e1e42\" class=\"wp-block-image aligncenter size-full is-resized wp-lightbox-container\"><img loading=\"lazy\" decoding=\"async\" width=\"800\" height=\"819\" data-wp-class--hide=\"state.isContentHidden\" data-wp-class--show=\"state.isContentVisible\" data-wp-init=\"callbacks.setButtonStyles\" data-wp-on--click=\"actions.showLightbox\" data-wp-on--load=\"callbacks.setButtonStyles\" data-wp-on-window--resize=\"callbacks.setButtonStyles\" src=\"https:\/\/joycefoundation.ch\/wp-content\/uploads\/2025\/12\/Finnegans-Wake-Special-Editions.jpg\" alt=\"\" class=\"wp-image-4176\" style=\"aspect-ratio:0.9768029238025949;width:305px;height:auto\" srcset=\"https:\/\/joycefoundation.ch\/wp-content\/uploads\/2025\/12\/Finnegans-Wake-Special-Editions.jpg 800w, https:\/\/joycefoundation.ch\/wp-content\/uploads\/2025\/12\/Finnegans-Wake-Special-Editions-293x300.jpg 293w, https:\/\/joycefoundation.ch\/wp-content\/uploads\/2025\/12\/Finnegans-Wake-Special-Editions-768x786.jpg 768w, https:\/\/joycefoundation.ch\/wp-content\/uploads\/2025\/12\/Finnegans-Wake-Special-Editions-12x12.jpg 12w\" sizes=\"auto, (max-width: 800px) 100vw, 800px\" \/><button\n\t\t\tclass=\"lightbox-trigger\"\n\t\t\ttype=\"button\"\n\t\t\taria-haspopup=\"dialog\"\n\t\t\taria-label=\"Vergr\u00f6ssern\"\n\t\t\tdata-wp-init=\"callbacks.initTriggerButton\"\n\t\t\tdata-wp-on--click=\"actions.showLightbox\"\n\t\t\tdata-wp-style--right=\"state.imageButtonRight\"\n\t\t\tdata-wp-style--top=\"state.imageButtonTop\"\n\t\t>\n\t\t\t<svg xmlns=\"http:\/\/www.w3.org\/2000\/svg\" width=\"12\" height=\"12\" fill=\"none\" viewbox=\"0 0 12 12\">\n\t\t\t\t<path fill=\"#fff\" d=\"M2 0a2 2 0 0 0-2 2v2h1.5V2a.5.5 0 0 1 .5-.5h2V0H2Zm2 10.5H2a.5.5 0 0 1-.5-.5V8H0v2a2 2 0 0 0 2 2h2v-1.5ZM8 12v-1.5h2a.5.5 0 0 0 .5-.5V8H12v2a2 2 0 0 1-2 2H8Zm2-12a2 2 0 0 1 2 2v2h-1.5V2a.5.5 0 0 0-.5-.5H8V0h2Z\" \/>\n\t\t\t<\/svg>\n\t\t<\/button><figcaption class=\"wp-element-caption\">Kunst und Sonderausgaben<\/figcaption><\/figure>\n<\/div>\n<\/div>","protected":false},"excerpt":{"rendered":"<p class=\"translation-block\">Sie k\u00f6nnen die Aktivit\u00e4ten der Zurich James Joyce Foundation durch den Kauf von Souvernis aus unserem Shop unterst\u00fctzen  (oder durch <a href=\"https:\/\/joycefoundation.ch\/de\/the-foundation\/donations-bequests\/\" data-type=\"page\" data-id=\"1683\" target=\"_self\">eine Spende<\/a> und\/oder <a href=\"https:\/\/joycefoundation.ch\/de\/the-friends\/join-the-friends\/\" data-type=\"page\" data-id=\"1025\" target=\"_self\">eine Mitgliedschaft bei den Friends<\/a>).<\/p>","protected":false},"author":4,"featured_media":0,"parent":16,"menu_order":0,"comment_status":"closed","ping_status":"closed","template":"wp-custom-template-one-column","meta":{"_acf_changed":false,"footnotes":""},"class_list":["post-4152","page","type-page","status-publish","hentry"],"acf":[],"_links":{"self":[{"href":"https:\/\/joycefoundation.ch\/de\/wp-json\/wp\/v2\/pages\/4152","targetHints":{"allow":["GET"]}}],"collection":[{"href":"https:\/\/joycefoundation.ch\/de\/wp-json\/wp\/v2\/pages"}],"about":[{"href":"https:\/\/joycefoundation.ch\/de\/wp-json\/wp\/v2\/types\/page"}],"author":[{"embeddable":true,"href":"https:\/\/joycefoundation.ch\/de\/wp-json\/wp\/v2\/users\/4"}],"replies":[{"embeddable":true,"href":"https:\/\/joycefoundation.ch\/de\/wp-json\/wp\/v2\/comments?post=4152"}],"version-history":[{"count":25,"href":"https:\/\/joycefoundation.ch\/de\/wp-json\/wp\/v2\/pages\/4152\/revisions"}],"predecessor-version":[{"id":4229,"href":"https:\/\/joycefoundation.ch\/de\/wp-json\/wp\/v2\/pages\/4152\/revisions\/4229"}],"up":[{"embeddable":true,"href":"https:\/\/joycefoundation.ch\/de\/wp-json\/wp\/v2\/pages\/16"}],"wp:attachment":[{"href":"https:\/\/joycefoundation.ch\/de\/wp-json\/wp\/v2\/media?parent=4152"}],"curies":[{"name":"wp","href":"https:\/\/api.w.org\/{rel}","templated":true}]}}