{"id":412,"date":"2025-03-28T08:22:43","date_gmt":"2025-03-28T08:22:43","guid":{"rendered":"https:\/\/joycefoundation.ch\/?page_id=412"},"modified":"2025-05-17T06:21:13","modified_gmt":"2025-05-17T06:21:13","slug":"accessibility","status":"publish","type":"page","link":"https:\/\/joycefoundation.ch\/de\/the-foundation\/accessibility\/","title":{"rendered":"Barrierefreiheit"},"content":{"rendered":"<figure class=\"wp-block-image alignright size-large is-resized\"><img loading=\"lazy\" decoding=\"async\" width=\"1024\" height=\"768\" src=\"https:\/\/joycefoundation.ch\/wp-content\/uploads\/2025\/05\/web_zuerich_JamesJoyce_Foundation_1280x960px_57903-1024x768.jpg\" alt=\"\" class=\"wp-image-1716\" style=\"width:525px;height:auto\" srcset=\"https:\/\/joycefoundation.ch\/wp-content\/uploads\/2025\/05\/web_zuerich_JamesJoyce_Foundation_1280x960px_57903-1024x768.jpg 1024w, https:\/\/joycefoundation.ch\/wp-content\/uploads\/2025\/05\/web_zuerich_JamesJoyce_Foundation_1280x960px_57903-300x225.jpg 300w, https:\/\/joycefoundation.ch\/wp-content\/uploads\/2025\/05\/web_zuerich_JamesJoyce_Foundation_1280x960px_57903-768x576.jpg 768w, https:\/\/joycefoundation.ch\/wp-content\/uploads\/2025\/05\/web_zuerich_JamesJoyce_Foundation_1280x960px_57903-16x12.jpg 16w, https:\/\/joycefoundation.ch\/wp-content\/uploads\/2025\/05\/web_zuerich_JamesJoyce_Foundation_1280x960px_57903.jpg 1280w\" sizes=\"auto, (max-width: 1024px) 100vw, 1024px\" \/><\/figure>\n\n\n\n<p>Die R\u00e4umlichkeiten der Zurich James Joyce Foundation sind nur \u00fcber relativ steile Treppen zug\u00e4ngig. F\u00fcr Personen mit eingeschr\u00e4nkter Mobiliit\u00e4t sowie Rollstuhlfahrer:innen ist der Zugang leider schwierig bzw. unm\u00f6glich.<br><br><strong>F\u00fcr weitere Informationen zur Barrierefreiheit der Zurich James Joyce Foundation kontaktieren Sie bitte <a href=\"mailto:info@joycefoundation.ch\">info@joycefoundation.ch<\/a>. Wir werden versuchen, Ihren Bed\u00fcrfnissen Rechnung zu tragen.<\/strong><\/p>\n\n\n\n<ul class=\"wp-block-list\">\n<li>Ausgew\u00e4hlte Sammlungsst\u00fccke pr\u00e4sentieren wir k\u00fcnftig in unserer <a href=\"https:\/\/joycefoundation.ch\/de\/gallery\/\" data-type=\"page\" data-id=\"407\">Online-Galerie<\/a>.<\/li>\n\n\n\n<li>Vorschl\u00e4ge, wie wir unsere Webseite zug\u00e4nglicher machen k\u00f6nnen, schicken Sie bitte an <a href=\"mailto:info@joycefoundation.ch\">info@joycefoundation.ch<\/a>.<\/li>\n<\/ul>","protected":false},"excerpt":{"rendered":"<p>The premises of the Zurich James Joyce Foundation are accessible only via relatively steep stairs. Unfortunately, wheelchair users and people with reduced mobility will find access difficult and, in some cases, impossible. For more information regarding the accessibility of the Zurich James Joyce Foundation, please contact info@joycefoundation.ch. We will strive to accommodate your needs.<\/p>","protected":false},"author":1,"featured_media":0,"parent":16,"menu_order":0,"comment_status":"closed","ping_status":"closed","template":"wp-custom-template-one-column","meta":{"_acf_changed":false,"footnotes":""},"class_list":["post-412","page","type-page","status-publish","hentry"],"acf":[],"_links":{"self":[{"href":"https:\/\/joycefoundation.ch\/de\/wp-json\/wp\/v2\/pages\/412","targetHints":{"allow":["GET"]}}],"collection":[{"href":"https:\/\/joycefoundation.ch\/de\/wp-json\/wp\/v2\/pages"}],"about":[{"href":"https:\/\/joycefoundation.ch\/de\/wp-json\/wp\/v2\/types\/page"}],"author":[{"embeddable":true,"href":"https:\/\/joycefoundation.ch\/de\/wp-json\/wp\/v2\/users\/1"}],"replies":[{"embeddable":true,"href":"https:\/\/joycefoundation.ch\/de\/wp-json\/wp\/v2\/comments?post=412"}],"version-history":[{"count":9,"href":"https:\/\/joycefoundation.ch\/de\/wp-json\/wp\/v2\/pages\/412\/revisions"}],"predecessor-version":[{"id":1873,"href":"https:\/\/joycefoundation.ch\/de\/wp-json\/wp\/v2\/pages\/412\/revisions\/1873"}],"up":[{"embeddable":true,"href":"https:\/\/joycefoundation.ch\/de\/wp-json\/wp\/v2\/pages\/16"}],"wp:attachment":[{"href":"https:\/\/joycefoundation.ch\/de\/wp-json\/wp\/v2\/media?parent=412"}],"curies":[{"name":"wp","href":"https:\/\/api.w.org\/{rel}","templated":true}]}}