{"id":3519,"date":"2025-08-29T13:21:19","date_gmt":"2025-08-29T13:21:19","guid":{"rendered":"https:\/\/joycefoundation.ch\/?page_id=3519"},"modified":"2025-09-11T12:47:21","modified_gmt":"2025-09-11T12:47:21","slug":"13-09-2025-open-house","status":"publish","type":"page","link":"https:\/\/joycefoundation.ch\/de\/project-pages\/13-09-2025-open-house\/","title":{"rendered":"Open House 2025"},"content":{"rendered":"<h3 class=\"wp-block-heading has-text-align-left\">40th Anniversary Celebration with Friends<\/h3>\n\n\n\n<div class=\"wp-block-columns is-layout-flex wp-container-core-columns-is-layout-28f84493 wp-block-columns-is-layout-flex\">\n<div class=\"wp-block-column is-layout-flow wp-block-column-is-layout-flow\" style=\"flex-basis:66.66%\">\n<ul class=\"wp-block-list\">\n<li><strong>Ort: <\/strong>Strauhof, Augustinergasse 9, 8001 Zurich<\/li>\n\n\n\n<li><strong>Zeit: <\/strong>Saturday, September 13, 2025, from 11 a.m. to 5 p.m.<\/li>\n<\/ul>\n\n\n\n<h5 class=\"wp-block-heading\">Detailed Program<\/h5>\n\n\n\n<p>Was f\u00fcr ein wundervolles Geschenk des <a href=\"https:\/\/strauhof.ch\/\">Strauhof-Teams,<\/a> team, on the occasion of our 40th anniversary! In the course of the day, the Zurich James Joyce Foundation will be allowed to use all three floors of the historic Strauhof building, to celebrate with some of our key partner organizations:<\/p>\n\n\n\n<figure class=\"wp-block-image size-large is-resized\"><img loading=\"lazy\" decoding=\"async\" width=\"1024\" height=\"139\" src=\"https:\/\/joycefoundation.ch\/wp-content\/uploads\/2025\/08\/Alle-Logos-1024x139.png\" alt=\"\" class=\"wp-image-3522\" style=\"width:1022px;height:auto\" srcset=\"https:\/\/joycefoundation.ch\/wp-content\/uploads\/2025\/08\/Alle-Logos-1024x139.png 1024w, https:\/\/joycefoundation.ch\/wp-content\/uploads\/2025\/08\/Alle-Logos-300x41.png 300w, https:\/\/joycefoundation.ch\/wp-content\/uploads\/2025\/08\/Alle-Logos-768x104.png 768w, https:\/\/joycefoundation.ch\/wp-content\/uploads\/2025\/08\/Alle-Logos-1536x208.png 1536w, https:\/\/joycefoundation.ch\/wp-content\/uploads\/2025\/08\/Alle-Logos-2048x277.png 2048w, https:\/\/joycefoundation.ch\/wp-content\/uploads\/2025\/08\/Alle-Logos-18x2.png 18w\" sizes=\"auto, (max-width: 1024px) 100vw, 1024px\" \/><\/figure>\n<\/div>\n\n\n\n<div class=\"wp-block-column is-layout-flow wp-block-column-is-layout-flow\"><\/div>\n\n\n\n<div class=\"wp-block-column is-layout-flow wp-block-column-is-layout-flow\"><\/div>\n\n\n\n<div class=\"wp-block-column is-layout-flow wp-block-column-is-layout-flow\" style=\"flex-basis:33.33%\">\n<figure class=\"wp-block-image size-full\"><img loading=\"lazy\" decoding=\"async\" width=\"800\" height=\"527\" src=\"https:\/\/joycefoundation.ch\/wp-content\/uploads\/2025\/08\/Strauhof-Gebaude-klein.jpg\" alt=\"\" class=\"wp-image-3516\" srcset=\"https:\/\/joycefoundation.ch\/wp-content\/uploads\/2025\/08\/Strauhof-Gebaude-klein.jpg 800w, https:\/\/joycefoundation.ch\/wp-content\/uploads\/2025\/08\/Strauhof-Gebaude-klein-300x198.jpg 300w, https:\/\/joycefoundation.ch\/wp-content\/uploads\/2025\/08\/Strauhof-Gebaude-klein-768x506.jpg 768w, https:\/\/joycefoundation.ch\/wp-content\/uploads\/2025\/08\/Strauhof-Gebaude-klein-18x12.jpg 18w\" sizes=\"auto, (max-width: 800px) 100vw, 800px\" \/><\/figure>\n<\/div>\n<\/div>\n\n\n\n<div style=\"height:3px\" aria-hidden=\"true\" class=\"wp-block-spacer\"><\/div>\n\n\n\n<div class=\"wp-block-columns is-layout-flex wp-container-core-columns-is-layout-28f84493 wp-block-columns-is-layout-flex\">\n<div class=\"wp-block-column is-layout-flow wp-block-column-is-layout-flow\">\n<p><strong>Ground Floor: Room 1<\/strong><\/p>\n\n\n\n<h4 class=\"wp-block-heading\"><strong>\u00dcbersetzerhaus Looren<\/strong><\/h4>\n\n\n\n<p><strong>Block 1<\/strong><\/p>\n\n\n\n<ul class=\"wp-block-list\">\n<li>12.00\u201312.10: Kurzlesung Irma Wehrli<\/li>\n\n\n\n<li>12.15\u201312.25: Kurzinput Rassismuskritische Sprache (Sonja Bonin)<\/li>\n\n\n\n<li>12.30\u201313.15: R\u00fcck\u00fcbersetzungsspiel (Simon Pare &amp; Chantal Wright \/ Irma Wehrli &amp; Niklas Fischer)<\/li>\n<\/ul>\n\n\n\n<p><strong>Block 2<\/strong><\/p>\n\n\n\n<ul class=\"wp-block-list\">\n<li>15.00\u201315.10: Kurzlesung Anke Burger<\/li>\n\n\n\n<li>15.15\u201315.25: Input Kinderbuch\u00fcbersetzen Karl R\u00fchmann<\/li>\n\n\n\n<li>15.30\u201316.15: Gl\u00e4serner \u00dcbersetzer Ulrich Blumenbach<\/li>\n<\/ul>\n\n\n\n<p>Visit the website of the <a href=\"https:\/\/looren.net\/en\/about-us\/translation-house-looren\"><strong>\u00dcbersetzerhaus Looren<\/strong><\/a>.<\/p>\n<\/div>\n\n\n\n<div class=\"wp-block-column is-layout-flow wp-block-column-is-layout-flow\">\n<p><strong>Ground Floor: Room 2<\/strong><\/p>\n\n\n\n<h4 class=\"wp-block-heading\"><strong>Weiter Schreiben Schweiz<\/strong><\/h4>\n\n\n\n<p>How to prevent exiled authors from falling silent? <\/p>\n\n\n\n<p><strong><a href=\"https:\/\/weiterschreiben-schweiz.jetzt\/\">Weiter Schreiben Schweiz<\/a><\/strong> was founded in 2020, to support and promote the work of exiled authors in Switzerland.<\/p>\n\n\n\n<p>In May 2025, the Zurich James Joyce Foundation and Weiter Schreiben Schweiz started to collaborate on a series of events entitled &#8220;Poetographies: Literary Dialogues at the Zurich James Joyce Foundation.&#8221;<\/p>\n\n\n\n<p>Just drop by to learn more about the organization!<\/p>\n\n\n\n<div class=\"wp-block-columns is-layout-flex wp-container-core-columns-is-layout-28f84493 wp-block-columns-is-layout-flex\">\n<div class=\"wp-block-column is-layout-flow wp-block-column-is-layout-flow\">\n<ul class=\"wp-block-list\">\n<li>Weiter Schreiben Schweiz is a project by<\/li>\n<\/ul>\n<\/div>\n\n\n\n<div class=\"wp-block-column is-layout-flow wp-block-column-is-layout-flow\">\n<figure class=\"wp-block-image size-full\"><img loading=\"lazy\" decoding=\"async\" width=\"640\" height=\"225\" src=\"https:\/\/joycefoundation.ch\/wp-content\/uploads\/2025\/08\/Logo-Artlink.jpg\" alt=\"\" class=\"wp-image-3532\" srcset=\"https:\/\/joycefoundation.ch\/wp-content\/uploads\/2025\/08\/Logo-Artlink.jpg 640w, https:\/\/joycefoundation.ch\/wp-content\/uploads\/2025\/08\/Logo-Artlink-300x105.jpg 300w, https:\/\/joycefoundation.ch\/wp-content\/uploads\/2025\/08\/Logo-Artlink-18x6.jpg 18w\" sizes=\"auto, (max-width: 640px) 100vw, 640px\" \/><\/figure>\n<\/div>\n<\/div>\n<\/div>\n\n\n\n<div class=\"wp-block-column is-layout-flow wp-block-column-is-layout-flow\">\n<p><strong>1st Floor: Room 1<\/strong><\/p>\n\n\n\n<h4 class=\"wp-block-heading\"><strong>Cabaret Voltaire<\/strong><\/h4>\n\n\n\n<p>During World War I, Joyce was far from the only artistic revolutionary to live and work in Zurich. At the <a href=\"https:\/\/www.cabaretvoltaire.ch\/\"><strong>Cabaret Voltaire<\/strong><\/a> in Spiegelgasse 1, the Dadaists were busy redefining the meaning of art through their performances, poems, and visual art.<\/p>\n\n\n\n<p>The Cabaret Voltaire functions simultaneously as an artists&#8217; space, a center of expertise and a site for Dada-related activities, as well as a platform for contemporary cultural creation and relevant debates.<\/p>\n\n\n\n<p>Two Dada experts will answer questions and present some items from the Cabaret Voltaire&#8217;s unique collection:<\/p>\n\n\n\n<ul class=\"wp-block-list\">\n<li>11 a.m. to 3 p.m.: Lorena Harauzek;<\/li>\n\n\n\n<li>3 p.m. to 5 p.m.: Salome Hohl.<\/li>\n<\/ul>\n<\/div>\n<\/div>\n\n\n\n<div style=\"height:2px\" aria-hidden=\"true\" class=\"wp-block-spacer\"><\/div>\n\n\n\n<div class=\"wp-block-columns is-layout-flex wp-container-core-columns-is-layout-28f84493 wp-block-columns-is-layout-flex\">\n<div class=\"wp-block-column is-layout-flow wp-block-column-is-layout-flow\">\n<h4 class=\"wp-block-heading\"><strong>JULL \u2013 Junges Literaturlabor<\/strong><\/h4>\n\n\n\n<p>The <strong><a href=\"https:\/\/www.jull.ch\/\">Junge Literaturlabor (JULL)<\/a><\/strong> is a public space for writing as well as a center of expertise on creative writing. At the JULL, professional authors work with children and young adults. Schoolkids from the city and the canton of Zurich as well as from further afield visit the JULL&#8217;s premises at B\u00e4rengasse 20, 8001 Zurich. Facilities include a stage as well as a recording studio.<\/p>\n\n\n\n<p>The JULL&#8217;s participation in the open-house event concludes a successful collaboration with the Zurich James Joyce Foundation that included a <a href=\"https:\/\/literaturhaus.ch\/veranstaltungen\/schreiblustig-mit-joyce-zuercher-jugendliche-lesen-eigene-texte\/\">public reading that took place at the Literaturhaus Z\u00fcrich on June 12, 2025<\/a>.<\/p>\n\n\n\n<p>On the Open House Day, the group Extramundana will conduct a writing workshop \u2013 and everybody is free to join!<\/p>\n\n\n\n<p>\u200b<\/p>\n<\/div>\n\n\n\n<div class=\"wp-block-column is-layout-flow wp-block-column-is-layout-flow\">\n<h4 class=\"wp-block-heading\"><strong>Aldous Huxley Centre Zurich<\/strong><\/h4>\n\n\n\n<p>Aldous Huxley is one of the greatest novelists and essayists of English Literature. His work is characterized by inter-disciplinary thinking; he was a true polymath who combined mastery of the arts with a profound understanding of psychology, religion, philosophy and mysticism.<\/p>\n\n\n\n<p>The <strong><a href=\"https:\/\/www.huxleycentre.ch\/\">Aldous Huxley Centre Zurich<\/a><\/strong> was established in 2023 and aims to interest young people in reading and thinking out of the box. It offers <\/p>\n\n\n\n<p>It offers <a href=\"https:\/\/www.huxleycentre.ch\/virtual-tour\">virtual tours<\/a>, but on-site visits are of course also available and can be booked via the <a href=\"https:\/\/www.huxleycentre.ch\/book-museum-visit\/\">contact form<\/a>.<\/p>\n<\/div>\n\n\n\n<div class=\"wp-block-column is-layout-flow wp-block-column-is-layout-flow\">\n<h4 class=\"wp-block-heading\"><strong>Zurich James Joyce Foundation<\/strong><\/h4>\n\n\n\n<p>Die Z\u00fcrcher James Joyce Stiftung wurde 1985 gegr\u00fcndet, um das Andenken und das Werk des irischen Schriftstellers James Joyce f\u00fcr die literarische Welt im Allgemeinen und f\u00fcr Z\u00fcrich im Besonderen lebendig zu halten, wo Joyce einige wichtige Schaffensjahre verbrachte und wo er starb.<\/p>\n\n\n\n<p>During our open-house day, visitors will get a chance to play our card game &#8220;Team Nora vs. Team Molly&#8221; and to learn more about Joyce&#8217;s Zurich poems. <\/p>\n\n\n\n<figure class=\"wp-block-image aligncenter size-large is-resized\"><img loading=\"lazy\" decoding=\"async\" width=\"1024\" height=\"768\" src=\"https:\/\/joycefoundation.ch\/wp-content\/uploads\/2025\/07\/20250712_Card_Game-edited-1024x768.jpg\" alt=\"\" class=\"wp-image-3323\" style=\"width:253px;height:auto\" srcset=\"https:\/\/joycefoundation.ch\/wp-content\/uploads\/2025\/07\/20250712_Card_Game-edited-1024x768.jpg 1024w, https:\/\/joycefoundation.ch\/wp-content\/uploads\/2025\/07\/20250712_Card_Game-edited-300x225.jpg 300w, https:\/\/joycefoundation.ch\/wp-content\/uploads\/2025\/07\/20250712_Card_Game-edited-768x576.jpg 768w, https:\/\/joycefoundation.ch\/wp-content\/uploads\/2025\/07\/20250712_Card_Game-edited-1536x1152.jpg 1536w, https:\/\/joycefoundation.ch\/wp-content\/uploads\/2025\/07\/20250712_Card_Game-edited-2048x1536.jpg 2048w, https:\/\/joycefoundation.ch\/wp-content\/uploads\/2025\/07\/20250712_Card_Game-edited-16x12.jpg 16w\" sizes=\"auto, (max-width: 1024px) 100vw, 1024px\" \/><\/figure>\n<\/div>\n<\/div>","protected":false},"excerpt":{"rendered":"<p>40th Anniversary Celebration with Friends Detailed Program What a wonderful present from the Strauhof team, on the occasion of our 40th anniversary! In the course of the day, the Zurich James Joyce Foundation will be allowed to use all three floors of the historic Strauhof building, to celebrate with some of our key partner organizations: [&hellip;]<\/p>\n","protected":false},"author":4,"featured_media":0,"parent":3528,"menu_order":0,"comment_status":"closed","ping_status":"closed","template":"wp-custom-template-one-column","meta":{"_acf_changed":false,"footnotes":""},"class_list":["post-3519","page","type-page","status-publish","hentry"],"acf":[],"_links":{"self":[{"href":"https:\/\/joycefoundation.ch\/de\/wp-json\/wp\/v2\/pages\/3519","targetHints":{"allow":["GET"]}}],"collection":[{"href":"https:\/\/joycefoundation.ch\/de\/wp-json\/wp\/v2\/pages"}],"about":[{"href":"https:\/\/joycefoundation.ch\/de\/wp-json\/wp\/v2\/types\/page"}],"author":[{"embeddable":true,"href":"https:\/\/joycefoundation.ch\/de\/wp-json\/wp\/v2\/users\/4"}],"replies":[{"embeddable":true,"href":"https:\/\/joycefoundation.ch\/de\/wp-json\/wp\/v2\/comments?post=3519"}],"version-history":[{"count":26,"href":"https:\/\/joycefoundation.ch\/de\/wp-json\/wp\/v2\/pages\/3519\/revisions"}],"predecessor-version":[{"id":3564,"href":"https:\/\/joycefoundation.ch\/de\/wp-json\/wp\/v2\/pages\/3519\/revisions\/3564"}],"up":[{"embeddable":true,"href":"https:\/\/joycefoundation.ch\/de\/wp-json\/wp\/v2\/pages\/3528"}],"wp:attachment":[{"href":"https:\/\/joycefoundation.ch\/de\/wp-json\/wp\/v2\/media?parent=3519"}],"curies":[{"name":"wp","href":"https:\/\/api.w.org\/{rel}","templated":true}]}}