{"id":329,"date":"2025-03-21T11:31:38","date_gmt":"2025-03-21T11:31:38","guid":{"rendered":"https:\/\/joycefoundation.ch\/?page_id=329"},"modified":"2025-05-16T21:21:55","modified_gmt":"2025-05-16T21:21:55","slug":"wandering-friends","status":"publish","type":"page","link":"https:\/\/joycefoundation.ch\/de\/the-friends\/wandering-friends\/","title":{"rendered":"Freunde auf Wanderschaft"},"content":{"rendered":"<figure class=\"wp-block-image size-large is-resized\"><img loading=\"lazy\" decoding=\"async\" width=\"1024\" height=\"689\" src=\"https:\/\/joycefoundation.ch\/wp-content\/uploads\/2025\/03\/DSC08577-scaled-e1742556685516-1024x689.jpg\" alt=\"\" class=\"wp-image-330\" style=\"width:1024px;height:auto\" srcset=\"https:\/\/joycefoundation.ch\/wp-content\/uploads\/2025\/03\/DSC08577-scaled-e1742556685516-1024x689.jpg 1024w, https:\/\/joycefoundation.ch\/wp-content\/uploads\/2025\/03\/DSC08577-scaled-e1742556685516-300x202.jpg 300w, https:\/\/joycefoundation.ch\/wp-content\/uploads\/2025\/03\/DSC08577-scaled-e1742556685516-768x516.jpg 768w, https:\/\/joycefoundation.ch\/wp-content\/uploads\/2025\/03\/DSC08577-scaled-e1742556685516-1536x1033.jpg 1536w, https:\/\/joycefoundation.ch\/wp-content\/uploads\/2025\/03\/DSC08577-scaled-e1742556685516.jpg 1707w\" sizes=\"auto, (max-width: 1024px) 100vw, 1024px\" \/><figcaption class=\"wp-element-caption\">Dublin-Pilgerfahrt 27. April bis 1. Mai 2024<sup>st<\/sup>.<\/figcaption><\/figure>\n\n\n\n<p>F\u00fcr das Jahr 2025 ist keine Pilgerfahrt geplant.<br><br>Unsere n\u00e4chste Reise werden wir hier ank\u00fcndigen!<\/p>","protected":false},"excerpt":{"rendered":"<p>There is no trip planned for 2025. We will advertise our next trip here!<\/p>","protected":false},"author":1,"featured_media":0,"parent":29,"menu_order":0,"comment_status":"closed","ping_status":"closed","template":"wp-custom-template-one-column","meta":{"_acf_changed":false,"footnotes":""},"class_list":["post-329","page","type-page","status-publish","hentry"],"acf":[],"_links":{"self":[{"href":"https:\/\/joycefoundation.ch\/de\/wp-json\/wp\/v2\/pages\/329","targetHints":{"allow":["GET"]}}],"collection":[{"href":"https:\/\/joycefoundation.ch\/de\/wp-json\/wp\/v2\/pages"}],"about":[{"href":"https:\/\/joycefoundation.ch\/de\/wp-json\/wp\/v2\/types\/page"}],"author":[{"embeddable":true,"href":"https:\/\/joycefoundation.ch\/de\/wp-json\/wp\/v2\/users\/1"}],"replies":[{"embeddable":true,"href":"https:\/\/joycefoundation.ch\/de\/wp-json\/wp\/v2\/comments?post=329"}],"version-history":[{"count":6,"href":"https:\/\/joycefoundation.ch\/de\/wp-json\/wp\/v2\/pages\/329\/revisions"}],"predecessor-version":[{"id":1502,"href":"https:\/\/joycefoundation.ch\/de\/wp-json\/wp\/v2\/pages\/329\/revisions\/1502"}],"up":[{"embeddable":true,"href":"https:\/\/joycefoundation.ch\/de\/wp-json\/wp\/v2\/pages\/29"}],"wp:attachment":[{"href":"https:\/\/joycefoundation.ch\/de\/wp-json\/wp\/v2\/media?parent=329"}],"curies":[{"name":"wp","href":"https:\/\/api.w.org\/{rel}","templated":true}]}}