{"id":320,"date":"2025-03-21T11:11:29","date_gmt":"2025-03-21T11:11:29","guid":{"rendered":"https:\/\/joycefoundation.ch\/?page_id=320"},"modified":"2026-04-07T18:55:30","modified_gmt":"2026-04-07T18:55:30","slug":"scholarships","status":"publish","type":"page","link":"https:\/\/joycefoundation.ch\/de\/library-research\/scholarships\/","title":{"rendered":"Stipendien"},"content":{"rendered":"<h3 class=\"wp-block-heading\">Information on How to Apply (only available in English)<\/h3>\n\n\n\n<div class=\"wp-block-columns is-layout-flex wp-container-core-columns-is-layout-28f84493 wp-block-columns-is-layout-flex\">\n<div class=\"wp-block-column is-layout-flow wp-block-column-is-layout-flow\">\n<h4 class=\"wp-block-heading\">Friends of the Zurich James Joyce Foundation Scholarships 2027<\/h4>\n\n\n\n<p>This scholarship is offered by the Friends of the Zurich James Joyce Foundation and supported by the Zurich James Joyce Foundation. <\/p>\n\n\n\n<p>(Note: A list of past recipients of the Friends of the Zurich James Joyce Foundation Scholarship is available below.)<br><br><strong>Deadline for applications: October 31, 202<\/strong>6<\/p>\n\n\n\n<div class=\"wp-block-file\"><a id=\"wp-block-file--media-d93517a6-ed63-4d50-bbfb-be98ee3b9826\" href=\"https:\/\/joycefoundation.ch\/wp-content\/uploads\/2026\/01\/Friends_of_the_Zurich_James_Joyce_Foundation_Scholarship_2027.pdf\">Friends_of_the_Zurich_James_Joyce_Foundation_Scholarship_2027<\/a><\/div>\n<\/div>\n\n\n\n<div class=\"wp-block-column is-layout-flow wp-block-column-is-layout-flow\">\n<h4 class=\"wp-block-heading\">Joyce Translation Scholarship and Looren Residency 2027<\/h4>\n\n\n\n<p>This scholarship is offered by the Friends of the Zurich James Joyce Foundation and Translation House Looren.<\/p>\n\n\n\n<p>Applications are invited from translators with an ongoing translation project of a work by James Joyce that they will continue working on while in Switzerland. The scholarship does not support completed translations awaiting publication.<br><br><strong>Deadline for applications: October 31, 202<\/strong>6<\/p>\n\n\n\n<div class=\"wp-block-file\"><a id=\"wp-block-file--media-b63408af-2fc6-41b7-8215-e59faa3f831a\" href=\"https:\/\/joycefoundation.ch\/wp-content\/uploads\/2026\/01\/Joyce-Scholarship-and-Looren-Residency-2026.pdf\">Joyce Scholarship and Looren Residency 2027<\/a><\/div>\n<\/div>\n<\/div>\n\n\n\n<h3 class=\"wp-block-heading\">Current Scholars (2026)<\/h3>\n\n\n\n<ul class=\"wp-block-list\">\n<li>Hasan Sezer (Turkey \/ Italy)<\/li>\n\n\n\n<li>Mariangela Paone (Italy \/ UK)<\/li>\n\n\n\n<li>Fraser Cattini (UK \/ Ireland)<\/li>\n\n\n\n<li>Umar Shehzad (Pakistan \/ UK)<\/li>\n<\/ul>\n\n\n\n<h3 class=\"wp-block-heading\">Past Scholars<\/h3>\n\n\n\n<div class=\"wp-block-columns is-layout-flex wp-container-core-columns-is-layout-28f84493 wp-block-columns-is-layout-flex\">\n<div class=\"wp-block-column column-scholars is-layout-flow wp-block-column-is-layout-flow\">\n<div class=\"wp-block-group has-tertiary-background-color has-background has-global-padding is-content-justification-left is-layout-constrained wp-container-core-group-is-layout-12dd3699 wp-block-group-is-layout-constrained\">\n<div style=\"height:14px\" aria-hidden=\"true\" class=\"wp-block-spacer\"><\/div>\n\n\n\n<h4 class=\"wp-block-heading\">Friends of the Zurich James Joyce Foundation Scholarships Recipients<\/h4>\n\n\n\n<p><strong>202<\/strong>5<br>Christopher Wogan (UK)<\/p>\n\n\n\n<p><strong>2024<\/strong><br>Amalia Cotoi-Micu (Romania)<br>Shantam Goyal (India)<br>Maisie Ridgeway (UK)<\/p>\n\n\n\n<p><strong>2023<\/strong><br>Trish Bilias (Greece)<br>Ryan Kerr (USA)<br>Dominic Richard (Canada)<br>Zoe Patterson (Ireland)<\/p>\n\n\n\n<p><strong>2022<\/strong><br>Julietta Albera (Argentina)<br>Georgina Binnie (UK)<br>Hamid Farahmandian (China)<br>Timea&nbsp;M\u00e9sz\u00e1ros (Hungary)<br>Alberto Tondello (UK)<\/p>\n\n\n\n<p><strong>2021<\/strong><br>Arianna Autieri&nbsp;(Italy)<br>Georgina Binnie&nbsp;(UK)<br>Alberto Tondello&nbsp;(UK)<br>Stephen Valeri&nbsp;(USA)<\/p>\n\n\n\n<p><strong>2020<\/strong><br>Katharina Rajabi (Germany)<br>Georgina Binnie (UK)<br>Arianna Autieri (UK\/Italy)<br>Tiana Fischer (Germany\/Ireland)<\/p>\n\n\n\n<p><a href=\"https:\/\/joycefoundation.ch\/de\/past-scholars\/\" data-type=\"page\" data-id=\"947\" target=\"_blank\" rel=\"noreferrer noopener\">Full list of past scholars<\/a><\/p>\n\n\n\n<div style=\"height:14px\" aria-hidden=\"true\" class=\"wp-block-spacer\"><\/div>\n<\/div>\n\n\n\n<p><\/p>\n\n\n\n<div class=\"wp-block-group has-tertiary-background-color has-background has-global-padding is-content-justification-left is-layout-constrained wp-container-core-group-is-layout-12dd3699 wp-block-group-is-layout-constrained\">\n<div style=\"height:14px\" aria-hidden=\"true\" class=\"wp-block-spacer\"><\/div>\n\n\n\n<h4 class=\"wp-block-heading\">City of Zurich&nbsp;Scholarships:<\/h4>\n\n\n\n<p>Funds supplied by the City of Zurich enabled the Foundation to offer six-month scholarships from 1988-1999.&nbsp;<\/p>\n\n\n\n<p><strong>Foundation scholars included:<\/strong><br>Susan Bazargan (Iran\/USA) 1999<br>Mia Lerm-Hayes (Germany) 1996<br>Christy Burns (USA) 1993<br>Dan Schiff (USA) 1993<br>Andrew Treip (England) 1991<br>Chitra Panikkar (India) 1990<br>Lynn Childress (USA) 1989<br>Marlena Corcoran (USA) 1988<\/p>\n\n\n\n<div style=\"height:14px\" aria-hidden=\"true\" class=\"wp-block-spacer\"><\/div>\n<\/div>\n<\/div>\n\n\n\n<div class=\"wp-block-column is-layout-flow wp-block-column-is-layout-flow\">\n<div class=\"wp-block-group has-tertiary-background-color has-background has-global-padding is-content-justification-left is-layout-constrained wp-container-core-group-is-layout-12dd3699 wp-block-group-is-layout-constrained\">\n<div style=\"height:14px\" aria-hidden=\"true\" class=\"wp-block-spacer\"><\/div>\n\n\n\n<h4 class=\"wp-block-heading\">Looren Residency Recipients<\/h4>\n\n\n\n<p><strong>2021<\/strong><br>Mohammad Ramazani (Iran)<\/p>\n\n\n\n<p><strong>2020<br><\/strong>Vitor Alevato do Amaral (Brazil)<\/p>\n\n\n\n<p><strong>2019<br><\/strong>Rodrigo Olavarr\u00eda (Chile)<\/p>\n\n\n\n<p><strong>2018<\/strong><br>Nil\u00fcfer Ilkaya (Turkey)<\/p>\n\n\n\n<p><strong>2017<\/strong><br>Rare\u0219 Moldovan (Romania)<\/p>\n\n\n\n<p><strong>2016<\/strong><br>Pablo Ingberg (Argentina)<br>Farid Ghadami (Iran)<\/p>\n\n\n\n<div style=\"height:14px\" aria-hidden=\"true\" class=\"wp-block-spacer\"><\/div>\n<\/div>\n\n\n\n<p><\/p>\n\n\n\n<div class=\"wp-block-group has-tertiary-background-color has-background has-global-padding is-content-justification-left is-layout-constrained wp-container-core-group-is-layout-12dd3699 wp-block-group-is-layout-constrained\">\n<div style=\"height:14px\" aria-hidden=\"true\" class=\"wp-block-spacer\"><\/div>\n\n\n\n<h4 class=\"wp-block-heading\">Other Scholarships:<\/h4>\n\n\n\n<p>Naturally your own home university or some local institution (like Erasmus) may have research grants and may be able to send you to our Foundation for a few weeks or months.<\/p>\n\n\n\n<p>Marianna Gula (Swiss Federal Grant 1999-2000)<br>Esther van Gelder (Erasmus 1996)<br>Ron Hoffman (Erasmus 1995)<br>Katharina Hagena (Daimler-Benz Stipendium 1994)<\/p>\n\n\n\n<p>Jin Di (Pamela and Paul Fritz Literary Agency Grant 1994)<br>Yasmin Haq (French Ministry of Education Grant 1986)<\/p>\n\n\n\n<div style=\"height:14px\" aria-hidden=\"true\" class=\"wp-block-spacer\"><\/div>\n<\/div>\n<\/div>\n<\/div>\n\n\n\n<h3 class=\"wp-block-heading\"> Publications by Scholars<\/h3>\n\n\n\n<h4 class=\"wp-block-heading\">Joyce Translation Scholarship and Looren Residency<\/h4>\n\n\n\n<div class=\"wp-block-query is-layout-flow wp-block-query-is-layout-flow\"><ul class=\"wp-block-post-template is-layout-flow wp-block-post-template-is-layout-flow\"><li class=\"wp-block-post post-1290 post type-post status-publish format-standard has-post-thumbnail hentry category-scholars-publications-looren\">\n\n<div class=\"wp-block-columns are-vertically-aligned-center is-layout-flex wp-container-core-columns-is-layout-28f84493 wp-block-columns-is-layout-flex\">\n<div class=\"wp-block-column is-vertically-aligned-center is-layout-flow wp-block-column-is-layout-flow\" style=\"flex-basis:25%\"><figure style=\"aspect-ratio:3\/2;\" class=\"wp-block-post-featured-image\"><a href=\"https:\/\/joycefoundation.ch\/de\/pablo-ingberg-james-joyce-poesia\/\" target=\"_self\"  ><img loading=\"lazy\" decoding=\"async\" width=\"366\" height=\"550\" src=\"https:\/\/joycefoundation.ch\/wp-content\/uploads\/2025\/04\/POESIA.png\" class=\"attachment-post-thumbnail size-post-thumbnail wp-post-image\" alt=\"Pablo Ingberg &#8211; James Joyce: Poes\u00eda\" style=\"width:100%;height:100%;object-fit:cover;\" srcset=\"https:\/\/joycefoundation.ch\/wp-content\/uploads\/2025\/04\/POESIA.png 366w, https:\/\/joycefoundation.ch\/wp-content\/uploads\/2025\/04\/POESIA-200x300.png 200w, https:\/\/joycefoundation.ch\/wp-content\/uploads\/2025\/04\/POESIA-8x12.png 8w\" sizes=\"auto, (max-width: 366px) 100vw, 366px\" \/><\/a><\/figure><\/div>\n\n\n\n<div class=\"wp-block-column is-vertically-aligned-center is-layout-flow wp-block-column-is-layout-flow\" style=\"flex-basis:75%\"><h3 class=\"wp-block-post-title\"><a href=\"https:\/\/joycefoundation.ch\/de\/pablo-ingberg-james-joyce-poesia\/\" target=\"_self\" >Pablo Ingberg &#8211; James Joyce: Poes\u00eda<\/a><\/h3><\/div>\n<\/div>\n\n<\/li><li class=\"wp-block-post post-1287 post type-post status-publish format-standard has-post-thumbnail hentry category-scholars-publications-looren\">\n\n<div class=\"wp-block-columns are-vertically-aligned-center is-layout-flex wp-container-core-columns-is-layout-28f84493 wp-block-columns-is-layout-flex\">\n<div class=\"wp-block-column is-vertically-aligned-center is-layout-flow wp-block-column-is-layout-flow\" style=\"flex-basis:25%\"><figure style=\"aspect-ratio:3\/2;\" class=\"wp-block-post-featured-image\"><a href=\"https:\/\/joycefoundation.ch\/de\/pablo-ingberg-giacomo-joyce-edicion-bilingue\/\" target=\"_self\"  ><img loading=\"lazy\" decoding=\"async\" width=\"249\" height=\"372\" src=\"https:\/\/joycefoundation.ch\/wp-content\/uploads\/2025\/04\/pablo-giacomo.png\" class=\"attachment-post-thumbnail size-post-thumbnail wp-post-image\" alt=\"Pablo Ingberg &#8211; Giacomo Joyce: edici\u00f3n biling\u00fce\" style=\"width:100%;height:100%;object-fit:cover;\" srcset=\"https:\/\/joycefoundation.ch\/wp-content\/uploads\/2025\/04\/pablo-giacomo.png 249w, https:\/\/joycefoundation.ch\/wp-content\/uploads\/2025\/04\/pablo-giacomo-201x300.png 201w, https:\/\/joycefoundation.ch\/wp-content\/uploads\/2025\/04\/pablo-giacomo-8x12.png 8w\" sizes=\"auto, (max-width: 249px) 100vw, 249px\" \/><\/a><\/figure><\/div>\n\n\n\n<div class=\"wp-block-column is-vertically-aligned-center is-layout-flow wp-block-column-is-layout-flow\" style=\"flex-basis:75%\"><h3 class=\"wp-block-post-title\"><a href=\"https:\/\/joycefoundation.ch\/de\/pablo-ingberg-giacomo-joyce-edicion-bilingue\/\" target=\"_self\" >Pablo Ingberg &#8211; Giacomo Joyce: edici\u00f3n biling\u00fce<\/a><\/h3><\/div>\n<\/div>\n\n<\/li><li class=\"wp-block-post post-1284 post type-post status-publish format-standard has-post-thumbnail hentry category-scholars-publications-looren\">\n\n<div class=\"wp-block-columns are-vertically-aligned-center is-layout-flex wp-container-core-columns-is-layout-28f84493 wp-block-columns-is-layout-flex\">\n<div class=\"wp-block-column is-vertically-aligned-center is-layout-flow wp-block-column-is-layout-flow\" style=\"flex-basis:25%\"><figure style=\"aspect-ratio:3\/2;\" class=\"wp-block-post-featured-image\"><a href=\"https:\/\/joycefoundation.ch\/de\/pablo-ingberg-joyce-james-escritos-criticos-y-afines\/\" target=\"_self\"  ><img loading=\"lazy\" decoding=\"async\" width=\"375\" height=\"564\" src=\"https:\/\/joycefoundation.ch\/wp-content\/uploads\/2025\/04\/pablo-afines.png\" class=\"attachment-post-thumbnail size-post-thumbnail wp-post-image\" alt=\"Pablo Ingberg &#8211; Joyce, James Escritos cr\u00edticos y afines\" style=\"width:100%;height:100%;object-fit:cover;\" srcset=\"https:\/\/joycefoundation.ch\/wp-content\/uploads\/2025\/04\/pablo-afines.png 375w, https:\/\/joycefoundation.ch\/wp-content\/uploads\/2025\/04\/pablo-afines-199x300.png 199w, https:\/\/joycefoundation.ch\/wp-content\/uploads\/2025\/04\/pablo-afines-8x12.png 8w\" sizes=\"auto, (max-width: 375px) 100vw, 375px\" \/><\/a><\/figure><\/div>\n\n\n\n<div class=\"wp-block-column is-vertically-aligned-center is-layout-flow wp-block-column-is-layout-flow\" style=\"flex-basis:75%\"><h3 class=\"wp-block-post-title\"><a href=\"https:\/\/joycefoundation.ch\/de\/pablo-ingberg-joyce-james-escritos-criticos-y-afines\/\" target=\"_self\" >Pablo Ingberg &#8211; Joyce, James Escritos cr\u00edticos y afines<\/a><\/h3><\/div>\n<\/div>\n\n<\/li><li class=\"wp-block-post post-1281 post type-post status-publish format-standard has-post-thumbnail hentry category-scholars-publications-looren\">\n\n<div class=\"wp-block-columns are-vertically-aligned-center is-layout-flex wp-container-core-columns-is-layout-28f84493 wp-block-columns-is-layout-flex\">\n<div class=\"wp-block-column is-vertically-aligned-center is-layout-flow wp-block-column-is-layout-flow\" style=\"flex-basis:25%\"><figure style=\"aspect-ratio:3\/2;\" class=\"wp-block-post-featured-image\"><a href=\"https:\/\/joycefoundation.ch\/de\/nilufer-ilkaya-dubliners-dublinliler-ve-dublinliler-uzerine-yazismalar\/\" target=\"_self\"  ><img loading=\"lazy\" decoding=\"async\" width=\"285\" height=\"427\" src=\"https:\/\/joycefoundation.ch\/wp-content\/uploads\/2025\/04\/dubliners.png\" class=\"attachment-post-thumbnail size-post-thumbnail wp-post-image\" alt=\"Nil\u00fcfer \u0130lkaya &#8211; Dubliners (Dublinliler ve Dublinliler \u00dczerine Yaz\u0131\u015fmalar)\" style=\"width:100%;height:100%;object-fit:cover;\" srcset=\"https:\/\/joycefoundation.ch\/wp-content\/uploads\/2025\/04\/dubliners.png 285w, https:\/\/joycefoundation.ch\/wp-content\/uploads\/2025\/04\/dubliners-200x300.png 200w, https:\/\/joycefoundation.ch\/wp-content\/uploads\/2025\/04\/dubliners-8x12.png 8w\" sizes=\"auto, (max-width: 285px) 100vw, 285px\" \/><\/a><\/figure><\/div>\n\n\n\n<div class=\"wp-block-column is-vertically-aligned-center is-layout-flow wp-block-column-is-layout-flow\" style=\"flex-basis:75%\"><h3 class=\"wp-block-post-title\"><a href=\"https:\/\/joycefoundation.ch\/de\/nilufer-ilkaya-dubliners-dublinliler-ve-dublinliler-uzerine-yazismalar\/\" target=\"_self\" >Nil\u00fcfer \u0130lkaya &#8211; Dubliners (Dublinliler ve Dublinliler \u00dczerine Yaz\u0131\u015fmalar)<\/a><\/h3><\/div>\n<\/div>\n\n<\/li><li class=\"wp-block-post post-1278 post type-post status-publish format-standard has-post-thumbnail hentry category-scholars-publications-looren\">\n\n<div class=\"wp-block-columns are-vertically-aligned-center is-layout-flex wp-container-core-columns-is-layout-28f84493 wp-block-columns-is-layout-flex\">\n<div class=\"wp-block-column is-vertically-aligned-center is-layout-flow wp-block-column-is-layout-flow\" style=\"flex-basis:25%\"><figure style=\"aspect-ratio:3\/2;\" class=\"wp-block-post-featured-image\"><a href=\"https:\/\/joycefoundation.ch\/de\/akram-pedramnia-ulysses-vol-1-3-chapters-1-12-persian-transl\/\" target=\"_self\"  ><img loading=\"lazy\" decoding=\"async\" width=\"1280\" height=\"960\" src=\"https:\/\/joycefoundation.ch\/wp-content\/uploads\/2025\/04\/ulysses_translation.jpg\" class=\"attachment-post-thumbnail size-post-thumbnail wp-post-image\" alt=\"Akram Pedramnia &#8211; Ulysses\u00a0Vol. 1-3, Chapters 1-12 (Persian Transl.)\" style=\"width:100%;height:100%;object-fit:cover;\" srcset=\"https:\/\/joycefoundation.ch\/wp-content\/uploads\/2025\/04\/ulysses_translation.jpg 1280w, https:\/\/joycefoundation.ch\/wp-content\/uploads\/2025\/04\/ulysses_translation-300x225.jpg 300w, https:\/\/joycefoundation.ch\/wp-content\/uploads\/2025\/04\/ulysses_translation-1024x768.jpg 1024w, https:\/\/joycefoundation.ch\/wp-content\/uploads\/2025\/04\/ulysses_translation-768x576.jpg 768w, https:\/\/joycefoundation.ch\/wp-content\/uploads\/2025\/04\/ulysses_translation-16x12.jpg 16w\" sizes=\"auto, (max-width: 1280px) 100vw, 1280px\" \/><\/a><\/figure><\/div>\n\n\n\n<div class=\"wp-block-column is-vertically-aligned-center is-layout-flow wp-block-column-is-layout-flow\" style=\"flex-basis:75%\"><h3 class=\"wp-block-post-title\"><a href=\"https:\/\/joycefoundation.ch\/de\/akram-pedramnia-ulysses-vol-1-3-chapters-1-12-persian-transl\/\" target=\"_self\" >Akram Pedramnia &#8211; Ulysses\u00a0Vol. 1-3, Chapters 1-12 (Persian Transl.)<\/a><\/h3><\/div>\n<\/div>\n\n<\/li><li class=\"wp-block-post post-1249 post type-post status-publish format-standard has-post-thumbnail hentry category-scholars-publications-looren\">\n\n<div class=\"wp-block-columns are-vertically-aligned-center is-layout-flex wp-container-core-columns-is-layout-28f84493 wp-block-columns-is-layout-flex\">\n<div class=\"wp-block-column is-vertically-aligned-center is-layout-flow wp-block-column-is-layout-flow\" style=\"flex-basis:25%\"><figure style=\"aspect-ratio:3\/2;\" class=\"wp-block-post-featured-image\"><a href=\"https:\/\/joycefoundation.ch\/de\/nilufer-ilkaya-letters-to-nora-noraya-mektuplar\/\" target=\"_self\"  ><img loading=\"lazy\" decoding=\"async\" width=\"333\" height=\"499\" src=\"https:\/\/joycefoundation.ch\/wp-content\/uploads\/2025\/04\/image.png\" class=\"attachment-post-thumbnail size-post-thumbnail wp-post-image\" alt=\"Nil\u00fcfer \u0130lkaya &#8211; Letters to Nora (nora\u2019ya mektuplar)\" style=\"width:100%;height:100%;object-fit:cover;\" srcset=\"https:\/\/joycefoundation.ch\/wp-content\/uploads\/2025\/04\/image.png 333w, https:\/\/joycefoundation.ch\/wp-content\/uploads\/2025\/04\/image-200x300.png 200w, https:\/\/joycefoundation.ch\/wp-content\/uploads\/2025\/04\/image-8x12.png 8w\" sizes=\"auto, (max-width: 333px) 100vw, 333px\" \/><\/a><\/figure><\/div>\n\n\n\n<div class=\"wp-block-column is-vertically-aligned-center is-layout-flow wp-block-column-is-layout-flow\" style=\"flex-basis:75%\"><h3 class=\"wp-block-post-title\"><a href=\"https:\/\/joycefoundation.ch\/de\/nilufer-ilkaya-letters-to-nora-noraya-mektuplar\/\" target=\"_self\" >Nil\u00fcfer \u0130lkaya &#8211; Letters to Nora (nora\u2019ya mektuplar)<\/a><\/h3><\/div>\n<\/div>\n\n<\/li><\/ul><\/div>\n\n\n\n<h4 class=\"wp-block-heading\">The Friends of the Zurich James Joyce Foundation Scholarships<\/h4>\n\n\n\n<p><\/p>","protected":false},"excerpt":{"rendered":"<p>Information on How to Apply Friends of the Zurich James Joyce Foundation Scholarships 2027 This scholarship is offered by the Friends of the Zurich James Joyce Foundation and supported by the Zurich James Joyce Foundation. (Note: A list of past recipients of the Friends of the Zurich James Joyce Foundation Scholarship is available below.) Deadline [&hellip;]<\/p>\n","protected":false},"author":1,"featured_media":0,"parent":23,"menu_order":0,"comment_status":"closed","ping_status":"closed","template":"wp-custom-template-one-column","meta":{"_acf_changed":false,"footnotes":""},"class_list":["post-320","page","type-page","status-publish","hentry"],"acf":[],"_links":{"self":[{"href":"https:\/\/joycefoundation.ch\/de\/wp-json\/wp\/v2\/pages\/320","targetHints":{"allow":["GET"]}}],"collection":[{"href":"https:\/\/joycefoundation.ch\/de\/wp-json\/wp\/v2\/pages"}],"about":[{"href":"https:\/\/joycefoundation.ch\/de\/wp-json\/wp\/v2\/types\/page"}],"author":[{"embeddable":true,"href":"https:\/\/joycefoundation.ch\/de\/wp-json\/wp\/v2\/users\/1"}],"replies":[{"embeddable":true,"href":"https:\/\/joycefoundation.ch\/de\/wp-json\/wp\/v2\/comments?post=320"}],"version-history":[{"count":50,"href":"https:\/\/joycefoundation.ch\/de\/wp-json\/wp\/v2\/pages\/320\/revisions"}],"predecessor-version":[{"id":4664,"href":"https:\/\/joycefoundation.ch\/de\/wp-json\/wp\/v2\/pages\/320\/revisions\/4664"}],"up":[{"embeddable":true,"href":"https:\/\/joycefoundation.ch\/de\/wp-json\/wp\/v2\/pages\/23"}],"wp:attachment":[{"href":"https:\/\/joycefoundation.ch\/de\/wp-json\/wp\/v2\/media?parent=320"}],"curies":[{"name":"wp","href":"https:\/\/api.w.org\/{rel}","templated":true}]}}