{"id":283,"date":"2025-03-21T10:24:17","date_gmt":"2025-03-21T10:24:17","guid":{"rendered":"https:\/\/joycefoundation.ch\/?page_id=283"},"modified":"2026-01-21T12:38:22","modified_gmt":"2026-01-21T12:38:22","slug":"visitors","status":"publish","type":"page","link":"https:\/\/joycefoundation.ch\/de\/the-foundation\/visitors\/","title":{"rendered":"Information f\u00fcr Besucher:innen"},"content":{"rendered":"<div class=\"wp-block-columns is-layout-flex wp-container-core-columns-is-layout-28f84493 wp-block-columns-is-layout-flex\">\n<div class=\"wp-block-column is-layout-flow wp-block-column-is-layout-flow\">\n<h5 class=\"wp-block-heading\">Zurich James Joyce Foundation Augustinergasse 9, 8003 Z\u00fcrich <\/h5>\n\n\n\n<ul class=\"wp-block-list\">\n<li><strong>Sie finden uns im obersten Stock des historischen Strauhof-Geb\u00e4udes.<\/strong><\/li>\n\n\n\n<li><strong>Bitte beachten Sie auch die Information bez\u00fcglich <a href=\"https:\/\/joycefoundation.ch\/de\/the-foundation\/accessibility\/\" data-type=\"page\" data-id=\"412\">Barrierefreiheit<\/a>.<\/strong><\/li>\n<\/ul>\n\n\n\n<p><strong>Weitere Informationen:<\/strong><\/p>\n\n\n\n<ul class=\"wp-block-list\">\n<li><a href=\"https:\/\/joycefoundation.ch\/de\/for-groups\/\" data-type=\"page\" data-id=\"1605\"><strong>F\u00fcr Gruppen<\/strong><\/a><\/li>\n\n\n\n<li><a href=\"https:\/\/joycefoundation.ch\/de\/for-schools\/\" data-type=\"page\" data-id=\"1570\"><strong>F\u00fcr Schulen<\/strong><\/a><\/li>\n\n\n\n<li><a href=\"https:\/\/joycefoundation.ch\/de\/library-research\/\" data-type=\"page\" data-id=\"23\"><strong>F\u00fcr Forscher:innen<\/strong><\/a><\/li>\n<\/ul>\n\n\n\n<p><strong>\u00d6ffnungszeiten<\/strong>:<\/p>\n\n\n\n<ul class=\"wp-block-list\">\n<li class=\"translation-block\"><strong>Montag:<\/strong> geschlossen<\/li>\n\n\n\n<li><strong>Dienstag: <\/strong>12 bis 18 Uhr (+ <a href=\"https:\/\/joycefoundation.ch\/de\/the-foundation\/reading-groups\/\" data-type=\"page\" data-id=\"333\">Lesegruppen<\/a>)<\/li>\n\n\n\n<li><strong>Mittwoch: <\/strong>12 bis 18 Uhr<\/li>\n\n\n\n<li><strong>Donnerstag: <\/strong>12 bis 18 Uhr (+ <a href=\"https:\/\/joycefoundation.ch\/de\/the-foundation\/reading-groups\/\" data-type=\"page\" data-id=\"333\">Lesegruppen<\/a>)<\/li>\n\n\n\n<li><strong>Freitag: <\/strong>12 bis 18 Uhr <\/li>\n\n\n\n<li class=\"translation-block\"><strong>Samstag: <\/strong>11 bis 17 Uhr<\/li>\n\n\n\n<li class=\"translation-block\"><strong>Sonntag: <\/strong>geschlossen<\/li>\n\n\n\n<li>oder nach Absprache (z.B. f\u00fcr <a href=\"https:\/\/joycefoundation.ch\/de\/the-foundation\/visitors\/for-groups\/\" data-type=\"page\" data-id=\"1605\">gef\u00fchrte Besuche &amp; Stadtrundg\u00e4nge<\/a>)<\/li>\n<\/ul>\n\n\n\n<p><strong>Note that the Zurich James Joyce Foundation is also closed on the following dates: <\/strong><\/p>\n\n\n\n<ul class=\"wp-block-list\">\n<li><strong>24. Januar 2026: <\/strong>Interner Anlass<\/li>\n\n\n\n<li class=\"translation-block\"><strong>3. bis 6. April 2026: <\/strong>Ostern<\/li>\n\n\n\n<li><strong>1. Mai 2026: <\/strong>Tag der Arbeit<\/li>\n\n\n\n<li><strong>14. Mai 2026: <\/strong>Auffahrt<\/li>\n\n\n\n<li><strong>1. Juni bis 31. Aug 2026: <\/strong>R\u00e4umlichkeiten aufgrund von Bauarbeiten nicht zug\u00e4nglich; B\u00fcro ge\u00f6ffnet<\/li>\n\n\n\n<li><strong>24. Dez 2026 bis 4. Jan 2027: <\/strong>Winterferien<\/li>\n<\/ul>\n<\/div>\n\n\n\n<div class=\"wp-block-column is-layout-flow wp-block-column-is-layout-flow\">\n<figure class=\"wp-block-image alignleft size-full is-resized\"><img loading=\"lazy\" decoding=\"async\" width=\"800\" height=\"465\" src=\"https:\/\/joycefoundation.ch\/wp-content\/uploads\/2025\/07\/20250725-New-Street-Sign-1.jpg\" alt=\"\" class=\"wp-image-3358\" style=\"width:600px;height:auto\" srcset=\"https:\/\/joycefoundation.ch\/wp-content\/uploads\/2025\/07\/20250725-New-Street-Sign-1.jpg 800w, https:\/\/joycefoundation.ch\/wp-content\/uploads\/2025\/07\/20250725-New-Street-Sign-1-300x174.jpg 300w, https:\/\/joycefoundation.ch\/wp-content\/uploads\/2025\/07\/20250725-New-Street-Sign-1-768x446.jpg 768w, https:\/\/joycefoundation.ch\/wp-content\/uploads\/2025\/07\/20250725-New-Street-Sign-1-18x10.jpg 18w\" sizes=\"auto, (max-width: 800px) 100vw, 800px\" \/><\/figure>\n\n\n\n<iframe src=\"https:\/\/www.google.com\/maps\/embed?pb=!1m18!1m12!1m3!1d2702.063240473649!2d8.537470377077732!3d47.3716841711692!2m3!1f0!2f0!3f0!3m2!1i1024!2i768!4f13.1!3m3!1m2!1s0x47900a07335bb4b1%3A0xbe8d15acdf27e2c!2sZurich%20James%20Joyce%20Foundation!5e0!3m2!1sen!2sch!4v1742564047499!5m2!1sen!2sch\" width=\"600\" height=\"450\" style=\"border:0;\" allowfullscreen=\"\" loading=\"lazy\" referrerpolicy=\"no-referrer-when-downgrade\"><\/iframe>\n<\/div>\n<\/div>","protected":false},"excerpt":{"rendered":"<p>Zurich James Joyce Foundation Augustinergasse 9, 8003 Zurich Further Information: Opening Hours: Note that the Zurich James Joyce Foundation is also closed on the following dates:<\/p>","protected":false},"author":1,"featured_media":0,"parent":16,"menu_order":0,"comment_status":"closed","ping_status":"closed","template":"wp-custom-template-one-column","meta":{"_acf_changed":false,"footnotes":""},"class_list":["post-283","page","type-page","status-publish","hentry"],"acf":[],"_links":{"self":[{"href":"https:\/\/joycefoundation.ch\/de\/wp-json\/wp\/v2\/pages\/283","targetHints":{"allow":["GET"]}}],"collection":[{"href":"https:\/\/joycefoundation.ch\/de\/wp-json\/wp\/v2\/pages"}],"about":[{"href":"https:\/\/joycefoundation.ch\/de\/wp-json\/wp\/v2\/types\/page"}],"author":[{"embeddable":true,"href":"https:\/\/joycefoundation.ch\/de\/wp-json\/wp\/v2\/users\/1"}],"replies":[{"embeddable":true,"href":"https:\/\/joycefoundation.ch\/de\/wp-json\/wp\/v2\/comments?post=283"}],"version-history":[{"count":76,"href":"https:\/\/joycefoundation.ch\/de\/wp-json\/wp\/v2\/pages\/283\/revisions"}],"predecessor-version":[{"id":4327,"href":"https:\/\/joycefoundation.ch\/de\/wp-json\/wp\/v2\/pages\/283\/revisions\/4327"}],"up":[{"embeddable":true,"href":"https:\/\/joycefoundation.ch\/de\/wp-json\/wp\/v2\/pages\/16"}],"wp:attachment":[{"href":"https:\/\/joycefoundation.ch\/de\/wp-json\/wp\/v2\/media?parent=283"}],"curies":[{"name":"wp","href":"https:\/\/api.w.org\/{rel}","templated":true}]}}