{"id":23,"date":"2025-02-21T08:48:44","date_gmt":"2025-02-21T08:48:44","guid":{"rendered":"https:\/\/joycefoundation.ch\/?page_id=23"},"modified":"2025-12-20T22:06:10","modified_gmt":"2025-12-20T22:06:10","slug":"library-research","status":"publish","type":"page","link":"https:\/\/joycefoundation.ch\/de\/library-research\/","title":{"rendered":"Bibliothek &amp; Recherche"},"content":{"rendered":"<div class=\"wp-block-columns is-layout-flex wp-container-core-columns-is-layout-28f84493 wp-block-columns-is-layout-flex\">\n<div class=\"wp-block-column is-layout-flow wp-block-column-is-layout-flow\" style=\"flex-basis:66.66%\">\n<p><strong>Die Zurich James Joyce Foundation beherbergt eine der weltweit wichtigsten Sammlungen zu James Joyce.<\/strong> Sie umfasst B\u00fccher \u2013 u.a. viele seltene Texte und Erstausgaben \u2013, Kunstwerke, Handschriften und museale Objekte. Unsere Bibliothek steht sowohl Forscher:innen als auch allen anderen Personen offen.<\/p>\n\n\n\n<ul class=\"wp-block-list\">\n<li><strong>Die \u00d6ffnungszeiten finden Sie auf <a href=\"https:\/\/joycefoundation.ch\/de\/visitors\/\" data-type=\"page\" data-id=\"283\">Information f\u00fcr Besucher:innen<\/a><\/strong>. <\/li>\n\n\n\n<li class=\"translation-block\">F\u00fcr Bestellungen von Scans oder Kopien sowie die Nutzungsrechte von Material mit Copyright konsultieren Sie unsere <a href=\"https:\/\/joycefoundation.ch\/wp-content\/uploads\/2025\/06\/Services-and-Use-of-Material-Fees-in-CHF.pdf\" data-type=\"attachment\" data-id=\"3270\" target=\"_self\">Geb\u00fchren\u00fcbersicht<\/a>.<\/li>\n\n\n\n<li>Beachten Sie, dass es sich bei der Zurich James Joyce Foundation um eine Pr\u00e4senzbibliothek handelt (d.h. B\u00fccher k\u00f6nnen vor Ort konsultiert, aber nicht ausgeliehen werden).<\/li>\n<\/ul>\n\n\n\n<h3 class=\"wp-block-heading\">Recherche<\/h3>\n\n\n\n<p><strong>Sie finden den Bibliothekskatalog der Zurich James Joyce Foundation auf: <a href=\"https:\/\/www.zotero.org\/zurich_james_joyce_foundation\/library\" target=\"_blank\" rel=\"noreferrer noopener\">https:\/\/www.zotero.org\/zurich_james_joyce_foundation\/library.<\/a> <\/strong>Eine kurze Anleitung finden Sie&nbsp;<a href=\"http:\/\/www.joycefoundation.ch\/wp-content\/uploads\/2024\/09\/Short-Users-Manual-for-the-Online-Catalog-of-the-Zurich-James-Joyce-Foundation.pdf\" target=\"_blank\" rel=\"noreferrer noopener\"><u>hier<\/u><\/a>.<br><br>Der Katalog wird regelm\u00e4ssig aktualisiert und umfasst alle B\u00fccher, Zeitschriften, Filme und Tonaufnahmen. Bitte kontaktieren Sie uns auf&nbsp;<a href=\"mailto:info@joycefoundation.ch\">info@joycefoundation.ch<\/a>&nbsp;falls Sie Informationen zu anderen Best\u00e4nden (z. B. Fotografien, Kunstwerke und Manuskripte) ben\u00f6tigen.<\/p>\n\n\n\n<p>Genauere Informationen finden Sie unter <a href=\"https:\/\/joycefoundation.ch\/de\/library-research\/catalog-resources\/\" data-type=\"page\" data-id=\"1966\">Katalog &amp; Ressourcen<\/a>.<\/p>\n<\/div>\n\n\n\n<div class=\"wp-block-column is-layout-flow wp-block-column-is-layout-flow\" style=\"flex-basis:33.33%\">\n<figure class=\"wp-block-image alignright size-full is-resized\"><img loading=\"lazy\" decoding=\"async\" width=\"1000\" height=\"750\" src=\"https:\/\/joycefoundation.ch\/wp-content\/uploads\/2025\/05\/IMG_20250425_174614.jpg\" alt=\"\" class=\"wp-image-1615\" style=\"width:567px;height:auto\" srcset=\"https:\/\/joycefoundation.ch\/wp-content\/uploads\/2025\/05\/IMG_20250425_174614.jpg 1000w, https:\/\/joycefoundation.ch\/wp-content\/uploads\/2025\/05\/IMG_20250425_174614-300x225.jpg 300w, https:\/\/joycefoundation.ch\/wp-content\/uploads\/2025\/05\/IMG_20250425_174614-768x576.jpg 768w, https:\/\/joycefoundation.ch\/wp-content\/uploads\/2025\/05\/IMG_20250425_174614-16x12.jpg 16w\" sizes=\"auto, (max-width: 1000px) 100vw, 1000px\" \/><figcaption class=\"wp-element-caption\">Ein Einblick in die Bibliothek der Zurich James Joyce Foundation<\/figcaption><\/figure>\n<\/div>\n<\/div>","protected":false},"excerpt":{"rendered":"<p>The Zurich James Joyce Foundation hosts one of the world&#8217;s most important collections on James Joyce. It comprises books \u2013 including many rare and first editions \u2013 artworks, autographs, and museum objects. Our library is open to scholars as well as members of the general public. Research You can find the Zurich James Joyce Foundation\u2019s [&hellip;]<\/p>\n","protected":false},"author":1,"featured_media":0,"parent":0,"menu_order":0,"comment_status":"closed","ping_status":"closed","template":"wp-custom-template-one-column","meta":{"_acf_changed":false,"footnotes":""},"class_list":["post-23","page","type-page","status-publish","hentry"],"acf":[],"_links":{"self":[{"href":"https:\/\/joycefoundation.ch\/de\/wp-json\/wp\/v2\/pages\/23","targetHints":{"allow":["GET"]}}],"collection":[{"href":"https:\/\/joycefoundation.ch\/de\/wp-json\/wp\/v2\/pages"}],"about":[{"href":"https:\/\/joycefoundation.ch\/de\/wp-json\/wp\/v2\/types\/page"}],"author":[{"embeddable":true,"href":"https:\/\/joycefoundation.ch\/de\/wp-json\/wp\/v2\/users\/1"}],"replies":[{"embeddable":true,"href":"https:\/\/joycefoundation.ch\/de\/wp-json\/wp\/v2\/comments?post=23"}],"version-history":[{"count":38,"href":"https:\/\/joycefoundation.ch\/de\/wp-json\/wp\/v2\/pages\/23\/revisions"}],"predecessor-version":[{"id":4268,"href":"https:\/\/joycefoundation.ch\/de\/wp-json\/wp\/v2\/pages\/23\/revisions\/4268"}],"wp:attachment":[{"href":"https:\/\/joycefoundation.ch\/de\/wp-json\/wp\/v2\/media?parent=23"}],"curies":[{"name":"wp","href":"https:\/\/api.w.org\/{rel}","templated":true}]}}