{"id":216,"date":"2025-04-11T04:51:14","date_gmt":"2025-04-11T04:51:14","guid":{"rendered":"https:\/\/joycefoundation.ch\/?page_id=216"},"modified":"2025-10-23T13:15:33","modified_gmt":"2025-10-23T13:15:33","slug":"archive","status":"publish","type":"page","link":"https:\/\/joycefoundation.ch\/de\/news-events\/archive\/","title":{"rendered":"Archiv"},"content":{"rendered":"<div class=\"wp-block-query is-layout-flow wp-block-query-is-layout-flow\">\n<h4 class=\"wp-block-heading\">News<\/h4>\n\n\n<ul class=\"columns-3 wp-block-post-template is-layout-grid wp-container-core-post-template-is-layout-6d3fbd8f wp-block-post-template-is-layout-grid\"><li class=\"wp-block-post post-3829 post type-post status-publish format-standard has-post-thumbnail hentry category-archive-news\">\n\n<div class=\"wp-block-group is-layout-flow wp-block-group-is-layout-flow\" style=\"padding-top:30px;padding-right:30px;padding-bottom:30px;padding-left:30px\"><h3 class=\"wp-block-post-title\"><a href=\"https:\/\/joycefoundation.ch\/de\/starting-in-january-new-dubliners-reading-group\/\" target=\"_self\" >Ab Januar 2026: Neue Dubliner-Lesegruppe<\/a><\/h3>\n\n<figure style=\"aspect-ratio:3\/2;\" class=\"wp-block-post-featured-image\"><img loading=\"lazy\" decoding=\"async\" width=\"960\" height=\"540\" src=\"https:\/\/joycefoundation.ch\/wp-content\/uploads\/2025\/11\/Image-of-Dublin.jpg\" class=\"attachment-post-thumbnail size-post-thumbnail wp-post-image\" alt=\"\" style=\"border-radius:16px;width:100%;height:100%;object-fit:cover;\" srcset=\"https:\/\/joycefoundation.ch\/wp-content\/uploads\/2025\/11\/Image-of-Dublin.jpg 960w, https:\/\/joycefoundation.ch\/wp-content\/uploads\/2025\/11\/Image-of-Dublin-300x169.jpg 300w, https:\/\/joycefoundation.ch\/wp-content\/uploads\/2025\/11\/Image-of-Dublin-768x432.jpg 768w, https:\/\/joycefoundation.ch\/wp-content\/uploads\/2025\/11\/Image-of-Dublin-18x10.jpg 18w\" sizes=\"auto, (max-width: 960px) 100vw, 960px\" \/><\/figure>\n\n<div class=\"wp-block-post-excerpt\"><p class=\"wp-block-post-excerpt__excerpt\">Starting in January 2026, our Tuesday 6 p.m. reading group will focus on James Joyce&#8217;s short story collection Dubliners. Each session will concentrate on one of the fifteen stories (except for the final story &#8220;The Dead,&#8221; to which we will devote two sessions). Note that the Dubliners reading group will be offered in German as<\/p><p class=\"wp-block-post-excerpt__more-text\"><a class=\"wp-block-post-excerpt__more-link\" href=\"https:\/\/joycefoundation.ch\/de\/starting-in-january-new-dubliners-reading-group\/\">read more<\/a><\/p><\/div>\n\n<div class=\"wp-block-post-date\"><time datetime=\"2025-11-08T11:27:36+00:00\">November 8, 2025<\/time><\/div><\/div>\n\n\n\n<p><\/p>\n\n<\/li><li class=\"wp-block-post post-3629 post type-post status-publish format-standard has-post-thumbnail hentry category-archive-news\">\n\n<div class=\"wp-block-group is-layout-flow wp-block-group-is-layout-flow\" style=\"padding-top:30px;padding-right:30px;padding-bottom:30px;padding-left:30px\"><h3 class=\"wp-block-post-title\"><a href=\"https:\/\/joycefoundation.ch\/de\/anthony-burgess-a-shorter-ulysses\/\" target=\"_self\" >Forthcoming: Anthony Burgess, A Shorter Ulysses<\/a><\/h3>\n\n<figure style=\"aspect-ratio:3\/2;\" class=\"wp-block-post-featured-image\"><img loading=\"lazy\" decoding=\"async\" width=\"395\" height=\"601\" src=\"https:\/\/joycefoundation.ch\/wp-content\/uploads\/2025\/10\/Shorter-Ulysses-cover-small.jpg\" class=\"attachment-post-thumbnail size-post-thumbnail wp-post-image\" alt=\"\" style=\"border-radius:16px;width:100%;height:100%;object-fit:cover;\" srcset=\"https:\/\/joycefoundation.ch\/wp-content\/uploads\/2025\/10\/Shorter-Ulysses-cover-small.jpg 395w, https:\/\/joycefoundation.ch\/wp-content\/uploads\/2025\/10\/Shorter-Ulysses-cover-small-197x300.jpg 197w, https:\/\/joycefoundation.ch\/wp-content\/uploads\/2025\/10\/Shorter-Ulysses-cover-small-8x12.jpg 8w\" sizes=\"auto, (max-width: 395px) 100vw, 395px\" \/><\/figure>\n\n<div class=\"wp-block-post-excerpt\"><p class=\"wp-block-post-excerpt__excerpt\">Edited by Andrew Biswell from the International Anthony Burgess Foundation and published by Galileo Publishers, Anthony Burgess&#8217;s A Shorter Ulysses will be available from late November, 2025. As stated on the publisher&#8217;s website: &#8220;This radical reduction of the novel, containing the key episodes which stand at the heart of the novel, includes an introduction and<\/p><p class=\"wp-block-post-excerpt__more-text\"><a class=\"wp-block-post-excerpt__more-link\" href=\"https:\/\/joycefoundation.ch\/de\/anthony-burgess-a-shorter-ulysses\/\">read more<\/a><\/p><\/div>\n\n<div class=\"wp-block-post-date\"><time datetime=\"2025-10-09T12:06:07+00:00\">Oktober 9, 2025<\/time><\/div><\/div>\n\n\n\n<p><\/p>\n\n<\/li><li class=\"wp-block-post post-3376 post type-post status-publish format-standard has-post-thumbnail hentry category-archive-news\">\n\n<div class=\"wp-block-group is-layout-flow wp-block-group-is-layout-flow\" style=\"padding-top:30px;padding-right:30px;padding-bottom:30px;padding-left:30px\"><h3 class=\"wp-block-post-title\"><a href=\"https:\/\/joycefoundation.ch\/de\/new-signpost-on-bahnhofstrasse\/\" target=\"_self\" >New Joyce Signpost on Zurich&#8217;s Bahnhofstrasse<\/a><\/h3>\n\n<figure style=\"aspect-ratio:3\/2;\" class=\"wp-block-post-featured-image\"><img loading=\"lazy\" decoding=\"async\" width=\"800\" height=\"465\" src=\"https:\/\/joycefoundation.ch\/wp-content\/uploads\/2025\/07\/20250725-New-Street-Sign-1.jpg\" class=\"attachment-post-thumbnail size-post-thumbnail wp-post-image\" alt=\"\" style=\"border-radius:16px;width:100%;height:100%;object-fit:cover;\" srcset=\"https:\/\/joycefoundation.ch\/wp-content\/uploads\/2025\/07\/20250725-New-Street-Sign-1.jpg 800w, https:\/\/joycefoundation.ch\/wp-content\/uploads\/2025\/07\/20250725-New-Street-Sign-1-300x174.jpg 300w, https:\/\/joycefoundation.ch\/wp-content\/uploads\/2025\/07\/20250725-New-Street-Sign-1-768x446.jpg 768w, https:\/\/joycefoundation.ch\/wp-content\/uploads\/2025\/07\/20250725-New-Street-Sign-1-18x10.jpg 18w\" sizes=\"auto, (max-width: 800px) 100vw, 800px\" \/><\/figure>\n\n<div class=\"wp-block-post-excerpt\"><p class=\"wp-block-post-excerpt__excerpt\">Have you ever had trouble finding the Zurich James Joyce Foundation? If so, you&#8217;ll be pleased to learn that there&#8217;s a new signpost in town! Just walk down Bahnhofrstrasse from Zurich Main Station and keep a lookout on your left. You&#8217;ll find the new signpost on your left, at the corner of Bahnhofstrasse and Augustinergasse.<\/p><p class=\"wp-block-post-excerpt__more-text\"><a class=\"wp-block-post-excerpt__more-link\" href=\"https:\/\/joycefoundation.ch\/de\/new-signpost-on-bahnhofstrasse\/\">read more<\/a><\/p><\/div>\n\n<div class=\"wp-block-post-date\"><time datetime=\"2025-07-26T13:49:27+00:00\">Juli 26, 2025<\/time><\/div><\/div>\n\n\n\n<p><\/p>\n\n<\/li><li class=\"wp-block-post post-3044 post type-post status-publish format-standard has-post-thumbnail hentry category-archive-news\">\n\n<div class=\"wp-block-group is-layout-flow wp-block-group-is-layout-flow\" style=\"padding-top:30px;padding-right:30px;padding-bottom:30px;padding-left:30px\"><h3 class=\"wp-block-post-title\"><a href=\"https:\/\/joycefoundation.ch\/de\/max-geilinger-prize-to-be-awarded-to-ruth-frehner-and-ursula-zeller\/\" target=\"_self\" >Max Geilinger Prize to Be Awarded to Ruth Frehner and Ursula Zeller<\/a><\/h3>\n\n<figure style=\"aspect-ratio:3\/2;\" class=\"wp-block-post-featured-image\"><img loading=\"lazy\" decoding=\"async\" width=\"672\" height=\"431\" src=\"https:\/\/joycefoundation.ch\/wp-content\/uploads\/2025\/06\/Gcan8IFWcAAkV_1.jpg\" class=\"attachment-post-thumbnail size-post-thumbnail wp-post-image\" alt=\"\" style=\"border-radius:16px;width:100%;height:100%;object-fit:cover;\" srcset=\"https:\/\/joycefoundation.ch\/wp-content\/uploads\/2025\/06\/Gcan8IFWcAAkV_1.jpg 672w, https:\/\/joycefoundation.ch\/wp-content\/uploads\/2025\/06\/Gcan8IFWcAAkV_1-300x192.jpg 300w, https:\/\/joycefoundation.ch\/wp-content\/uploads\/2025\/06\/Gcan8IFWcAAkV_1-18x12.jpg 18w\" sizes=\"auto, (max-width: 672px) 100vw, 672px\" \/><\/figure>\n\n<div class=\"wp-block-post-excerpt\"><p class=\"wp-block-post-excerpt__excerpt\">The James Joyce Foundation is delighted that its long-time curators and former managing directors, Ruth Frehner and Ursula Zeller, have been chosen as the recipients of the Max Geilinger Prize 2025. Ruth Frehner and Ursula Zeller have been selected for &#8220;decades of great work at the James Joyce Foundation&#8221;, as Dr. Peter Mousson, the President<\/p><p class=\"wp-block-post-excerpt__more-text\"><a class=\"wp-block-post-excerpt__more-link\" href=\"https:\/\/joycefoundation.ch\/de\/max-geilinger-prize-to-be-awarded-to-ruth-frehner-and-ursula-zeller\/\">read more<\/a><\/p><\/div>\n\n<div class=\"wp-block-post-date\"><time datetime=\"2025-06-11T13:36:09+00:00\">Juni 11, 2025<\/time><\/div><\/div>\n\n\n\n<p><\/p>\n\n<\/li><li class=\"wp-block-post post-2837 post type-post status-publish format-standard has-post-thumbnail hentry category-archive-news\">\n\n<div class=\"wp-block-group is-layout-flow wp-block-group-is-layout-flow\" style=\"padding-top:30px;padding-right:30px;padding-bottom:30px;padding-left:30px\"><h3 class=\"wp-block-post-title\"><a href=\"https:\/\/joycefoundation.ch\/de\/annual-report-2024-online\/\" target=\"_self\" >Zurich James Joyce Foundation&#8217;s Annual Report 2024 Online<\/a><\/h3>\n\n<figure style=\"aspect-ratio:3\/2;\" class=\"wp-block-post-featured-image\"><img loading=\"lazy\" decoding=\"async\" width=\"2560\" height=\"1707\" src=\"https:\/\/joycefoundation.ch\/wp-content\/uploads\/2025\/06\/0_Titelblatt-recto_Taoiseach-Simon-Harris-begrusst-alle-Gaste-personlich-scaled.jpg\" class=\"attachment-post-thumbnail size-post-thumbnail wp-post-image\" alt=\"\" style=\"border-radius:16px;width:100%;height:100%;object-fit:cover;\" srcset=\"https:\/\/joycefoundation.ch\/wp-content\/uploads\/2025\/06\/0_Titelblatt-recto_Taoiseach-Simon-Harris-begrusst-alle-Gaste-personlich-scaled.jpg 2560w, https:\/\/joycefoundation.ch\/wp-content\/uploads\/2025\/06\/0_Titelblatt-recto_Taoiseach-Simon-Harris-begrusst-alle-Gaste-personlich-300x200.jpg 300w, https:\/\/joycefoundation.ch\/wp-content\/uploads\/2025\/06\/0_Titelblatt-recto_Taoiseach-Simon-Harris-begrusst-alle-Gaste-personlich-1024x683.jpg 1024w, https:\/\/joycefoundation.ch\/wp-content\/uploads\/2025\/06\/0_Titelblatt-recto_Taoiseach-Simon-Harris-begrusst-alle-Gaste-personlich-768x512.jpg 768w, https:\/\/joycefoundation.ch\/wp-content\/uploads\/2025\/06\/0_Titelblatt-recto_Taoiseach-Simon-Harris-begrusst-alle-Gaste-personlich-1536x1024.jpg 1536w, https:\/\/joycefoundation.ch\/wp-content\/uploads\/2025\/06\/0_Titelblatt-recto_Taoiseach-Simon-Harris-begrusst-alle-Gaste-personlich-2048x1365.jpg 2048w, https:\/\/joycefoundation.ch\/wp-content\/uploads\/2025\/06\/0_Titelblatt-recto_Taoiseach-Simon-Harris-begrusst-alle-Gaste-personlich-18x12.jpg 18w\" sizes=\"auto, (max-width: 2560px) 100vw, 2560px\" \/><\/figure>\n\n<div class=\"wp-block-post-excerpt\"><p class=\"wp-block-post-excerpt__excerpt\">The Zurich James Joyce Foundation&#8217;s annual report for the calendar year 2024 is now available online (in German, PDF). We would like to thank the members of the Board as well as the Friends for their contributions to this look back at a rather special year. Just contact us at info@joycefoundation.ch or via the Contact<\/p><p class=\"wp-block-post-excerpt__more-text\"><a class=\"wp-block-post-excerpt__more-link\" href=\"https:\/\/joycefoundation.ch\/de\/annual-report-2024-online\/\">read more<\/a><\/p><\/div>\n\n<div class=\"wp-block-post-date\"><time datetime=\"2025-06-05T08:01:13+00:00\">Juni 5, 2025<\/time><\/div><\/div>\n\n\n\n<p><\/p>\n\n<\/li><li class=\"wp-block-post post-1658 post type-post status-publish format-standard has-post-thumbnail hentry category-archive-news\">\n\n<div class=\"wp-block-group is-layout-flow wp-block-group-is-layout-flow\" style=\"padding-top:30px;padding-right:30px;padding-bottom:30px;padding-left:30px\"><h3 class=\"wp-block-post-title\"><a href=\"https:\/\/joycefoundation.ch\/de\/02-05-2025-report-on-mistakes-from-goethe-to-joyce\/\" target=\"_self\" >SRF Online News Story: &#8220;Mistakes from Goethe to Joyce&#8221;<\/a><\/h3>\n\n<figure style=\"aspect-ratio:3\/2;\" class=\"wp-block-post-featured-image\"><img loading=\"lazy\" decoding=\"async\" width=\"900\" height=\"637\" src=\"https:\/\/joycefoundation.ch\/wp-content\/uploads\/2025\/05\/Screenshot-2025-05-02-at-15.30.36.jpg\" class=\"attachment-post-thumbnail size-post-thumbnail wp-post-image\" alt=\"\" style=\"border-radius:16px;width:100%;height:100%;object-fit:cover;\" srcset=\"https:\/\/joycefoundation.ch\/wp-content\/uploads\/2025\/05\/Screenshot-2025-05-02-at-15.30.36.jpg 900w, https:\/\/joycefoundation.ch\/wp-content\/uploads\/2025\/05\/Screenshot-2025-05-02-at-15.30.36-300x212.jpg 300w, https:\/\/joycefoundation.ch\/wp-content\/uploads\/2025\/05\/Screenshot-2025-05-02-at-15.30.36-768x544.jpg 768w, https:\/\/joycefoundation.ch\/wp-content\/uploads\/2025\/05\/Screenshot-2025-05-02-at-15.30.36-18x12.jpg 18w\" sizes=\"auto, (max-width: 900px) 100vw, 900px\" \/><\/figure>\n\n<div class=\"wp-block-post-excerpt\"><p class=\"wp-block-post-excerpt__excerpt\">The website of Switzerland&#8217;s Germand-speaking broadcaster SRF features a report on why it&#8217;s okay for literary texts to contain &#8216;typos.&#8217; You can find the report here.<\/p><p class=\"wp-block-post-excerpt__more-text\"><a class=\"wp-block-post-excerpt__more-link\" href=\"https:\/\/joycefoundation.ch\/de\/02-05-2025-report-on-mistakes-from-goethe-to-joyce\/\">read more<\/a><\/p><\/div>\n\n<div class=\"wp-block-post-date\"><time datetime=\"2025-05-02T13:31:53+00:00\">Mai 2, 2025<\/time><\/div><\/div>\n\n\n\n<p><\/p>\n\n<\/li><\/ul>\n\n\n<p><a href=\"https:\/\/joycefoundation.ch\/de\/archive-news\/\" data-type=\"page\" data-id=\"3654\">Open entire Archive of News<\/a><\/p>\n<\/div>\n\n\n\n<div class=\"wp-block-query is-layout-flow wp-block-query-is-layout-flow\">\n<h4 class=\"wp-block-heading\">Events<\/h4>\n\n\n<ul class=\"columns-3 wp-block-post-template is-layout-grid wp-container-core-post-template-is-layout-6d3fbd8f wp-block-post-template-is-layout-grid\"><li class=\"wp-block-post post-4653 post type-post status-publish format-standard has-post-thumbnail hentry category-archive-events\">\n\n<div class=\"wp-block-group is-layout-flow wp-block-group-is-layout-flow\" style=\"padding-top:30px;padding-right:30px;padding-bottom:30px;padding-left:30px\"><h3 class=\"wp-block-post-title\"><a href=\"https:\/\/joycefoundation.ch\/de\/25-04-2026-seine-gichtigen-klauen-plumpsten-akkorde\/\" target=\"_self\" >25.04.2026: \u00abSeine gichtigen Klauen plumpsten Akkorde\u00bb<\/a><\/h3>\n\n<figure style=\"aspect-ratio:3\/2;\" class=\"wp-block-post-featured-image\"><img loading=\"lazy\" decoding=\"async\" width=\"750\" height=\"445\" src=\"https:\/\/joycefoundation.ch\/wp-content\/uploads\/2026\/03\/Konzertabend-1.jpg\" class=\"attachment-post-thumbnail size-post-thumbnail wp-post-image\" alt=\"\" style=\"border-radius:16px;width:100%;height:100%;object-fit:cover;\" srcset=\"https:\/\/joycefoundation.ch\/wp-content\/uploads\/2026\/03\/Konzertabend-1.jpg 750w, https:\/\/joycefoundation.ch\/wp-content\/uploads\/2026\/03\/Konzertabend-1-300x178.jpg 300w, https:\/\/joycefoundation.ch\/wp-content\/uploads\/2026\/03\/Konzertabend-1-18x12.jpg 18w\" sizes=\"auto, (max-width: 750px) 100vw, 750px\" \/><\/figure>\n\n<div class=\"wp-block-post-excerpt\"><p class=\"wp-block-post-excerpt__excerpt\">Als der Musiker und K\u00fcnstler Roman Rutishauser diesen Satz im Ulysses von James Joyce entdeckte, war er begeistert: Wie oft krampft man vergeblich nach Worten, um Musik zu beschreiben, nur um einmal mehr feststellen zu m\u00fcssen, dass es daf\u00fcr letztlich keine Worte gibt. Umso deutlicher h\u00f6rt man beim Lesen f\u00f6rmlich das Bild vom Klavierspieler und<\/p><p class=\"wp-block-post-excerpt__more-text\"><a class=\"wp-block-post-excerpt__more-link\" href=\"https:\/\/joycefoundation.ch\/de\/25-04-2026-seine-gichtigen-klauen-plumpsten-akkorde\/\">read more<\/a><\/p><\/div>\n\n<div class=\"wp-block-post-date\"><time datetime=\"2026-03-20T16:34:35+00:00\">M\u00e4rz 20, 2026<\/time><\/div><\/div>\n\n\n\n<p><\/p>\n\n<\/li><li class=\"wp-block-post post-4259 post type-post status-publish format-standard has-post-thumbnail hentry category-archive-events\">\n\n<div class=\"wp-block-group is-layout-flow wp-block-group-is-layout-flow\" style=\"padding-top:30px;padding-right:30px;padding-bottom:30px;padding-left:30px\"><h3 class=\"wp-block-post-title\"><a href=\"https:\/\/joycefoundation.ch\/de\/26-04-2026-auf-teufel-komm-raus\/\" target=\"_self\" >24.04.2026: Early Birds-Event: Auf Teufel komm raus!<\/a><\/h3>\n\n<figure style=\"aspect-ratio:3\/2;\" class=\"wp-block-post-featured-image\"><img loading=\"lazy\" decoding=\"async\" width=\"2260\" height=\"1272\" src=\"https:\/\/joycefoundation.ch\/wp-content\/uploads\/2025\/12\/Zurich_James_Joyce_Foundation-Auf_Teufel_komm_raus_Ungehorsam_24.04.2026.jpg\" class=\"attachment-post-thumbnail size-post-thumbnail wp-post-image\" alt=\"\" style=\"border-radius:16px;width:100%;height:100%;object-fit:cover;\" srcset=\"https:\/\/joycefoundation.ch\/wp-content\/uploads\/2025\/12\/Zurich_James_Joyce_Foundation-Auf_Teufel_komm_raus_Ungehorsam_24.04.2026.jpg 2260w, https:\/\/joycefoundation.ch\/wp-content\/uploads\/2025\/12\/Zurich_James_Joyce_Foundation-Auf_Teufel_komm_raus_Ungehorsam_24.04.2026-300x169.jpg 300w, https:\/\/joycefoundation.ch\/wp-content\/uploads\/2025\/12\/Zurich_James_Joyce_Foundation-Auf_Teufel_komm_raus_Ungehorsam_24.04.2026-1024x576.jpg 1024w, https:\/\/joycefoundation.ch\/wp-content\/uploads\/2025\/12\/Zurich_James_Joyce_Foundation-Auf_Teufel_komm_raus_Ungehorsam_24.04.2026-768x432.jpg 768w, https:\/\/joycefoundation.ch\/wp-content\/uploads\/2025\/12\/Zurich_James_Joyce_Foundation-Auf_Teufel_komm_raus_Ungehorsam_24.04.2026-1536x865.jpg 1536w, https:\/\/joycefoundation.ch\/wp-content\/uploads\/2025\/12\/Zurich_James_Joyce_Foundation-Auf_Teufel_komm_raus_Ungehorsam_24.04.2026-2048x1153.jpg 2048w, https:\/\/joycefoundation.ch\/wp-content\/uploads\/2025\/12\/Zurich_James_Joyce_Foundation-Auf_Teufel_komm_raus_Ungehorsam_24.04.2026-18x10.jpg 18w\" sizes=\"auto, (max-width: 2260px) 100vw, 2260px\" \/><\/figure>\n\n<div class=\"wp-block-post-excerpt\"><p class=\"wp-block-post-excerpt__excerpt\">\u00abNon serviam!\u00bb ruft Stephen Dedalus in James Joyces Ulysses \u2013 und zitiert damit Luzifer, den Ur-Rebellen der christlichen Welt: \u00abIch werde nicht dienen!\u00bb Im Vorg\u00e4ngerroman Ein Portr\u00e4t des K\u00fcnstlers als junger Mann f\u00fchrt Stephen genauer aus: \u00abIch will nicht dem dienen, woran ich nicht l\u00e4nger glaube, nenne es sich nun mein Zuhause, mein Vaterland oder<\/p><p class=\"wp-block-post-excerpt__more-text\"><a class=\"wp-block-post-excerpt__more-link\" href=\"https:\/\/joycefoundation.ch\/de\/26-04-2026-auf-teufel-komm-raus\/\">read more<\/a><\/p><\/div>\n\n<div class=\"wp-block-post-date\"><time datetime=\"2025-12-20T21:59:19+00:00\">Dezember 20, 2025<\/time><\/div><\/div>\n\n\n\n<p><\/p>\n\n<\/li><li class=\"wp-block-post post-4384 post type-post status-publish format-standard has-post-thumbnail hentry category-archive-events\">\n\n<div class=\"wp-block-group is-layout-flow wp-block-group-is-layout-flow\" style=\"padding-top:30px;padding-right:30px;padding-bottom:30px;padding-left:30px\"><h3 class=\"wp-block-post-title\"><a href=\"https:\/\/joycefoundation.ch\/de\/10-04-2026-book-launch-with-arianna-autieri\/\" target=\"_self\" >10.04.2026: Book Launch with Arianna Autieri<\/a><\/h3>\n\n<figure style=\"aspect-ratio:3\/2;\" class=\"wp-block-post-featured-image\"><img loading=\"lazy\" decoding=\"async\" width=\"510\" height=\"300\" src=\"https:\/\/joycefoundation.ch\/wp-content\/uploads\/2026\/02\/Autieri_Arianna-Book_Launch.jpg\" class=\"attachment-post-thumbnail size-post-thumbnail wp-post-image\" alt=\"\" style=\"border-radius:16px;width:100%;height:100%;object-fit:cover;\" srcset=\"https:\/\/joycefoundation.ch\/wp-content\/uploads\/2026\/02\/Autieri_Arianna-Book_Launch.jpg 510w, https:\/\/joycefoundation.ch\/wp-content\/uploads\/2026\/02\/Autieri_Arianna-Book_Launch-300x176.jpg 300w, https:\/\/joycefoundation.ch\/wp-content\/uploads\/2026\/02\/Autieri_Arianna-Book_Launch-18x12.jpg 18w\" sizes=\"auto, (max-width: 510px) 100vw, 510px\" \/><\/figure>\n\n<div class=\"wp-block-post-excerpt\"><p class=\"wp-block-post-excerpt__excerpt\">The Zurich James Joyce Foundation is proud to host a book launch with Arianna Autieri, celebrating the publication of James Joyce&#8217;s Music Performed: The &#8216;Sirens&#8217; Fugue in Experimental Re-Translation. Fugues are complex musical compositions whose intricate contrapuntal texture enchants listeners and performers alike: but how can they be composed from written words, silent on the<\/p><p class=\"wp-block-post-excerpt__more-text\"><a class=\"wp-block-post-excerpt__more-link\" href=\"https:\/\/joycefoundation.ch\/de\/10-04-2026-book-launch-with-arianna-autieri\/\">read more<\/a><\/p><\/div>\n\n<div class=\"wp-block-post-date\"><time datetime=\"2026-02-13T12:27:44+00:00\">Februar 13, 2026<\/time><\/div><\/div>\n\n\n\n<p><\/p>\n\n<\/li><\/ul>\n\n\n<p><a href=\"https:\/\/joycefoundation.ch\/de\/archive-events\/\" data-type=\"page\" data-id=\"3652\">Open entire Archive of Events<\/a><\/p>\n<\/div>","protected":false},"excerpt":{"rendered":"","protected":false},"author":4,"featured_media":0,"parent":19,"menu_order":0,"comment_status":"closed","ping_status":"closed","template":"wp-custom-template-one-column","meta":{"_acf_changed":false,"footnotes":""},"class_list":["post-216","page","type-page","status-publish","hentry"],"acf":[],"_links":{"self":[{"href":"https:\/\/joycefoundation.ch\/de\/wp-json\/wp\/v2\/pages\/216","targetHints":{"allow":["GET"]}}],"collection":[{"href":"https:\/\/joycefoundation.ch\/de\/wp-json\/wp\/v2\/pages"}],"about":[{"href":"https:\/\/joycefoundation.ch\/de\/wp-json\/wp\/v2\/types\/page"}],"author":[{"embeddable":true,"href":"https:\/\/joycefoundation.ch\/de\/wp-json\/wp\/v2\/users\/4"}],"replies":[{"embeddable":true,"href":"https:\/\/joycefoundation.ch\/de\/wp-json\/wp\/v2\/comments?post=216"}],"version-history":[{"count":10,"href":"https:\/\/joycefoundation.ch\/de\/wp-json\/wp\/v2\/pages\/216\/revisions"}],"predecessor-version":[{"id":3709,"href":"https:\/\/joycefoundation.ch\/de\/wp-json\/wp\/v2\/pages\/216\/revisions\/3709"}],"up":[{"embeddable":true,"href":"https:\/\/joycefoundation.ch\/de\/wp-json\/wp\/v2\/pages\/19"}],"wp:attachment":[{"href":"https:\/\/joycefoundation.ch\/de\/wp-json\/wp\/v2\/media?parent=216"}],"curies":[{"name":"wp","href":"https:\/\/api.w.org\/{rel}","templated":true}]}}