{"id":2071,"date":"2025-05-21T13:26:50","date_gmt":"2025-05-21T13:26:50","guid":{"rendered":"https:\/\/joycefoundation.ch\/?page_id=2071"},"modified":"2025-06-17T15:42:47","modified_gmt":"2025-06-17T15:42:47","slug":"visual-arts","status":"publish","type":"page","link":"https:\/\/joycefoundation.ch\/de\/james-joyce\/inspired-by-joyce\/visual-arts\/","title":{"rendered":"Bildende Kunst"},"content":{"rendered":"<div class=\"wp-block-columns is-layout-flex wp-container-core-columns-is-layout-28f84493 wp-block-columns-is-layout-flex\">\n<div class=\"wp-block-column is-layout-flow wp-block-column-is-layout-flow\" style=\"flex-basis:66.66%\">\n<p>James Joyce hat viele bildende K\u00fcnstler:innen inspiriert, von der Bildhauerei \u00fcber Gem\u00e4lde bis hin zur Fotografie. <\/p>\n\n\n\n<p><strong>Die Zurich James Joyce Foundation verf\u00fcgt \u00fcber eine kleine, but einzigartige Sammlung von Kunstwerkenm die vom Leben und Werk von James Joyce inspiriert sind.<\/strong> Wir arbeiten momentan an einer Online-Galerie mit einer Auswahl von Werken aus unserer Sammlung. Unser Ziel ist es, diese Online-Galerie sp\u00e4testens bis Sommer 2027 fertig zu stellen.<\/p>\n\n\n\n<p class=\"translation-block\">Bitte beachten Sie auch die Online-Galerie mit einer <a href=\"https:\/\/joycefoundation.ch\/de\/james-joyce\/joyces-works\/james-joyces-ulysses\/ulysses-paintings-by-aidan-hickey\/\" data-type=\"page\" data-id=\"1752\" target=\"_self\">Reihe von Gem\u00e4lden, die von <em>Ulysses<\/em> inspiriert sind und vom irischen K\u00fcnstler Aidan Hickey stammen<\/a>. Die Gem\u00e4lde wurden in Z\u00fcrich gezeigt, als Teil der Ausstellung <a href=\"https:\/\/joycefoundation.ch\/de\/james-joyce\/joyces-works\/james-joyces-ulysses\/james-joyce-ulysses-and-the-law\/\" data-type=\"page\" data-id=\"1749\" target=\"_self\">\u201cJames Joyce, <em>Ulysses<\/em> und das Recht\u201d<\/a> (15. April bis 18. Mai 2025). Die Zurich James Joyce Foundation dankt Aidan Hickey f\u00fcr die Erlaubnis, seine Gem\u00e4lde online zu zeigen.<\/p>\n\n\n\n<ul class=\"wp-block-list\">\n<li><strong>Hinweis: <\/strong>You may also enjoy the selection of <a href=\"https:\/\/joycefoundation.ch\/de\/library-research\/gallery\/highlights-from-our-visitors-books\/\" data-type=\"page\" data-id=\"3214\">highlights from our Visitors&#8217; Books<\/a>.<\/li>\n<\/ul>\n\n\n\n<p>F\u00fcr weitere Informationen zu den Kunstwerken und Fotografien aus unserer Sammlung schicken Sie einfach eine Email an <a href=\"mailto:info@joycefoundation.ch\">info@joycefoundation.ch<\/a> \u2013 oder Sie benutzen unser <a href=\"https:\/\/joycefoundation.ch\/de\/the-foundation\/contact\/\" data-type=\"page\" data-id=\"77\">Kontaktformular<\/a>.<\/p>\n<\/div>\n\n\n\n<div class=\"wp-block-column is-layout-flow wp-block-column-is-layout-flow\"><\/div>\n\n\n\n<div class=\"wp-block-column is-layout-flow wp-block-column-is-layout-flow\"><\/div>\n\n\n\n<div class=\"wp-block-column is-layout-flow wp-block-column-is-layout-flow\" style=\"flex-basis:33.33%\">\n<figure class=\"wp-block-image aligncenter size-full is-resized\"><img loading=\"lazy\" decoding=\"async\" width=\"750\" height=\"586\" src=\"https:\/\/joycefoundation.ch\/wp-content\/uploads\/2025\/05\/Sketch-Budgen-Joyce.jpg\" alt=\"\" class=\"wp-image-2073\" style=\"width:519px;height:auto\" srcset=\"https:\/\/joycefoundation.ch\/wp-content\/uploads\/2025\/05\/Sketch-Budgen-Joyce.jpg 750w, https:\/\/joycefoundation.ch\/wp-content\/uploads\/2025\/05\/Sketch-Budgen-Joyce-300x234.jpg 300w, https:\/\/joycefoundation.ch\/wp-content\/uploads\/2025\/05\/Sketch-Budgen-Joyce-15x12.jpg 15w\" sizes=\"auto, (max-width: 750px) 100vw, 750px\" \/><figcaption class=\"wp-element-caption\">Frank Budgen, <em>James Joyce und Frank Budgen<\/em><br><em> im Restaurant Pfauen<\/em> (1918\/19)<\/figcaption><\/figure>\n<\/div>\n<\/div>","protected":false},"excerpt":{"rendered":"<p>James Joyce has inspired many visual artists, from sculptors to painters and photographers. The Zurich James Joyce Foundation owns a small but unique collection of artworks inspired by the life and work of James Joyce. We are currently working on an online gallery with selections from our collection. Our aim is to complete this online [&hellip;]<\/p>\n","protected":false},"author":4,"featured_media":0,"parent":2054,"menu_order":0,"comment_status":"closed","ping_status":"closed","template":"wp-custom-template-one-column","meta":{"_acf_changed":false,"footnotes":""},"class_list":["post-2071","page","type-page","status-publish","hentry"],"acf":[],"_links":{"self":[{"href":"https:\/\/joycefoundation.ch\/de\/wp-json\/wp\/v2\/pages\/2071","targetHints":{"allow":["GET"]}}],"collection":[{"href":"https:\/\/joycefoundation.ch\/de\/wp-json\/wp\/v2\/pages"}],"about":[{"href":"https:\/\/joycefoundation.ch\/de\/wp-json\/wp\/v2\/types\/page"}],"author":[{"embeddable":true,"href":"https:\/\/joycefoundation.ch\/de\/wp-json\/wp\/v2\/users\/4"}],"replies":[{"embeddable":true,"href":"https:\/\/joycefoundation.ch\/de\/wp-json\/wp\/v2\/comments?post=2071"}],"version-history":[{"count":7,"href":"https:\/\/joycefoundation.ch\/de\/wp-json\/wp\/v2\/pages\/2071\/revisions"}],"predecessor-version":[{"id":3237,"href":"https:\/\/joycefoundation.ch\/de\/wp-json\/wp\/v2\/pages\/2071\/revisions\/3237"}],"up":[{"embeddable":true,"href":"https:\/\/joycefoundation.ch\/de\/wp-json\/wp\/v2\/pages\/2054"}],"wp:attachment":[{"href":"https:\/\/joycefoundation.ch\/de\/wp-json\/wp\/v2\/media?parent=2071"}],"curies":[{"name":"wp","href":"https:\/\/api.w.org\/{rel}","templated":true}]}}