{"id":2044,"date":"2025-05-20T14:50:22","date_gmt":"2025-05-20T14:50:22","guid":{"rendered":"https:\/\/joycefoundation.ch\/?page_id=2044"},"modified":"2025-06-17T07:51:51","modified_gmt":"2025-06-17T07:51:51","slug":"adaptations-appropriations-of-james-joyces-works","status":"publish","type":"page","link":"https:\/\/joycefoundation.ch\/de\/james-joyce\/inspired-by-joyce\/adaptations-appropriations-of-james-joyces-works\/","title":{"rendered":"Adaptionen &amp; Aneignungen von James Joyces Werken"},"content":{"rendered":"<p>Die Werke von James Joyce sind verfilmt und vertont worden, als B\u00fchnenst\u00fccke umgesetzt oder als Comic neu erz\u00e4hlt. Zudem gibt es viele literarische Nacherz\u00e4hlungen und Aneignungen. Und finden Sie einige Beispiele.<\/p>\n\n\n\n<div class=\"wp-block-columns is-layout-flex wp-container-core-columns-is-layout-28f84493 wp-block-columns-is-layout-flex\">\n<div class=\"wp-block-column is-layout-flow wp-block-column-is-layout-flow\" style=\"flex-basis:66.66%\">\n<h4 class=\"wp-block-heading\">Adaptionen von Joyces Werken: Einige Beispiele<\/h4>\n\n\n\n<ul class=\"wp-block-list\">\n<li><strong>Filme <\/strong>\n<ul class=\"wp-block-list\">\n<li><em>Ulysses <\/em>(USA\/UK 1967, dir. Joseph Strick) &#8211; <a href=\"https:\/\/www.imdb.com\/title\/tt0062414\/\">IMDb<\/a><\/li>\n\n\n\n<li><em>Bloom <\/em>(Ireland 2003, dir. Sean Walsh) &#8211; <a href=\"https:\/\/www.imdb.com\/title\/tt0283096\/\">IMDb<\/a><\/li>\n<\/ul>\n<\/li>\n\n\n\n<li><strong>Theaterst\u00fccke<\/strong>\n<ul class=\"wp-block-list\">\n<li>Frank McGuinness, <em>The Dead <\/em>(English &#8211; <a href=\"https:\/\/www.abbeytheatre.ie\/archives\/play_detail\/12494\/\">Abbey Theatre<\/a>, 2012 &#8211; <a href=\"https:\/\/www.faber.co.uk\/product\/9780571302123-the-dead\/\">Faber &amp; Faber<\/a>, 2012)<\/li>\n<\/ul>\n<\/li>\n\n\n\n<li><strong>Musicals &amp; Opern<\/strong>\n<ul class=\"wp-block-list\">\n<li><em>James Joyce&#8217;s The Dead<\/em> &#8211; Music: Shaun Davey \/ Book: Richard Nelson \/ Lyrics: Shaun Davey &amp; Richard Nelson (Playwrights Horizon, NYC, 1999 &#8211; <a href=\"https:\/\/www.concordtheatricals.com\/s\/2165\/james-joyces-the-dead\">Libretto published<\/a>)<\/li>\n<\/ul>\n<\/li>\n\n\n\n<li><strong>Andere Formen von Musik<\/strong>\n<ul class=\"wp-block-list\">\n<li>Hibsen, <em>The Stern Task of Living <\/em>(Songs inspired by <em>Dubliner<\/em> \/ 2023, <a href=\"https:\/\/hibsen.bandcamp.com\/album\/the-stern-task-of-living\">available online<\/a> or on CD from our <a href=\"https:\/\/joycefoundation.ch\/de\/the-foundation\/contact\/\" data-type=\"page\" data-id=\"77\">Shop<\/a>).<\/li>\n\n\n\n<li>Choral Scholars of University College Dublin: <em>Chamber Music by James Joyce<\/em> (2024, <a href=\"https:\/\/www.ucdchoralscholars.ie\/joyce\">available on CD<\/a>)<\/li>\n<\/ul>\n<\/li>\n\n\n\n<li><strong>Comics<\/strong>\n<ul class=\"wp-block-list\">\n<li>Nicolas Mahler, <em>Ulysses<\/em> (German &#8211; <a href=\"https:\/\/www.suhrkamp.de\/buch\/nicolas-mahler-ulysses-t-9783518470060\">Suhrkamp<\/a>, 2020)<\/li>\n<\/ul>\n<\/li>\n\n\n\n<li><strong>Prosatexte<\/strong>\n<ul class=\"wp-block-list\">\n<li>Harris, Thomas, <em>Dubliners 100: 15 New Stories Inspired by the Original: Fifteen New Stories Inspired by the Original<\/em> (<a href=\"https:\/\/tramppress.com\/product\/dubliners-100-2\/\">Tramp Press<\/a>, 2016)<\/li>\n<\/ul>\n<\/li>\n<\/ul>\n<\/div>\n\n\n\n<div class=\"wp-block-column is-layout-flow wp-block-column-is-layout-flow\" style=\"flex-basis:33.33%\">\n<figure class=\"wp-block-image aligncenter size-large is-resized\"><img decoding=\"async\" src=\"https:\/\/m.media-amazon.com\/images\/I\/71Pd2-ZGJJL._SL1000_.jpg\" alt=\"\" style=\"width:324px;height:auto\"\/><figcaption class=\"wp-element-caption\">Das Cover von <em>Dubliners 100 <\/em>(inspiriert von Joyces <em><a href=\"https:\/\/joycefoundation.ch\/de\/james-joyce\/joyces-works\/dubliners-1914\/\" data-type=\"page\" data-id=\"3104\">Dubliner<\/a><\/em>)<\/figcaption><\/figure>\n<\/div>\n<\/div>\n\n\n\n<h4 class=\"wp-block-heading\">Systematischere \u00dcbersichten zu den folgenden Kategorien stehen ab sp\u00e4testens Sommer 2026 zur Verf\u00fcgung:<\/h4>\n\n\n\n<div class=\"wp-block-columns is-layout-flex wp-container-core-columns-is-layout-28f84493 wp-block-columns-is-layout-flex\">\n<div class=\"wp-block-column is-layout-flow wp-block-column-is-layout-flow\">\n<ul class=\"wp-block-list\">\n<li><a href=\"https:\/\/joycefoundation.ch\/de\/james-joyce\/inspired-by-joyce\/adaptations-appropriations-of-james-joyces-works\/films-based-on-joyces-works\/\" data-type=\"page\" data-id=\"2276\">Filme<\/a><\/li>\n\n\n\n<li><a href=\"https:\/\/joycefoundation.ch\/de\/james-joyce\/inspired-by-joyce\/adaptations-appropriations-of-james-joyces-works\/stage-plays-based-on-joyces-works\/\" data-type=\"page\" data-id=\"2282\">Theaterst\u00fccke<\/a><\/li>\n<\/ul>\n<\/div>\n\n\n\n<div class=\"wp-block-column is-layout-flow wp-block-column-is-layout-flow\">\n<ul class=\"wp-block-list\">\n<li><a href=\"https:\/\/joycefoundation.ch\/de\/james-joyce\/inspired-by-joyce\/adaptations-appropriations-of-james-joyces-works\/musicals-operas-based-on-james-joyces-works\/\" data-type=\"page\" data-id=\"2791\">Musicals &amp; Opern<\/a><\/li>\n\n\n\n<li><a href=\"https:\/\/joycefoundation.ch\/de\/james-joyce\/inspired-by-joyce\/adaptations-appropriations-of-james-joyces-works\/music-based-on-joyces-work\/\" data-type=\"page\" data-id=\"2830\">Andere Formen von Musik<\/a><\/li>\n<\/ul>\n<\/div>\n\n\n\n<div class=\"wp-block-column is-layout-flow wp-block-column-is-layout-flow\">\n<ul class=\"wp-block-list\">\n<li>Comics &amp; Graphic Novels<\/li>\n\n\n\n<li>Prose Fiction (Novels, Short Stories)<\/li>\n<\/ul>\n<\/div>\n<\/div>","protected":false},"excerpt":{"rendered":"<p>James Joyce&#8217;s works have been adapted into films, plays, music, comics, etc. In addition, there are literary rewritings and appropriations. Below, you can find some examples. Examples of Adaptations of Joyce&#8217;s Works More systematic overviews on the following categories of adaptations will be made available by the summer of 2026:<\/p>","protected":false},"author":4,"featured_media":0,"parent":2054,"menu_order":0,"comment_status":"closed","ping_status":"closed","template":"wp-custom-template-one-column","meta":{"_acf_changed":false,"footnotes":""},"class_list":["post-2044","page","type-page","status-publish","hentry"],"acf":[],"_links":{"self":[{"href":"https:\/\/joycefoundation.ch\/de\/wp-json\/wp\/v2\/pages\/2044","targetHints":{"allow":["GET"]}}],"collection":[{"href":"https:\/\/joycefoundation.ch\/de\/wp-json\/wp\/v2\/pages"}],"about":[{"href":"https:\/\/joycefoundation.ch\/de\/wp-json\/wp\/v2\/types\/page"}],"author":[{"embeddable":true,"href":"https:\/\/joycefoundation.ch\/de\/wp-json\/wp\/v2\/users\/4"}],"replies":[{"embeddable":true,"href":"https:\/\/joycefoundation.ch\/de\/wp-json\/wp\/v2\/comments?post=2044"}],"version-history":[{"count":13,"href":"https:\/\/joycefoundation.ch\/de\/wp-json\/wp\/v2\/pages\/2044\/revisions"}],"predecessor-version":[{"id":3200,"href":"https:\/\/joycefoundation.ch\/de\/wp-json\/wp\/v2\/pages\/2044\/revisions\/3200"}],"up":[{"embeddable":true,"href":"https:\/\/joycefoundation.ch\/de\/wp-json\/wp\/v2\/pages\/2054"}],"wp:attachment":[{"href":"https:\/\/joycefoundation.ch\/de\/wp-json\/wp\/v2\/media?parent=2044"}],"curies":[{"name":"wp","href":"https:\/\/api.w.org\/{rel}","templated":true}]}}