{"id":1907,"date":"2025-05-17T07:23:21","date_gmt":"2025-05-17T07:23:21","guid":{"rendered":"https:\/\/joycefoundation.ch\/?page_id=1907"},"modified":"2025-07-24T08:56:51","modified_gmt":"2025-07-24T08:56:51","slug":"partners-sponsors","status":"publish","type":"page","link":"https:\/\/joycefoundation.ch\/de\/the-foundation\/partners-sponsors\/","title":{"rendered":"Sponsoren &amp; Partner"},"content":{"rendered":"<div class=\"wp-block-columns is-layout-flex wp-container-core-columns-is-layout-28f84493 wp-block-columns-is-layout-flex\">\n<div class=\"wp-block-column is-layout-flow wp-block-column-is-layout-flow\">\n<h3 class=\"wp-block-heading\"><strong>Sponsoren<\/strong><\/h3>\n\n\n\n<p><strong>Wir m\u00f6chten uns bei den folgenden Sponsoren f\u00fcr ihre langfristige bzw. regelm\u00e4ssige Unterst\u00fctzung bedanken:<\/strong><\/p>\n\n\n\n<div style=\"height:15px\" aria-hidden=\"true\" class=\"wp-block-spacer\"><\/div>\n\n\n\n<figure class=\"wp-block-image size-full is-resized\"><a href=\"https:\/\/www.stadt-zuerich.ch\/de\/politik-und-verwaltung\/stadtverwaltung\/prd\/ktr.html\"><img loading=\"lazy\" decoding=\"async\" width=\"899\" height=\"181\" src=\"https:\/\/joycefoundation.ch\/wp-content\/uploads\/2025\/05\/logo_stzh_KULTUR_sw_pos_8.webp\" alt=\"\" class=\"wp-image-1914\" style=\"width:307px;height:auto\" srcset=\"https:\/\/joycefoundation.ch\/wp-content\/uploads\/2025\/05\/logo_stzh_KULTUR_sw_pos_8.webp 899w, https:\/\/joycefoundation.ch\/wp-content\/uploads\/2025\/05\/logo_stzh_KULTUR_sw_pos_8-300x60.webp 300w, https:\/\/joycefoundation.ch\/wp-content\/uploads\/2025\/05\/logo_stzh_KULTUR_sw_pos_8-768x155.webp 768w, https:\/\/joycefoundation.ch\/wp-content\/uploads\/2025\/05\/logo_stzh_KULTUR_sw_pos_8-18x4.webp 18w\" sizes=\"auto, (max-width: 899px) 100vw, 899px\" \/><\/a><\/figure>\n\n\n\n<div style=\"height:8px\" aria-hidden=\"true\" class=\"wp-block-spacer\"><\/div>\n\n\n\n<figure class=\"wp-block-image size-full is-resized\"><a href=\"https:\/\/www.zh.ch\/de\/direktion-der-justiz-und-des-innern\/fachstelle-kultur.html\"><img loading=\"lazy\" decoding=\"async\" width=\"432\" height=\"156\" src=\"https:\/\/joycefoundation.ch\/wp-content\/uploads\/2025\/05\/Kanton-Zurich.jpg\" alt=\"\" class=\"wp-image-1991\" style=\"width:319px;height:auto\" srcset=\"https:\/\/joycefoundation.ch\/wp-content\/uploads\/2025\/05\/Kanton-Zurich.jpg 432w, https:\/\/joycefoundation.ch\/wp-content\/uploads\/2025\/05\/Kanton-Zurich-300x108.jpg 300w, https:\/\/joycefoundation.ch\/wp-content\/uploads\/2025\/05\/Kanton-Zurich-18x7.jpg 18w\" sizes=\"auto, (max-width: 432px) 100vw, 432px\" \/><\/a><\/figure>\n\n\n\n<figure class=\"wp-block-image size-full is-resized\"><a href=\"https:\/\/www.ireland.ie\/en\/switzerland\/berne\/\"><img loading=\"lazy\" decoding=\"async\" width=\"394\" height=\"222\" src=\"https:\/\/joycefoundation.ch\/wp-content\/uploads\/2025\/05\/Logo-Embassy-edited-1.jpg\" alt=\"\" class=\"wp-image-2013\" style=\"width:250px;height:auto\" srcset=\"https:\/\/joycefoundation.ch\/wp-content\/uploads\/2025\/05\/Logo-Embassy-edited-1.jpg 394w, https:\/\/joycefoundation.ch\/wp-content\/uploads\/2025\/05\/Logo-Embassy-edited-1-300x169.jpg 300w, https:\/\/joycefoundation.ch\/wp-content\/uploads\/2025\/05\/Logo-Embassy-edited-1-18x10.jpg 18w\" sizes=\"auto, (max-width: 394px) 100vw, 394px\" \/><\/a><\/figure>\n\n\n\n<figure class=\"wp-block-image size-full is-resized\"><a href=\"https:\/\/www.fundraiso.ch\/de\/organisations\/max-geilinger-stiftung\"><img loading=\"lazy\" decoding=\"async\" width=\"650\" height=\"258\" src=\"https:\/\/joycefoundation.ch\/wp-content\/uploads\/2025\/05\/Logo-Max-Geilinger-Stiftung.png\" alt=\"\" class=\"wp-image-1988\" style=\"width:314px;height:auto\" srcset=\"https:\/\/joycefoundation.ch\/wp-content\/uploads\/2025\/05\/Logo-Max-Geilinger-Stiftung.png 650w, https:\/\/joycefoundation.ch\/wp-content\/uploads\/2025\/05\/Logo-Max-Geilinger-Stiftung-300x119.png 300w, https:\/\/joycefoundation.ch\/wp-content\/uploads\/2025\/05\/Logo-Max-Geilinger-Stiftung-18x7.png 18w\" sizes=\"auto, (max-width: 650px) 100vw, 650px\" \/><\/a><\/figure>\n\n\n\n<div style=\"height:8px\" aria-hidden=\"true\" class=\"wp-block-spacer\"><\/div>\n\n\n\n<ul class=\"wp-block-list\">\n<li><strong>Hinweis:<\/strong> Sponsoren, die einzelne Projekte unterst\u00fctzen, werden auf der jeweiligen <a href=\"https:\/\/joycefoundation.ch\/de\/news-events\/events\/\" data-type=\"page\" data-id=\"50\">Events<\/a> verdankt.<\/li>\n<\/ul>\n<\/div>\n\n\n\n<div class=\"wp-block-column is-layout-flow wp-block-column-is-layout-flow\">\n<h3 class=\"wp-block-heading\"><strong>Local Partners<\/strong><\/h3>\n\n\n\n<p><strong>Wir bedanken uns bei den Partnernorganisationen, mit denen wir regelm\u00e4ssig zusammenarbeiten:<\/strong><\/p>\n\n\n\n<div style=\"height:5px\" aria-hidden=\"true\" class=\"wp-block-spacer\"><\/div>\n\n\n\n<figure class=\"wp-block-image size-full is-resized\"><a href=\"https:\/\/weiterschreiben-schweiz.jetzt\/\"><img loading=\"lazy\" decoding=\"async\" width=\"304\" height=\"133\" src=\"https:\/\/joycefoundation.ch\/wp-content\/uploads\/2025\/05\/logo-wsch.png\" alt=\"\" class=\"wp-image-2000\" style=\"width:233px;height:auto\" srcset=\"https:\/\/joycefoundation.ch\/wp-content\/uploads\/2025\/05\/logo-wsch.png 304w, https:\/\/joycefoundation.ch\/wp-content\/uploads\/2025\/05\/logo-wsch-300x131.png 300w, https:\/\/joycefoundation.ch\/wp-content\/uploads\/2025\/05\/logo-wsch-18x8.png 18w\" sizes=\"auto, (max-width: 304px) 100vw, 304px\" \/><\/a><\/figure>\n\n\n\n<figure class=\"wp-block-image size-full is-resized\"><a href=\"https:\/\/www.es.uzh.ch\/en\/scis-zjjf.html\"><img loading=\"lazy\" decoding=\"async\" width=\"1000\" height=\"980\" src=\"https:\/\/joycefoundation.ch\/wp-content\/uploads\/2025\/05\/SCIS-1.jpg\" alt=\"\" class=\"wp-image-1999\" style=\"width:143px;height:auto\" srcset=\"https:\/\/joycefoundation.ch\/wp-content\/uploads\/2025\/05\/SCIS-1.jpg 1000w, https:\/\/joycefoundation.ch\/wp-content\/uploads\/2025\/05\/SCIS-1-300x294.jpg 300w, https:\/\/joycefoundation.ch\/wp-content\/uploads\/2025\/05\/SCIS-1-768x753.jpg 768w, https:\/\/joycefoundation.ch\/wp-content\/uploads\/2025\/05\/SCIS-1-12x12.jpg 12w\" sizes=\"auto, (max-width: 1000px) 100vw, 1000px\" \/><\/a><\/figure>\n\n\n\n<figure class=\"wp-block-image size-full is-resized\"><a href=\"https:\/\/www.cabaretvoltaire.ch\/\"><img loading=\"lazy\" decoding=\"async\" width=\"836\" height=\"422\" src=\"https:\/\/joycefoundation.ch\/wp-content\/uploads\/2025\/05\/Cabaret-Voltaire.jpg\" alt=\"\" class=\"wp-image-2011\" style=\"width:187px;height:auto\" srcset=\"https:\/\/joycefoundation.ch\/wp-content\/uploads\/2025\/05\/Cabaret-Voltaire.jpg 836w, https:\/\/joycefoundation.ch\/wp-content\/uploads\/2025\/05\/Cabaret-Voltaire-300x151.jpg 300w, https:\/\/joycefoundation.ch\/wp-content\/uploads\/2025\/05\/Cabaret-Voltaire-768x388.jpg 768w, https:\/\/joycefoundation.ch\/wp-content\/uploads\/2025\/05\/Cabaret-Voltaire-18x9.jpg 18w\" sizes=\"auto, (max-width: 836px) 100vw, 836px\" \/><\/a><\/figure>\n\n\n\n<div style=\"height:2px\" aria-hidden=\"true\" class=\"wp-block-spacer\"><\/div>\n\n\n\n<figure class=\"wp-block-image size-large is-resized\"><a href=\"https:\/\/zentrumfuerliterarischegegenwart.ch\/de\"><img loading=\"lazy\" decoding=\"async\" width=\"1024\" height=\"303\" src=\"https:\/\/joycefoundation.ch\/wp-content\/uploads\/2025\/05\/Logo_Zentrum_fur_literarische_Gegenwart-1024x303.jpg\" alt=\"\" class=\"wp-image-2001\" style=\"width:317px;height:auto\" srcset=\"https:\/\/joycefoundation.ch\/wp-content\/uploads\/2025\/05\/Logo_Zentrum_fur_literarische_Gegenwart-1024x303.jpg 1024w, https:\/\/joycefoundation.ch\/wp-content\/uploads\/2025\/05\/Logo_Zentrum_fur_literarische_Gegenwart-300x89.jpg 300w, https:\/\/joycefoundation.ch\/wp-content\/uploads\/2025\/05\/Logo_Zentrum_fur_literarische_Gegenwart-768x227.jpg 768w, https:\/\/joycefoundation.ch\/wp-content\/uploads\/2025\/05\/Logo_Zentrum_fur_literarische_Gegenwart-1536x454.jpg 1536w, https:\/\/joycefoundation.ch\/wp-content\/uploads\/2025\/05\/Logo_Zentrum_fur_literarische_Gegenwart-2048x606.jpg 2048w, https:\/\/joycefoundation.ch\/wp-content\/uploads\/2025\/05\/Logo_Zentrum_fur_literarische_Gegenwart-18x5.jpg 18w\" sizes=\"auto, (max-width: 1024px) 100vw, 1024px\" \/><\/a><\/figure>\n\n\n\n<div style=\"height:36px\" aria-hidden=\"true\" class=\"wp-block-spacer\"><\/div>\n\n\n\n<ul class=\"wp-block-list\">\n<li><strong>Wir m\u00f6chten auch auf folgende Literatur-Institutionen im Grossraum Z\u00fcrich aufmerksam machen:<\/strong>\n<ul class=\"wp-block-list\">\n<li><a href=\"https:\/\/www.huxleycentre.ch\/\">Aldous Huxley Centre<\/a>, Z\u00fcrich<\/li>\n\n\n\n<li><a href=\"https:\/\/www.cabaretvoltaire.ch\/\">Cabaret Voltaire<\/a>, Z\u00fcrich<\/li>\n\n\n\n<li><a href=\"https:\/\/www.gkz.ch\/\">Gottfried-Keller-Zentrum<\/a>, Glattfelden<\/li>\n\n\n\n<li><a href=\"https:\/\/spyri-museum.ch\/de\/\">Johanna-Spyri-Museum<\/a>, Hirzel<\/li>\n\n\n\n<li><a href=\"https:\/\/literaturhaus.ch\/\">Literaturhaus Z\u00fcrich<\/a><\/li>\n\n\n\n<li><a href=\"https:\/\/mfa.ethz.ch\/\">Max Frisch-Archiv<\/a>, Z\u00fcrich<\/li>\n\n\n\n<li><a href=\"https:\/\/strauhof.ch\/\">Museum Strauhof<\/a>, Z\u00fcrich<\/li>\n\n\n\n<li><a href=\"https:\/\/tma.ethz.ch\/\">Thomas-Mann-Archiv<\/a>, Z\u00fcrich<\/li>\n\n\n\n<li><a href=\"https:\/\/robinson-bibliothek.ch\/\">Robinson Library @ Kunst(Zeug)Haus<\/a>, Rapperswil-Jona<\/li>\n<\/ul>\n<\/li>\n<\/ul>\n<\/div>\n\n\n\n<div class=\"wp-block-column is-layout-flow wp-block-column-is-layout-flow\">\n<h3 class=\"wp-block-heading\"><strong>Werbepartner<\/strong><\/h3>\n\n\n\n<div style=\"height:0px\" aria-hidden=\"true\" class=\"wp-block-spacer\"><\/div>\n\n\n\n<figure class=\"wp-block-image alignleft size-full is-resized\"><a href=\"https:\/\/www.zuerich.com\/en\/visit\/culture\/zurich-james-joyce-foundation\"><img loading=\"lazy\" decoding=\"async\" width=\"417\" height=\"198\" src=\"https:\/\/joycefoundation.ch\/wp-content\/uploads\/2025\/07\/Zurich-Tourism.jpg\" alt=\"\" class=\"wp-image-3305\" style=\"width:240px;height:auto\" srcset=\"https:\/\/joycefoundation.ch\/wp-content\/uploads\/2025\/07\/Zurich-Tourism.jpg 417w, https:\/\/joycefoundation.ch\/wp-content\/uploads\/2025\/07\/Zurich-Tourism-300x142.jpg 300w, https:\/\/joycefoundation.ch\/wp-content\/uploads\/2025\/07\/Zurich-Tourism-18x9.jpg 18w\" sizes=\"auto, (max-width: 417px) 100vw, 417px\" \/><\/a><\/figure>\n\n\n\n<div style=\"height:6px\" aria-hidden=\"true\" class=\"wp-block-spacer\"><\/div>\n\n\n\n<figure class=\"wp-block-image alignleft size-large is-resized\"><a href=\"https:\/\/www.amazingzurich.com\/\"><img loading=\"lazy\" decoding=\"async\" width=\"1024\" height=\"1024\" src=\"https:\/\/joycefoundation.ch\/wp-content\/uploads\/2025\/07\/amazing-zurich_city-badge_black-1024x1024.png\" alt=\"\" class=\"wp-image-3308\" style=\"width:142px;height:auto\" srcset=\"https:\/\/joycefoundation.ch\/wp-content\/uploads\/2025\/07\/amazing-zurich_city-badge_black-1024x1024.png 1024w, https:\/\/joycefoundation.ch\/wp-content\/uploads\/2025\/07\/amazing-zurich_city-badge_black-300x300.png 300w, https:\/\/joycefoundation.ch\/wp-content\/uploads\/2025\/07\/amazing-zurich_city-badge_black-150x150.png 150w, https:\/\/joycefoundation.ch\/wp-content\/uploads\/2025\/07\/amazing-zurich_city-badge_black-768x768.png 768w, https:\/\/joycefoundation.ch\/wp-content\/uploads\/2025\/07\/amazing-zurich_city-badge_black-1536x1536.png 1536w, https:\/\/joycefoundation.ch\/wp-content\/uploads\/2025\/07\/amazing-zurich_city-badge_black-2048x2048.png 2048w, https:\/\/joycefoundation.ch\/wp-content\/uploads\/2025\/07\/amazing-zurich_city-badge_black-12x12.png 12w\" sizes=\"auto, (max-width: 1024px) 100vw, 1024px\" \/><\/a><\/figure>\n\n\n\n<div style=\"height:15px\" aria-hidden=\"true\" class=\"wp-block-spacer\"><\/div>\n\n\n\n<h3 class=\"wp-block-heading\"><strong>Joyce-bezogene Institutionen<\/strong><\/h3>\n\n\n\n<p><strong>Irland<\/strong><\/p>\n\n\n\n<ul class=\"wp-block-list\">\n<li><a href=\"https:\/\/jamesjoyce.ie\/\">James Joyce Centre<\/a>, Dublin<\/li>\n\n\n\n<li><a href=\"https:\/\/joycetower.ie\/\">James Joyce Tower &amp; Museum<\/a>, Dublin<\/li>\n<\/ul>\n\n\n\n<p><strong>Italien<\/strong><\/p>\n\n\n\n<ul class=\"wp-block-list\">\n<li><a href=\"https:\/\/thejamesjoyceitalianfoundation.it\/\">James Joyce Italian Foundation<\/a>Rom<\/li>\n\n\n\n<li><a href=\"https:\/\/museojoycetrieste.it\/en\/joyce-museum-eng\/\">Joyce Museum @ LETS<\/a>, Trieste<\/li>\n\n\n\n<li><a href=\"https:\/\/sites.units.it\/triestejoyce\/\">Trieste Joyce School<\/a><\/li>\n<\/ul>\n\n\n\n<p><strong>Niederlande<\/strong><\/p>\n\n\n\n<ul class=\"wp-block-list\">\n<li><a href=\"https:\/\/www.uantwerpen.be\/en\/research-groups\/centre-for-manuscript-genetics\/joyce-research-library\/\">Joyce Research Library<\/a>, University of Antwerp<\/li>\n<\/ul>\n\n\n\n<p><strong>USA<\/strong><\/p>\n\n\n\n<ul class=\"wp-block-list\">\n<li><a href=\"https:\/\/www.finneganswake.org\/\"><em>Finnegans Wake<\/em> Society of New York<\/a>, New York City<\/li>\n\n\n\n<li><a href=\"https:\/\/joycefoundation.utulsa.edu\/\">International James Joyce Foundation<\/a>, University of Tulsa<\/li>\n\n\n\n<li><a href=\"https:\/\/library.buffalo.edu\/jamesjoyce\/\">James Joyce Collection<\/a>, University of Buffalo<\/li>\n\n\n\n<li><a href=\"https:\/\/joycesociety.com\/\">James Joyce Society<\/a>, New York City<\/li>\n<\/ul>\n\n\n\n<p><strong>Zeitschriften, Buchreihen &amp; Online-Ressourcen<\/strong><\/p>\n\n\n\n<ul class=\"wp-block-list\">\n<li>Auf <a href=\"https:\/\/joycefoundation.ch\/de\/library-research\/\" data-type=\"page\" data-id=\"23\">Bibliothek &amp; Recherche<\/a><\/li>\n<\/ul>\n<\/div>\n<\/div>\n\n\n\n<p><\/p>","protected":false},"excerpt":{"rendered":"<p>Sponsors We would like to thank the following sponsors for their long-term or regular contributions: Local Partners We would like to acknowledge the partners with whom we plan to collaborate on a regular basis: Advertising Partners Joyce-Related Institutions Ireland Italy Netherlands USA Journals, Book Series &amp; Online Resources<\/p>","protected":false},"author":4,"featured_media":0,"parent":16,"menu_order":0,"comment_status":"closed","ping_status":"closed","template":"wp-custom-template-one-column","meta":{"_acf_changed":false,"footnotes":""},"class_list":["post-1907","page","type-page","status-publish","hentry"],"acf":[],"_links":{"self":[{"href":"https:\/\/joycefoundation.ch\/de\/wp-json\/wp\/v2\/pages\/1907","targetHints":{"allow":["GET"]}}],"collection":[{"href":"https:\/\/joycefoundation.ch\/de\/wp-json\/wp\/v2\/pages"}],"about":[{"href":"https:\/\/joycefoundation.ch\/de\/wp-json\/wp\/v2\/types\/page"}],"author":[{"embeddable":true,"href":"https:\/\/joycefoundation.ch\/de\/wp-json\/wp\/v2\/users\/4"}],"replies":[{"embeddable":true,"href":"https:\/\/joycefoundation.ch\/de\/wp-json\/wp\/v2\/comments?post=1907"}],"version-history":[{"count":62,"href":"https:\/\/joycefoundation.ch\/de\/wp-json\/wp\/v2\/pages\/1907\/revisions"}],"predecessor-version":[{"id":3316,"href":"https:\/\/joycefoundation.ch\/de\/wp-json\/wp\/v2\/pages\/1907\/revisions\/3316"}],"up":[{"embeddable":true,"href":"https:\/\/joycefoundation.ch\/de\/wp-json\/wp\/v2\/pages\/16"}],"wp:attachment":[{"href":"https:\/\/joycefoundation.ch\/de\/wp-json\/wp\/v2\/media?parent=1907"}],"curies":[{"name":"wp","href":"https:\/\/api.w.org\/{rel}","templated":true}]}}