{"id":1718,"date":"2025-05-02T15:41:57","date_gmt":"2025-05-02T15:41:57","guid":{"rendered":"https:\/\/joycefoundation.ch\/?page_id=1718"},"modified":"2025-08-23T15:15:48","modified_gmt":"2025-08-23T15:15:48","slug":"joyces-works","status":"publish","type":"page","link":"https:\/\/joycefoundation.ch\/de\/james-joyce\/joyces-works\/","title":{"rendered":"Joyces Werke"},"content":{"rendered":"<p>Joyces Gesamtwerk ist nicht besonders umfangreich, aber seine Werke beeinflussen andere K\u00fcnstler:innen bis heute. Unten findet sich eine \u00dcbersicht \u00fcber die wichtigsten Buchver\u00f6ffentlichungen, die vor und nach Joyces Tod im Jahr 1941 erschienen. <strong>(Zu beachten: Diese Seite befindet sich noch im Aufbau. Weitere Informationen werden so bald wie m\u00f6glich erg\u00e4nzt.)<\/strong><\/p>\n\n\n\n<div class=\"wp-block-columns is-layout-flex wp-container-core-columns-is-layout-28f84493 wp-block-columns-is-layout-flex\">\n<div class=\"wp-block-column is-layout-flow wp-block-column-is-layout-flow\">\n<p><strong>Wichtigste Buchver\u00f6ffentlichungen zu Lebzeiten:<\/strong>:<\/p>\n\n\n\n<ul class=\"wp-block-list\">\n<li><a href=\"https:\/\/joycefoundation.ch\/de\/james-joyce\/joyces-works\/chamber-music-1907\/\" data-type=\"page\" data-id=\"3492\"><em>Kammermusik<\/em><\/a><em> <\/em>(1907)<\/li>\n\n\n\n<li><em><a href=\"https:\/\/joycefoundation.ch\/de\/james-joyce\/joyces-works\/dubliners-1914\/\" data-type=\"page\" data-id=\"3104\">Dubliner<\/a> <\/em>(1914)<\/li>\n\n\n\n<li><em><a href=\"https:\/\/joycefoundation.ch\/de\/james-joyce\/joyces-works\/a-portrait-of-the-artist-as-a-young-man-1916\/\" data-type=\"page\" data-id=\"3093\">Ein Portr\u00e4t des K\u00fcnstlers als junger Mann<\/a> <\/em>(1916)<\/li>\n\n\n\n<li><em><a href=\"https:\/\/joycefoundation.ch\/de\/james-joyce\/joyces-works\/exiles-1918\/\" data-type=\"page\" data-id=\"2865\">Verbannte<\/a> <\/em>(1918)<\/li>\n\n\n\n<li><em><a href=\"https:\/\/joycefoundation.ch\/de\/james-joyces-ulysses\/\" data-type=\"page\" data-id=\"1739\">Ulysses<\/a> <\/em>(1922)<\/li>\n\n\n\n<li><em>Pomes Penyeach <\/em>(1927)<\/li>\n\n\n\n<li><em>Finnegans Wake <\/em>(1939)<\/li>\n<\/ul>\n<\/div>\n\n\n\n<div class=\"wp-block-column is-layout-flow wp-block-column-is-layout-flow\">\n<p><strong>Wichtigste Buchver\u00f6ffentlichungen nach Joyces Tod:<\/strong>:<\/p>\n\n\n\n<ul class=\"wp-block-list\">\n<li><em>Stephen der Held <\/em>(1944)<\/li>\n\n\n\n<li><em>Epiphanien <\/em>(1956 \/ 1967)<\/li>\n\n\n\n<li><em>Die Katze und der Teufel <\/em>(1957)<\/li>\n\n\n\n<li><em><a href=\"https:\/\/joycefoundation.ch\/de\/james-joyce\/joyces-works\/giacomo-joyce-1968\/\" data-type=\"page\" data-id=\"2906\">Giacomo Joyce<\/a> <\/em>(1968)<\/li>\n\n\n\n<li><em>Die Katzen von Kopenhagen <\/em>(2012)<\/li>\n\n\n\n<li><em>Finn&#8217;s Hotel <\/em>(2013)<\/li>\n<\/ul>\n<\/div>\n\n\n\n<div class=\"wp-block-column is-layout-flow wp-block-column-is-layout-flow\">\n<figure class=\"wp-block-image aligncenter size-full is-resized\"><img loading=\"lazy\" decoding=\"async\" width=\"1000\" height=\"750\" src=\"https:\/\/joycefoundation.ch\/wp-content\/uploads\/2025\/05\/IMG_20250425_174614.jpg\" alt=\"\" class=\"wp-image-1615\" style=\"width:348px;height:auto\" srcset=\"https:\/\/joycefoundation.ch\/wp-content\/uploads\/2025\/05\/IMG_20250425_174614.jpg 1000w, https:\/\/joycefoundation.ch\/wp-content\/uploads\/2025\/05\/IMG_20250425_174614-300x225.jpg 300w, https:\/\/joycefoundation.ch\/wp-content\/uploads\/2025\/05\/IMG_20250425_174614-768x576.jpg 768w, https:\/\/joycefoundation.ch\/wp-content\/uploads\/2025\/05\/IMG_20250425_174614-16x12.jpg 16w\" sizes=\"auto, (max-width: 1000px) 100vw, 1000px\" \/><\/figure>\n<\/div>\n<\/div>\n\n\n\n<p class=\"translation-block\">Viele von Joyces Briefen sowie seine fr\u00fchen kritischen Schriften, Vortr\u00e4ge und Gelegenheitsdichtungen wurden ebenfalls ver\u00f6ffentlicht und sind <a href=\"https:\/\/joycefoundation.ch\/de\/library-research\/\" data-type=\"page\" data-id=\"23\" target=\"_self\">in unserer Bibliothek erh\u00e4ltlich<\/a>.<\/p>\n\n\n\n<p class=\"translation-block\"><strong>M\u00f6chten Sie eines der Werke von Joyce lesen? Nehmen Sie an einer unserer <a href=\"https:\/\/joycefoundation.ch\/de\/the-foundation\/reading-groups\/\" data-type=\"page\" data-id=\"333\" target=\"_self\">Lesegruppen<\/a> teil!<\/strong><\/p>","protected":false},"excerpt":{"rendered":"<p>James Joyce&#8217;s oeuvre is relatively small, but his works have been extremely influential. Below, you can find an overview of the main book publications published during Joyce&#8217;s lifetime and after his death in 1941. (Note: This section is under construction. More information will be added in due course.) Main Book Publications during Joyce&#8217;s Lifetime: Main [&hellip;]<\/p>\n","protected":false},"author":4,"featured_media":0,"parent":26,"menu_order":0,"comment_status":"closed","ping_status":"closed","template":"wp-custom-template-one-column","meta":{"_acf_changed":false,"footnotes":""},"class_list":["post-1718","page","type-page","status-publish","hentry"],"acf":[],"_links":{"self":[{"href":"https:\/\/joycefoundation.ch\/de\/wp-json\/wp\/v2\/pages\/1718","targetHints":{"allow":["GET"]}}],"collection":[{"href":"https:\/\/joycefoundation.ch\/de\/wp-json\/wp\/v2\/pages"}],"about":[{"href":"https:\/\/joycefoundation.ch\/de\/wp-json\/wp\/v2\/types\/page"}],"author":[{"embeddable":true,"href":"https:\/\/joycefoundation.ch\/de\/wp-json\/wp\/v2\/users\/4"}],"replies":[{"embeddable":true,"href":"https:\/\/joycefoundation.ch\/de\/wp-json\/wp\/v2\/comments?post=1718"}],"version-history":[{"count":42,"href":"https:\/\/joycefoundation.ch\/de\/wp-json\/wp\/v2\/pages\/1718\/revisions"}],"predecessor-version":[{"id":3510,"href":"https:\/\/joycefoundation.ch\/de\/wp-json\/wp\/v2\/pages\/1718\/revisions\/3510"}],"up":[{"embeddable":true,"href":"https:\/\/joycefoundation.ch\/de\/wp-json\/wp\/v2\/pages\/26"}],"wp:attachment":[{"href":"https:\/\/joycefoundation.ch\/de\/wp-json\/wp\/v2\/media?parent=1718"}],"curies":[{"name":"wp","href":"https:\/\/api.w.org\/{rel}","templated":true}]}}