{"id":1683,"date":"2025-05-02T14:16:21","date_gmt":"2025-05-02T14:16:21","guid":{"rendered":"https:\/\/joycefoundation.ch\/?page_id=1683"},"modified":"2025-11-05T15:00:34","modified_gmt":"2025-11-05T15:00:34","slug":"donations-bequests","status":"publish","type":"page","link":"https:\/\/joycefoundation.ch\/de\/the-foundation\/donations-bequests\/","title":{"rendered":"Spenden &amp; Legate"},"content":{"rendered":"<h4 class=\"wp-block-heading\"><strong>Es gibt zwei M\u00f6glichkeiten, wie Sie die Zurich James Joyce Foundation unterst\u00fctzen k\u00f6nnen:<\/strong><\/h4>\n\n\n\n<div class=\"wp-block-columns is-layout-flex wp-container-core-columns-is-layout-28f84493 wp-block-columns-is-layout-flex\">\n<div class=\"wp-block-column is-layout-flow wp-block-column-is-layout-flow\" style=\"flex-basis:66.66%\">\n<div class=\"wp-block-columns is-layout-flex wp-container-core-columns-is-layout-28f84493 wp-block-columns-is-layout-flex\">\n<div class=\"wp-block-column is-layout-flow wp-block-column-is-layout-flow\">\n<ul class=\"wp-block-list\">\n<li><strong>vermachen Sie ein Legat und\/oder spenden Sie direkt der Zurich James Joyce Foundation.<\/strong><\/li>\n<\/ul>\n\n\n\n<p><strong>F\u00fcr Legate und Hinterlassenschaften: <\/strong>Bitte kontaktieren Sie uns auf <a href=\"mailto:info@joycefoundation.ch\">info@joycefoundation.ch<\/a> oder (+41) 44 211 83 01.<\/p>\n\n\n\n<p><strong>F\u00fcr Spenden:<\/strong> UBS, CH-8098 Zurich<br>Konto-Nr. 230.699.055.02W<br>IBAN CH58 0023 0230 6990 5502 W<br>BIC&nbsp; UBSWCHZH80A<\/p>\n\n\n\n<div class=\"wp-block-buttons is-content-justification-left is-layout-flex wp-container-core-buttons-is-layout-dc37ac28 wp-block-buttons-is-layout-flex\" style=\"border-radius:20px\">\n<div class=\"wp-block-button\"><a class=\"wp-block-button__link has-tertiary-color has-secondary-background-color has-text-color has-background has-link-color wp-element-button\" href=\"https:\/\/www.paypal.com\/ncp\/payment\/RUGMKTMNMMXH4\" style=\"border-radius:20px\" target=\"_blank\" rel=\"noreferrer noopener\">Via Paypal spenden<\/a><\/div>\n<\/div>\n\n\n\n<p><strong>Die Zurich James Joyce Foundation ist offiziell als nicht-gewinnorientierte Stiftung anerkannt. Ihre Spenden sind steuerlich absetzbar.<\/strong><\/p>\n<\/div>\n\n\n\n<div class=\"wp-block-column is-layout-flow wp-block-column-is-layout-flow\">\n<ul class=\"wp-block-list\">\n<li><strong>spenden Sie und\/oder werden Sie Mitglied bei den <a href=\"https:\/\/joycefoundation.ch\/de\/the-friends\/\" data-type=\"page\" data-id=\"29\" target=\"_blank\" rel=\"noreferrer noopener\"><a href=\"https:\/\/joycefoundation.ch\/de\/the-friends\/\" data-type=\"page\" data-id=\"29\" target=\"_self\">Friends of the Zurich James Joyce Foundation<\/a> unterst\u00fctzen.<\/a>.<\/strong><\/li>\n<\/ul>\n\n\n\n<p><strong>Die Friends unterst\u00fctzen die Zurich James Joyce Foundation<\/strong> durch Freiwilligenarbeit und durch finanzielle Beitr\u00e4ge an unsere Aktivit\u00e4ten:<\/p>\n\n\n\n<ul class=\"wp-block-list\">\n<li><a href=\"https:\/\/joycefoundation.ch\/de\/the-foundation\/reading-groups\/\" data-type=\"page\" data-id=\"333\" target=\"_blank\" rel=\"noreferrer noopener\">reading groups<\/a>;<\/li>\n\n\n\n<li><a href=\"https:\/\/joycefoundation.ch\/de\/library-research\/scholarships\/\" data-type=\"page\" data-id=\"320\" target=\"_blank\" rel=\"noreferrer noopener\">stipends for scholars<\/a>;<\/li>\n\n\n\n<li>Networking;<\/li>\n\n\n\n<li>besondere Projekte.<\/li>\n<\/ul>\n\n\n\n<p>F\u00fcr weitere Informationen \u00fcber die Friends der Zurich James Joyce Foundation, inkl. wie man <a href=\"https:\/\/joycefoundation.ch\/de\/the-friends\/join-the-friends\/\" data-type=\"page\" data-id=\"1025\" target=\"_blank\" rel=\"noreferrer noopener\"><strong>Mitglied der Friends wird:<\/strong><\/a>:<\/p>\n\n\n\n<ul class=\"wp-block-list\">\n<li>Tel. (+41) 44 211 83 01; <\/li>\n\n\n\n<li>email: <a href=\"mailto:friends@joycefoundation.ch\">friends@joycefoundation.ch<\/a>.<\/li>\n<\/ul>\n<\/div>\n<\/div>\n<\/div>\n\n\n\n<div class=\"wp-block-column is-layout-flow wp-block-column-is-layout-flow\" style=\"flex-basis:33.33%\">\n<figure class=\"wp-block-image alignright size-full is-resized\"><img loading=\"lazy\" decoding=\"async\" width=\"1000\" height=\"750\" src=\"https:\/\/joycefoundation.ch\/wp-content\/uploads\/2025\/05\/IMG_20250425_174919.jpg\" alt=\"\" class=\"wp-image-1679\" style=\"width:614px;height:auto\" srcset=\"https:\/\/joycefoundation.ch\/wp-content\/uploads\/2025\/05\/IMG_20250425_174919.jpg 1000w, https:\/\/joycefoundation.ch\/wp-content\/uploads\/2025\/05\/IMG_20250425_174919-300x225.jpg 300w, https:\/\/joycefoundation.ch\/wp-content\/uploads\/2025\/05\/IMG_20250425_174919-768x576.jpg 768w, https:\/\/joycefoundation.ch\/wp-content\/uploads\/2025\/05\/IMG_20250425_174919-16x12.jpg 16w\" sizes=\"auto, (max-width: 1000px) 100vw, 1000px\" \/><figcaption class=\"wp-element-caption\">James Joyce&#8217;s Death Mask<\/figcaption><\/figure>\n<\/div>\n<\/div>","protected":false},"excerpt":{"rendered":"<p>There are two ways in which you can support the Zurich James Joyce Foundation: For financial bequests or legacies: Please contact us at info@joycefoundation.ch or (+41) 44 211 83 01. For donations: UBS, CH-8098 ZurichAccount No. 230.699.055.02WIBAN CH58 0023 0230 6990 5502 WBIC&nbsp; UBSWCHZH80A The Zurich James Joyce Foundation is recognized as a non-profit organization. [&hellip;]<\/p>\n","protected":false},"author":4,"featured_media":0,"parent":16,"menu_order":0,"comment_status":"closed","ping_status":"closed","template":"wp-custom-template-one-column","meta":{"_acf_changed":false,"footnotes":""},"class_list":["post-1683","page","type-page","status-publish","hentry"],"acf":[],"_links":{"self":[{"href":"https:\/\/joycefoundation.ch\/de\/wp-json\/wp\/v2\/pages\/1683","targetHints":{"allow":["GET"]}}],"collection":[{"href":"https:\/\/joycefoundation.ch\/de\/wp-json\/wp\/v2\/pages"}],"about":[{"href":"https:\/\/joycefoundation.ch\/de\/wp-json\/wp\/v2\/types\/page"}],"author":[{"embeddable":true,"href":"https:\/\/joycefoundation.ch\/de\/wp-json\/wp\/v2\/users\/4"}],"replies":[{"embeddable":true,"href":"https:\/\/joycefoundation.ch\/de\/wp-json\/wp\/v2\/comments?post=1683"}],"version-history":[{"count":45,"href":"https:\/\/joycefoundation.ch\/de\/wp-json\/wp\/v2\/pages\/1683\/revisions"}],"predecessor-version":[{"id":3820,"href":"https:\/\/joycefoundation.ch\/de\/wp-json\/wp\/v2\/pages\/1683\/revisions\/3820"}],"up":[{"embeddable":true,"href":"https:\/\/joycefoundation.ch\/de\/wp-json\/wp\/v2\/pages\/16"}],"wp:attachment":[{"href":"https:\/\/joycefoundation.ch\/de\/wp-json\/wp\/v2\/media?parent=1683"}],"curies":[{"name":"wp","href":"https:\/\/api.w.org\/{rel}","templated":true}]}}