{"id":1605,"date":"2025-05-02T11:40:59","date_gmt":"2025-05-02T11:40:59","guid":{"rendered":"https:\/\/joycefoundation.ch\/?page_id=1605"},"modified":"2025-12-11T06:39:42","modified_gmt":"2025-12-11T06:39:42","slug":"for-groups","status":"publish","type":"page","link":"https:\/\/joycefoundation.ch\/de\/the-foundation\/visitors\/for-groups\/","title":{"rendered":"F\u00fcr Gruppen"},"content":{"rendered":"<figure class=\"wp-block-image alignright size-full is-resized\"><img loading=\"lazy\" decoding=\"async\" width=\"1000\" height=\"750\" src=\"https:\/\/joycefoundation.ch\/wp-content\/uploads\/2025\/05\/IMG_20250425_174614.jpg\" alt=\"\" class=\"wp-image-1615\" style=\"width:570px;height:auto\" srcset=\"https:\/\/joycefoundation.ch\/wp-content\/uploads\/2025\/05\/IMG_20250425_174614.jpg 1000w, https:\/\/joycefoundation.ch\/wp-content\/uploads\/2025\/05\/IMG_20250425_174614-300x225.jpg 300w, https:\/\/joycefoundation.ch\/wp-content\/uploads\/2025\/05\/IMG_20250425_174614-768x576.jpg 768w, https:\/\/joycefoundation.ch\/wp-content\/uploads\/2025\/05\/IMG_20250425_174614-16x12.jpg 16w\" sizes=\"auto, (max-width: 1000px) 100vw, 1000px\" \/><figcaption class=\"wp-element-caption\">Ein Einblick in die Bibliothek der Zurich James Joyce Foundation<\/figcaption><\/figure>\n\n\n\n<p>Auf <a href=\"https:\/\/joycefoundation.ch\/de\/the-foundation\/visitors\/\" data-type=\"page\" data-id=\"283\">Information f\u00fcr Besucher:innen<\/a> finden Sie Angaben zu unserer Adresse, einen Lageplan, die \u00d6ffnungszeiten usw. Falls Sie weitere Informationen ben\u00f6tigen oder einen Besuch der Foundation bzw. eine literarische Stadtf\u00fchrung buchen m\u00f6chten, rufen Sie uns einfach auf (+41) 44 211 83 01 an oder schreiben uns auf&nbsp;<a href=\"mailto:info@joycefoundation.ch\">info@joycefoundation.ch<\/a>. (Sie k\u00f6nnen auch das <a href=\"https:\/\/joycefoundation.ch\/de\/the-foundation\/contact\/\" data-type=\"page\" data-id=\"77\">Kontaktformular<\/a> benutzen.)<\/p>\n\n\n\n<h4 class=\"wp-block-heading\"><strong>Besuch der Foundation mit Gruppen<\/strong><\/h4>\n\n\n\n<p>Gruppenbesuche der Zurich James Joyce Foundation (max. 20 Personen) sind auf Englisch oder Deutsch m\u00f6glich. Im Zentrum stehen H\u00f6hepunkte unserer Sammlung sowie Joyces Verbindung zu Z\u00fcrich. \u2013 <strong>Kosten (in CHF): <\/strong>200.\u2013 (1 hour)\uff5c250.\u2013 (1.5\u20132 hours).<\/p>\n\n\n\n<h4 class=\"wp-block-heading\"><strong>Literarische F\u00fchrungen durch Z\u00fcrich<\/strong><\/h4>\n\n\n\n<p>Literarische Stadtf\u00fchrungen sind auf Englisch oder Deutsch m\u00f6glich und dauern in der Regel zwischen 1.5 und 2 Stunden. <strong>The fee for standard tours is CHF 200.\u2013, with a max. of 20 participants per tour.<\/strong><\/p>\n\n\n\n<div class=\"wp-block-columns is-layout-flex wp-container-core-columns-is-layout-28f84493 wp-block-columns-is-layout-flex\">\n<div class=\"wp-block-column is-layout-flow wp-block-column-is-layout-flow\">\n<ul class=\"wp-block-list\">\n<li><strong>James Joyce<\/strong>\n<ul class=\"wp-block-list\">\n<li>James Joyce in Z\u00fcrich<\/li>\n\n\n\n<li>Joyces Werke: Von <em>Kammermusik <\/em>bis <em>Finnegans Wake<\/em><\/li>\n\n\n\n<li>Joyces Kontext: Modernismus und Exil<\/li>\n<\/ul>\n<\/li>\n<\/ul>\n<\/div>\n\n\n\n<div class=\"wp-block-column is-layout-flow wp-block-column-is-layout-flow\">\n<ul class=\"wp-block-list\">\n<li><strong>Z\u00fcrich in der englischsprachigen Literatur<\/strong>\n<ul class=\"wp-block-list\">\n<li>Von der Romantik bis zum Ersten Weltkrieg<\/li>\n\n\n\n<li>Die Zeit der Weltkriege: Von Dada und Joyce zu Brecht und Mann<\/li>\n\n\n\n<li>Die Nachkriegszeit: Von James Bond bis zur Gegenwart<\/li>\n<\/ul>\n<\/li>\n<\/ul>\n<\/div>\n<\/div>\n\n\n\n<p>(Es ist m\u00f6glich, Dauer und Route an die Bed\u00fcrfnisse der entsprechenden Gruppe anzupassen. F\u00fcr Anpassungen k\u00f6nnen zus\u00e4tzliche Kosten anfallen.)<\/p>","protected":false},"excerpt":{"rendered":"<p>See Visitor Information for our address, location, opening hours, etc. For further information or to book a visit \/ guided literary tour, please call us at (+41) 44 211 83 01 or email us at&nbsp;info@joycefoundation.ch. (You can also use the Contact Form to get in touch.) Guided Group Visits to the Zurich James Joyce Foundation [&hellip;]<\/p>\n","protected":false},"author":4,"featured_media":0,"parent":283,"menu_order":0,"comment_status":"closed","ping_status":"closed","template":"wp-custom-template-one-column","meta":{"_acf_changed":false,"footnotes":""},"class_list":["post-1605","page","type-page","status-publish","hentry"],"acf":[],"_links":{"self":[{"href":"https:\/\/joycefoundation.ch\/de\/wp-json\/wp\/v2\/pages\/1605","targetHints":{"allow":["GET"]}}],"collection":[{"href":"https:\/\/joycefoundation.ch\/de\/wp-json\/wp\/v2\/pages"}],"about":[{"href":"https:\/\/joycefoundation.ch\/de\/wp-json\/wp\/v2\/types\/page"}],"author":[{"embeddable":true,"href":"https:\/\/joycefoundation.ch\/de\/wp-json\/wp\/v2\/users\/4"}],"replies":[{"embeddable":true,"href":"https:\/\/joycefoundation.ch\/de\/wp-json\/wp\/v2\/comments?post=1605"}],"version-history":[{"count":21,"href":"https:\/\/joycefoundation.ch\/de\/wp-json\/wp\/v2\/pages\/1605\/revisions"}],"predecessor-version":[{"id":3175,"href":"https:\/\/joycefoundation.ch\/de\/wp-json\/wp\/v2\/pages\/1605\/revisions\/3175"}],"up":[{"embeddable":true,"href":"https:\/\/joycefoundation.ch\/de\/wp-json\/wp\/v2\/pages\/283"}],"wp:attachment":[{"href":"https:\/\/joycefoundation.ch\/de\/wp-json\/wp\/v2\/media?parent=1605"}],"curies":[{"name":"wp","href":"https:\/\/api.w.org\/{rel}","templated":true}]}}