{"id":1583,"date":"2025-05-02T10:52:29","date_gmt":"2025-05-02T10:52:29","guid":{"rendered":"https:\/\/joycefoundation.ch\/?page_id=1583"},"modified":"2025-06-14T18:59:12","modified_gmt":"2025-06-14T18:59:12","slug":"guided-literary-tours-of-zurich","status":"publish","type":"page","link":"https:\/\/joycefoundation.ch\/de\/the-foundation\/for-schools\/guided-literary-tours-of-zurich\/","title":{"rendered":"Literarische F\u00fchrungen durch Z\u00fcrich"},"content":{"rendered":"<p>Die Zurich James Joyce Foundation bietet sechs verschiedene F\u00fchrungen an (drei zu Joyce und drei zu Z\u00fcrich in der englischsprachigen Literatur), f\u00fcr Gruppen von Sch\u00fcler:innen oder f\u00fcr Lehrpersonen.<\/p>\n\n\n\n<div class=\"wp-block-columns is-layout-flex wp-container-core-columns-is-layout-28f84493 wp-block-columns-is-layout-flex\">\n<div class=\"wp-block-column is-layout-flow wp-block-column-is-layout-flow\">\n<ul class=\"wp-block-list\">\n<li><strong>James Joyce<\/strong>\n<ul class=\"wp-block-list\">\n<li>James Joyce in Z\u00fcrich: Leben und Werk<\/li>\n\n\n\n<li>Joyces Werke: Von <em>Kammermusik <\/em>bis <em>Finnegans Wake<\/em><\/li>\n\n\n\n<li>Joyces Kontext: Modernismus und Exil<\/li>\n<\/ul>\n<\/li>\n<\/ul>\n<\/div>\n\n\n\n<div class=\"wp-block-column is-layout-flow wp-block-column-is-layout-flow\">\n<ul class=\"wp-block-list\">\n<li><strong>Z\u00fcrich in der englischsprachigen Literatur<\/strong>\n<ul class=\"wp-block-list\">\n<li>Von der Romantik bis zum Ersten Weltkrieg<\/li>\n\n\n\n<li>Die Zeit der Weltkriege: Von Dada und Joyce zu Brecht und Mann<\/li>\n\n\n\n<li>Die Nachkriegszeit: Von James Bond bis zur Gegenwart<\/li>\n<\/ul>\n<\/li>\n<\/ul>\n<\/div>\n<\/div>\n\n\n\n<p>F\u00fchrungen dauern in der Regel 1.5 bis 2 Stunden. Es ist aber m\u00f6glich, Dauer und Route an die Bed\u00fcrfnisse der entsprechenden Gruppe anzupassen.<\/p>\n\n\n\n<p><strong>Literarische F\u00fchrungen durch Z\u00fcrich: Kosten in CHF<\/strong><\/p>\n\n\n\n<ul class=\"wp-block-list\">\n<li>1.5 bis 2 Stunden: 200.\u2013<\/li>\n<\/ul>","protected":false},"excerpt":{"rendered":"<p>The Zurich James Joyce Foundation offers six different tours (three on Joyce and three on Zurich in Anglophone Literatures), for groups of pupils or of teachers: Tours usually take between 1.5 and 2 hours to complete, but the duration and itinerary can be adjusted to suit the requirements of a given group. Guided Literary Tours [&hellip;]<\/p>\n","protected":false},"author":4,"featured_media":0,"parent":1570,"menu_order":0,"comment_status":"closed","ping_status":"closed","template":"wp-custom-template-one-column","meta":{"_acf_changed":false,"footnotes":""},"class_list":["post-1583","page","type-page","status-publish","hentry"],"acf":[],"_links":{"self":[{"href":"https:\/\/joycefoundation.ch\/de\/wp-json\/wp\/v2\/pages\/1583","targetHints":{"allow":["GET"]}}],"collection":[{"href":"https:\/\/joycefoundation.ch\/de\/wp-json\/wp\/v2\/pages"}],"about":[{"href":"https:\/\/joycefoundation.ch\/de\/wp-json\/wp\/v2\/types\/page"}],"author":[{"embeddable":true,"href":"https:\/\/joycefoundation.ch\/de\/wp-json\/wp\/v2\/users\/4"}],"replies":[{"embeddable":true,"href":"https:\/\/joycefoundation.ch\/de\/wp-json\/wp\/v2\/comments?post=1583"}],"version-history":[{"count":5,"href":"https:\/\/joycefoundation.ch\/de\/wp-json\/wp\/v2\/pages\/1583\/revisions"}],"predecessor-version":[{"id":3187,"href":"https:\/\/joycefoundation.ch\/de\/wp-json\/wp\/v2\/pages\/1583\/revisions\/3187"}],"up":[{"embeddable":true,"href":"https:\/\/joycefoundation.ch\/de\/wp-json\/wp\/v2\/pages\/1570"}],"wp:attachment":[{"href":"https:\/\/joycefoundation.ch\/de\/wp-json\/wp\/v2\/media?parent=1583"}],"curies":[{"name":"wp","href":"https:\/\/api.w.org\/{rel}","templated":true}]}}