{"id":1577,"date":"2025-05-02T10:43:36","date_gmt":"2025-05-02T10:43:36","guid":{"rendered":"https:\/\/joycefoundation.ch\/?page_id=1577"},"modified":"2025-06-14T18:55:47","modified_gmt":"2025-06-14T18:55:47","slug":"further-education-courses-for-teachers","status":"publish","type":"page","link":"https:\/\/joycefoundation.ch\/de\/the-foundation\/for-schools\/further-education-courses-for-teachers\/","title":{"rendered":"Weiterbildungen f\u00fcr Lehrpersonen"},"content":{"rendered":"<p>Die Zurich James Joyce Foundation bietet Kurzinputs (z.B. zweist\u00fcndige Referate) sowie Halb- oder Ganztagesformate an. Gerne empfangen wir Lehrpersonen an der Augustinergasse 9 in Z\u00fcrich. Wir bieten auf Wunsch aber auch Weiterbildungen an den betreffenden Schulen an.<\/p>\n\n\n\n<p>Die vier untenstehenden Beispiele sollen einen Eindruck von der Themenvielfalt vermitteln, die wir anbieten k\u00f6nnen.<\/p>\n\n\n\n<div class=\"wp-block-columns is-layout-flex wp-container-core-columns-is-layout-28f84493 wp-block-columns-is-layout-flex\">\n<div class=\"wp-block-column is-layout-flow wp-block-column-is-layout-flow\">\n<ul class=\"wp-block-list\">\n<li><strong>James Joyce: From Life and Works to Contexts and Impact<\/strong><ul><li>Not Too Difficult: Poems, Prose, and a Play<\/li><\/ul><ul><li>Literary and Other Adaptations: From Comics to Short Films and Songs<\/li><\/ul>\n<ul class=\"wp-block-list\">\n<li>Biofiction &amp; Biodrama: Re-Imagining the Lives of the Joyces<\/li>\n<\/ul>\n<\/li>\n<\/ul>\n\n\n\n<ul class=\"wp-block-list\">\n<li><strong>Modernism in the Classroom: Texts, History, and Themes<\/strong><ul><li>Modernism, War, and Exile: From James Joyce to Gertrude Stein<\/li><\/ul><ul><li>The Harlem Renaissance and \u2018Black Modernism\u2019<\/li><\/ul>\n<ul class=\"wp-block-list\">\n<li>Modernist Forms: Fragments and Multimedial Experiments<\/li>\n<\/ul>\n<\/li>\n<\/ul>\n<\/div>\n\n\n\n<div class=\"wp-block-column is-layout-flow wp-block-column-is-layout-flow\">\n<ul class=\"wp-block-list\">\n<li><strong>Teaching Short Story Cycles<\/strong><ul><li>\u2018Composite Novels\u2019: A Genre and Its Features<\/li><\/ul><ul><li>A Short Literary History: Medieval Precursors and Modern Contexts<\/li><\/ul>\n<ul class=\"wp-block-list\">\n<li>Key Texts: From James Joyce\u2019s <em>Dubliner<\/em> to the Present<\/li>\n<\/ul>\n<\/li>\n<\/ul>\n\n\n\n<ul class=\"wp-block-list\">\n<li><strong>Irish Literature: Teachable Texts and Historical Contexts<\/strong><ul><li>Irish Stage and Radio Plays: From Oscar Wilde to Marina Carr<\/li><\/ul><ul><li>Irish Modernism: W. B. Yeats, James Joyce, and Samuel Beckett<\/li><\/ul>\n<ul class=\"wp-block-list\">\n<li>Irish Short Stories: The Troubles, Queer History, and Refugees<\/li>\n<\/ul>\n<\/li>\n<\/ul>\n<\/div>\n<\/div>\n\n\n\n<p>Auf Anfrage k\u00f6nnen wir den Inhalt der obenstehenden Kurse anpassen oder weitere Themen vorschlagen. Es ist auch m\u00f6glich, Weiterbildungen f\u00fcr Lehrpersonen mit einem Workshop f\u00fcr Schulklassen und\/oder einer F\u00fchrung zu kombinieren,<\/p>","protected":false},"excerpt":{"rendered":"<p>The Zurich James Joyce Foundation offers shorter courses (e.g. 2-hour inputs) as well as half- or full-day formats. We love welcoming groups of teachers at Au\u00ad\u00adgustinergasse 9 in Zurich but are also happy to offer our further education courses at the school in question. The four examples below are intended to illustrate the range of [&hellip;]<\/p>\n","protected":false},"author":4,"featured_media":0,"parent":1570,"menu_order":0,"comment_status":"closed","ping_status":"closed","template":"wp-custom-template-one-column","meta":{"_acf_changed":false,"footnotes":""},"class_list":["post-1577","page","type-page","status-publish","hentry"],"acf":[],"_links":{"self":[{"href":"https:\/\/joycefoundation.ch\/de\/wp-json\/wp\/v2\/pages\/1577","targetHints":{"allow":["GET"]}}],"collection":[{"href":"https:\/\/joycefoundation.ch\/de\/wp-json\/wp\/v2\/pages"}],"about":[{"href":"https:\/\/joycefoundation.ch\/de\/wp-json\/wp\/v2\/types\/page"}],"author":[{"embeddable":true,"href":"https:\/\/joycefoundation.ch\/de\/wp-json\/wp\/v2\/users\/4"}],"replies":[{"embeddable":true,"href":"https:\/\/joycefoundation.ch\/de\/wp-json\/wp\/v2\/comments?post=1577"}],"version-history":[{"count":3,"href":"https:\/\/joycefoundation.ch\/de\/wp-json\/wp\/v2\/pages\/1577\/revisions"}],"predecessor-version":[{"id":3185,"href":"https:\/\/joycefoundation.ch\/de\/wp-json\/wp\/v2\/pages\/1577\/revisions\/3185"}],"up":[{"embeddable":true,"href":"https:\/\/joycefoundation.ch\/de\/wp-json\/wp\/v2\/pages\/1570"}],"wp:attachment":[{"href":"https:\/\/joycefoundation.ch\/de\/wp-json\/wp\/v2\/media?parent=1577"}],"curies":[{"name":"wp","href":"https:\/\/api.w.org\/{rel}","templated":true}]}}