{"id":1570,"date":"2025-05-02T10:38:56","date_gmt":"2025-05-02T10:38:56","guid":{"rendered":"https:\/\/joycefoundation.ch\/?page_id=1570"},"modified":"2025-08-30T15:32:27","modified_gmt":"2025-08-30T15:32:27","slug":"for-schools","status":"publish","type":"page","link":"https:\/\/joycefoundation.ch\/de\/the-foundation\/for-schools\/","title":{"rendered":"F\u00fcr Schulen"},"content":{"rendered":"<p>Working with teachers and pupils is a top priority for the Zurich James Joyce Foundation. Our offers for schools comprise three main formats:<\/p>\n\n\n\n<figure class=\"wp-block-image alignright size-full is-resized\"><img loading=\"lazy\" decoding=\"async\" width=\"1000\" height=\"728\" src=\"https:\/\/joycefoundation.ch\/wp-content\/uploads\/2025\/05\/Foto-Entrance-small.jpg\" alt=\"\" class=\"wp-image-1592\" style=\"width:492px;height:auto\" srcset=\"https:\/\/joycefoundation.ch\/wp-content\/uploads\/2025\/05\/Foto-Entrance-small.jpg 1000w, https:\/\/joycefoundation.ch\/wp-content\/uploads\/2025\/05\/Foto-Entrance-small-300x218.jpg 300w, https:\/\/joycefoundation.ch\/wp-content\/uploads\/2025\/05\/Foto-Entrance-small-768x559.jpg 768w, https:\/\/joycefoundation.ch\/wp-content\/uploads\/2025\/05\/Foto-Entrance-small-16x12.jpg 16w\" sizes=\"auto, (max-width: 1000px) 100vw, 1000px\" \/><figcaption class=\"wp-element-caption\">Der Eingangsbereicht der Zurich James Joyce Foundation.<\/figcaption><\/figure>\n\n\n\n<ul class=\"wp-block-list\">\n<li><a href=\"https:\/\/joycefoundation.ch\/de\/further-education-courses-for-teachers\/\" data-type=\"page\" data-id=\"1577\">Weiterbildungskurse f\u00fcr Lehrpersonen<\/a><\/li>\n\n\n\n<li><a href=\"https:\/\/joycefoundation.ch\/de\/shorter-and-longer-workshops-for-pupils\/\" data-type=\"page\" data-id=\"1580\">k\u00fcrzere und l\u00e4ngere Workshops f\u00fcr Schulklassen<\/a><\/li>\n\n\n\n<li><a href=\"https:\/\/joycefoundation.ch\/de\/guided-literary-tours-of-zurich\/\" data-type=\"page\" data-id=\"1583\">literarische F\u00fchrungen durch Z\u00fcrich<\/a><\/li>\n<\/ul>\n\n\n\n<p>Auf den Unterseiten sowie im untenstehenden PDF-Dokument finden sich weitere Angaben.<\/p>\n\n\n\n<div class=\"wp-block-file\"><a id=\"wp-block-file--media-d747023a-c705-4349-bd39-abb749288410\" href=\"https:\/\/joycefoundation.ch\/wp-content\/uploads\/2025\/05\/Zurich_James_Joyce_Foundation-Offers_for_Schools.pdf\">Zurich James Joyce Foundation: Offers for Schools (in English only; PDF)<\/a><\/div>\n\n\n\n<p><strong>Weitere Informationen<\/strong><\/p>\n\n\n\n<ul class=\"wp-block-list\">\n<li>Auf <a href=\"https:\/\/joycefoundation.ch\/de\/the-foundation\/visitors\/\" data-type=\"page\" data-id=\"283\">Information f\u00fcr Besucher:innen<\/a> finden Sie unsere Adresse, einen Lageplan, die \u00d6ffnungszeiten und weitere n\u00fctzliche Angaben.<\/li>\n\n\n\n<li>The Zurich James Joyce Foundation is housed in the Strauhof, a beautiful historic building that is, however, not wheel\u00ad\u00adc\u00ad\u00ad\u00adhair accessible. We will of course strive to accommodate any special needs (e.g. by finding a suitable location elsewhere in Zurich or by traveling to your school).<\/li>\n\n\n\n<li>Stadtf\u00fchrungen und Stiftungsbesuche k\u00f6nnen grunds\u00e4tzlich auch kurzfristig angeboten werden. Trotzdem empfehlen wir eine fr\u00fchzeitige Kontaktaufnahme. Im Fall von Workshops und Weiterbildungen empfehlen wir, dass Sie uns mindestens zwei Monate vor dem gew\u00fcnschten Durchf\u00fchrungsdatum kontaktieren.<\/li>\n<\/ul>\n\n\n\n<p><strong>Other Institutions with Offers for Schools<\/strong><\/p>\n\n\n\n<div class=\"wp-block-columns is-layout-flex wp-container-core-columns-is-layout-28f84493 wp-block-columns-is-layout-flex\">\n<div class=\"wp-block-column is-layout-flow wp-block-column-is-layout-flow\">\n<ul class=\"wp-block-list\">\n<li><a href=\"https:\/\/www.cabaretvoltaire.ch\/#node-45-en\">Cabaret Voltaire<\/a><\/li>\n\n\n\n<li><a href=\"https:\/\/www.jull.ch\/\">JULL \u2013 Junges Literaturlabor<\/a><\/li>\n<\/ul>\n<\/div>\n\n\n\n<div class=\"wp-block-column is-layout-flow wp-block-column-is-layout-flow\">\n<ul class=\"wp-block-list\">\n<li><a href=\"http:\/\/aldous huxley center visit\">Aldous Huxley Centre Zurich<\/a><\/li>\n\n\n\n<li><a href=\"https:\/\/looren.net\/en\/further-education\/schools\">\u00dcbersetzerhaus Looren<\/a><\/li>\n\n\n\n<li><a href=\"https:\/\/strauhof.ch\/\">Strauhof-Teams,<\/a><\/li>\n<\/ul>\n<\/div>\n\n\n\n<div class=\"wp-block-column is-layout-flow wp-block-column-is-layout-flow\">\n<ul class=\"wp-block-list\">\n<li><a href=\"https:\/\/www.cgjunghaus.ch\/en\/\">Haus C. G. Jung<\/a><\/li>\n\n\n\n<li><a href=\"https:\/\/kunstzeughaus.ch\/sammlung\/robinson-bibliothek\">Robinson-Bibliothek im Kunst(Zeug)Haus<\/a><\/li>\n<\/ul>\n<\/div>\n<\/div>\n\n\n\n<figure class=\"wp-block-image size-large is-resized\"><img loading=\"lazy\" decoding=\"async\" width=\"1024\" height=\"108\" src=\"https:\/\/joycefoundation.ch\/wp-content\/uploads\/2025\/08\/Alle-Logos-School-1024x108.jpg\" alt=\"\" class=\"wp-image-3555\" style=\"width:1570px;height:auto\" srcset=\"https:\/\/joycefoundation.ch\/wp-content\/uploads\/2025\/08\/Alle-Logos-School-1024x108.jpg 1024w, https:\/\/joycefoundation.ch\/wp-content\/uploads\/2025\/08\/Alle-Logos-School-300x32.jpg 300w, https:\/\/joycefoundation.ch\/wp-content\/uploads\/2025\/08\/Alle-Logos-School-768x81.jpg 768w, https:\/\/joycefoundation.ch\/wp-content\/uploads\/2025\/08\/Alle-Logos-School-1536x162.jpg 1536w, https:\/\/joycefoundation.ch\/wp-content\/uploads\/2025\/08\/Alle-Logos-School-2048x216.jpg 2048w, https:\/\/joycefoundation.ch\/wp-content\/uploads\/2025\/08\/Alle-Logos-School-18x2.jpg 18w\" sizes=\"auto, (max-width: 1024px) 100vw, 1024px\" \/><\/figure>","protected":false},"excerpt":{"rendered":"<p>Working with teachers and pupils is a top priority for the Zurich James Joyce Foundation. Our offers for schools comprise three main formats: Check the subpages above or downlad the PDF overview below: Further Information Other Institutions with Offers for Schools<\/p>","protected":false},"author":4,"featured_media":0,"parent":16,"menu_order":0,"comment_status":"closed","ping_status":"closed","template":"wp-custom-template-one-column","meta":{"_acf_changed":false,"footnotes":""},"class_list":["post-1570","page","type-page","status-publish","hentry"],"acf":[],"_links":{"self":[{"href":"https:\/\/joycefoundation.ch\/de\/wp-json\/wp\/v2\/pages\/1570","targetHints":{"allow":["GET"]}}],"collection":[{"href":"https:\/\/joycefoundation.ch\/de\/wp-json\/wp\/v2\/pages"}],"about":[{"href":"https:\/\/joycefoundation.ch\/de\/wp-json\/wp\/v2\/types\/page"}],"author":[{"embeddable":true,"href":"https:\/\/joycefoundation.ch\/de\/wp-json\/wp\/v2\/users\/4"}],"replies":[{"embeddable":true,"href":"https:\/\/joycefoundation.ch\/de\/wp-json\/wp\/v2\/comments?post=1570"}],"version-history":[{"count":18,"href":"https:\/\/joycefoundation.ch\/de\/wp-json\/wp\/v2\/pages\/1570\/revisions"}],"predecessor-version":[{"id":3557,"href":"https:\/\/joycefoundation.ch\/de\/wp-json\/wp\/v2\/pages\/1570\/revisions\/3557"}],"up":[{"embeddable":true,"href":"https:\/\/joycefoundation.ch\/de\/wp-json\/wp\/v2\/pages\/16"}],"wp:attachment":[{"href":"https:\/\/joycefoundation.ch\/de\/wp-json\/wp\/v2\/media?parent=1570"}],"curies":[{"name":"wp","href":"https:\/\/api.w.org\/{rel}","templated":true}]}}