{"id":1234,"date":"2025-04-18T14:53:25","date_gmt":"2025-04-18T14:53:25","guid":{"rendered":"https:\/\/joycefoundation.ch\/?page_id=1234"},"modified":"2025-08-16T09:34:15","modified_gmt":"2025-08-16T09:34:15","slug":"impressum","status":"publish","type":"page","link":"https:\/\/joycefoundation.ch\/de\/the-foundation\/legal-documents\/impressum\/","title":{"rendered":"Impressum"},"content":{"rendered":"<h4 class=\"wp-block-heading\">Kontakt<\/h4>\n\n\n\n<p><strong>ZURICH JAMES JOYCE FOUNDATION<\/strong><br>Augustinergasse 9<br>8001 Z\u00fcrich<br>Schweiz<\/p>\n\n\n\n<p>Email:<br><a href=\"mailto:info@Joycefoundation.ch\">info@joycefoundation.ch<\/a><\/p>\n\n\n\n<p><strong>Authorized Representatives<\/strong><br>Martin M\u00fchlheim<br>Ursula Zeller<\/p>\n\n\n\n<h4 class=\"wp-block-heading\">Commercial Register Entry (&#8220;Handelsregister-Eintrag&#8221;)<\/h4>\n\n\n\n<p><strong>Official Name<\/strong><br>Z\u00fcrcher James Joyce Stiftung \/ Zurich James Joyce Foundation<\/p>\n\n\n\n<p><strong>Registry Number (UID):<\/strong><br>CHE-107.341.170<\/p>\n\n\n\n<p><strong>VAT Number<\/strong><br>CHE-107.341.170 MWST<\/p>\n\n\n\n<h4 class=\"wp-block-heading\">Haftungsausschluss<\/h4>\n\n\n\n<p>Der Autor \u00fcbernimmt keinerlei Gew\u00e4hr hinsichtlich der inhaltlichen Richtigkeit, Genauigkeit, Aktualit\u00e4t, Zuverl\u00e4ssigkeit und Vollst\u00e4ndigkeit der Informationen.<br><br>Haftungsanspr\u00fcche gegen den Autor wegen Sch\u00e4den materieller oder immaterieller Art, welche aus dem Zugriff oder der Nutzung bzw. Nichtnutzung der ver\u00f6ffentlichten Informationen, durch Missbrauch der Verbindung oder durch technische St\u00f6rungen entstanden sind, werden ausgeschlossen.<br><br>Alle Angebote sind unverbindlich. Der Autor beh\u00e4lt es sich ausdr\u00fccklich vor, Teile der Seiten oder das gesamte Angebot ohne besondere Ank\u00fcndigung zu ver\u00e4ndern, zu erg\u00e4nzen, zu l\u00f6schen oder die Ver\u00f6ffentlichung zeitweise oder endg\u00fcltig einzustellen.<\/p>\n\n\n\n<p><strong>Haftungsausschluss f\u00fcr Links<\/strong><br>Verweise und Links auf Webseiten Dritter liegen ausserhalb unseres Verantwortungsbereichs. Es wird jegliche Verantwortung f\u00fcr solche Webseiten abgelehnt. Der Zugriff und die Nutzung solcher Webseiten erfolgen auf eigene Gefahr des jeweiligen Nutzers.<\/p>\n\n\n\n<h4 class=\"wp-block-heading\">Urheberrechte<\/h4>\n\n\n\n<p>Die Urheber- und alle anderen Rechte an Inhalten, Bildern, Fotos oder anderen Dateien auf dieser Website, geh\u00f6ren ausschliesslich&nbsp;<strong>der juristischen Person ZURICH JAMES JOYCE FOUNDATION<\/strong>&nbsp;oder den speziell genannten Rechteinhabern. F\u00fcr die Reproduktion jeglicher Elemente ist die schriftliche Zustimmung des Urheberrechtstr\u00e4gers im Voraus einzuholen.<\/p>\n\n\n\n<p>Quelle:&nbsp;<a href=\"https:\/\/www.swissanwalt.ch\/\" target=\"_blank\" rel=\"noreferrer noopener\">SwissAnwalt<\/a><\/p>","protected":false},"excerpt":{"rendered":"<p>Contact ZURICH JAMES JOYCE FOUNDATIONAugustinergasse 98001 Z\u00fcrichSchweiz Email:info@joycefoundation.ch Authorized RepresentativesMartin M\u00fchlheimUrsula Zeller Commercial Register Entry (&#8220;Handelsregister-Eintrag&#8221;) Official NameZ\u00fcrcher James Joyce Stiftung \/ Zurich James Joyce Foundation Registry Number (UID):CHE-107.341.170 VAT NumberCHE-107.341.170 MWST Haftungsausschluss Der Autor \u00fcbernimmt keinerlei Gew\u00e4hr hinsichtlich der inhaltlichen Richtigkeit, Genauigkeit, Aktualit\u00e4t, Zuverl\u00e4ssigkeit und Vollst\u00e4ndigkeit der Informationen. Haftungsanspr\u00fcche gegen den Autor wegen Sch\u00e4den [&hellip;]<\/p>\n","protected":false},"author":1,"featured_media":0,"parent":1678,"menu_order":0,"comment_status":"closed","ping_status":"closed","template":"wp-custom-template-one-column","meta":{"_acf_changed":false,"footnotes":""},"class_list":["post-1234","page","type-page","status-publish","hentry"],"acf":[],"_links":{"self":[{"href":"https:\/\/joycefoundation.ch\/de\/wp-json\/wp\/v2\/pages\/1234","targetHints":{"allow":["GET"]}}],"collection":[{"href":"https:\/\/joycefoundation.ch\/de\/wp-json\/wp\/v2\/pages"}],"about":[{"href":"https:\/\/joycefoundation.ch\/de\/wp-json\/wp\/v2\/types\/page"}],"author":[{"embeddable":true,"href":"https:\/\/joycefoundation.ch\/de\/wp-json\/wp\/v2\/users\/1"}],"replies":[{"embeddable":true,"href":"https:\/\/joycefoundation.ch\/de\/wp-json\/wp\/v2\/comments?post=1234"}],"version-history":[{"count":6,"href":"https:\/\/joycefoundation.ch\/de\/wp-json\/wp\/v2\/pages\/1234\/revisions"}],"predecessor-version":[{"id":3468,"href":"https:\/\/joycefoundation.ch\/de\/wp-json\/wp\/v2\/pages\/1234\/revisions\/3468"}],"up":[{"embeddable":true,"href":"https:\/\/joycefoundation.ch\/de\/wp-json\/wp\/v2\/pages\/1678"}],"wp:attachment":[{"href":"https:\/\/joycefoundation.ch\/de\/wp-json\/wp\/v2\/media?parent=1234"}],"curies":[{"name":"wp","href":"https:\/\/api.w.org\/{rel}","templated":true}]}}